{"id":158,"date":"2012-05-24T15:38:36","date_gmt":"2012-05-24T15:38:36","guid":{"rendered":"http:\/\/iact.ipleiria.pt\/?page_id=158"},"modified":"2017-03-15T15:58:58","modified_gmt":"2017-03-15T15:58:58","slug":"parceiros","status":"publish","type":"page","link":"https:\/\/iact.ipleiria.pt\/en\/presentation\/parceiros\/","title":{"rendered":"Partners"},"content":{"rendered":"<p><\/p>\n<p><strong>Nacionals <\/strong><br \/>\n\u2022\t<a href=\"http:\/\/www.uab.pt\/\">LEAD \u2013 Universidade Aberta<\/a><br \/>\n\u2022\t<a href=\"http:\/\/www.edean.org\/\">The European Design for All e-Accessibility Network &#8211; EDeAN<\/a><br \/>\n\u2022\t<a href=\"http:\/\/gtaedes.ul.pt\/\">Grupo de Trabalho para o Apoio a Estudantes com Defici\u00eancias no Ensino Superior &#8211; GTAEDS<\/a><br \/>\n\u2022\t<a href=\"http:\/\/www.umic.pt\/\">Ag\u00eancia para a Sociedade do Conhecimento &#8211; UMIC<\/a><br \/>\n\u2022\t<a href=\"www.inr.pt\/\">Instituto Nacional para a Reabilita\u00e7\u00e3o &#8211; INR<\/a><br \/>\n\u2022\t<a href=\"http:\/\/www.patrimoniocultural.pt\/pt\/\">Instituto dos Museus e da Conserva\u00e7\u00e3o &#8211; IMC<\/a><br \/>\n\u2022\t<a href=\"http:\/\/www.turismodeportugal.pt\">Turismo de Portugal<\/a><br \/>\n\u2022\t<a href=\"http:\/\/www.apd.org.pt\/\">Associa\u00e7\u00e3o Portuguesa de Deficientes<\/a><br \/>\n\u2022\t<a href=\"http:\/\/www.malmequeres.pt\/\">Os Malmequeres<\/a><br \/>\n\u2022\t<a href=\"http:\/\/www.appcleiria.pt\/\">Associa\u00e7\u00e3o de Paralisia Cerebral<\/a><br \/>\n\u2022\t<a href=\"http:\/\/www.cercilei.pt\">Cooperativa de Ensino e Reabilita\u00e7\u00e3o de Cidad\u00e3os Inadaptados &#8211; CERCI<\/a><br \/>\n\u2022\t<a href=\"www.acapo.pt\/\">Associa\u00e7\u00e3o dos Cegos e Ambl\u00edopes de Portugal &#8211; ACAPO<\/a><br \/>\n\u2022\t<a href=\"www.fpasurdos.pt\/\">Federa\u00e7\u00e3o Portuguesa das Associa\u00e7\u00f5es de Surdos<\/a><br \/>\n\u2022\t<a href=\"www.appdaleiria.pt\/\">Associa\u00e7\u00e3o Portuguesa para as Perturba\u00e7\u00f5es do Desenvolvimento &#8211; APPDA<\/a><\/p>\n<p><strong>Internationals <\/strong><br \/>\n\u2022\t<a href=\"www.unex.es\/\">Universidad de Extremadura, Espanha<\/a><br \/>\n\u2022\t<a href=\"http:\/\/www.upc.edu\/\">Universidad Politecnica da Catalunya, Espanha<\/a><br \/>\n\u2022\t<a href=\"http:\/\/www.transmediaresearchgroup.com\/\">TransMedia<\/a><\/p>\n<p><\/p>","protected":false},"excerpt":{"rendered":"<p>Nacionals \u2022 LEAD \u2013 Universidade Aberta \u2022 The European Design for All e-Accessibility Network &#8211; EDeAN \u2022 Grupo de Trabalho para o Apoio a Estudantes com Defici\u00eancias no Ensino Superior<\/p>\n<div class=\"more-link-container\"> [&hellip;]<\/div>\n<p> <span class=\"more-text\">[+]<\/span><\/p>\n","protected":false},"author":5,"featured_media":0,"parent":33,"menu_order":2,"comment_status":"closed","ping_status":"closed","template":"","meta":{"footnotes":""},"class_list":["post-158","page","type-page","status-publish","hentry"],"_links":{"self":[{"href":"https:\/\/iact.ipleiria.pt\/en\/wp-json\/wp\/v2\/pages\/158","targetHints":{"allow":["GET"]}}],"collection":[{"href":"https:\/\/iact.ipleiria.pt\/en\/wp-json\/wp\/v2\/pages"}],"about":[{"href":"https:\/\/iact.ipleiria.pt\/en\/wp-json\/wp\/v2\/types\/page"}],"author":[{"embeddable":true,"href":"https:\/\/iact.ipleiria.pt\/en\/wp-json\/wp\/v2\/users\/5"}],"replies":[{"embeddable":true,"href":"https:\/\/iact.ipleiria.pt\/en\/wp-json\/wp\/v2\/comments?post=158"}],"version-history":[{"count":28,"href":"https:\/\/iact.ipleiria.pt\/en\/wp-json\/wp\/v2\/pages\/158\/revisions"}],"predecessor-version":[{"id":3261,"href":"https:\/\/iact.ipleiria.pt\/en\/wp-json\/wp\/v2\/pages\/158\/revisions\/3261"}],"up":[{"embeddable":true,"href":"https:\/\/iact.ipleiria.pt\/en\/wp-json\/wp\/v2\/pages\/33"}],"wp:attachment":[{"href":"https:\/\/iact.ipleiria.pt\/en\/wp-json\/wp\/v2\/media?parent=158"}],"curies":[{"name":"wp","href":"https:\/\/api.w.org\/{rel}","templated":true}]}}