{"id":2493,"date":"2014-04-11T15:53:16","date_gmt":"2014-04-11T14:53:16","guid":{"rendered":"http:\/\/iact.ipleiria.pt\/?page_id=2493"},"modified":"2017-03-11T12:43:13","modified_gmt":"2017-03-11T12:43:13","slug":"mestrado-em-comunicacao-acessivel","status":"publish","type":"page","link":"https:\/\/iact.ipleiria.pt\/en\/formacao\/mestrado-em-comunicacao-acessivel\/","title":{"rendered":"Master accessible comunication"},"content":{"rendered":"<p><\/p>\n<div>\n<p style=\"text-align: left\"><b>\u00a0(regime de bLearning)<\/b><\/p>\n<p style=\"text-align: left\"><b>(ano letivo de 2014\/2015)<\/b><\/p>\n<p style=\"text-align: center\">\n<p style=\"text-align: center\">\n<\/div>\n<p align=\"left\">Este 2.\u00ba ciclo de estudos prop\u00f5e-se formar especialistas em comunica\u00e7\u00e3o acess\u00edvel, com vista ao desenvolvimento das compet\u00eancias te\u00f3ricas e operacionais necess\u00e1rias a uma inser\u00e7\u00e3o no mercado de trabalho nacional e internacional. A comunica\u00e7\u00e3o acess\u00edvel \u00e9 abordada atrav\u00e9s de v\u00e1rios olhares e em v\u00e1rios contextos para que se atinja uma perspetiva hol\u00edstica do fen\u00f3meno. Esta abordagem \u00e0 comunica\u00e7\u00e3o extravasa os dom\u00ednios cient\u00edficos predominantes em que este Mestrado se inscreve. Num olhar integrado, centrado no primado da comunica\u00e7\u00e3o mas visto atrav\u00e9s de outros dom\u00ednios como os das Ci\u00eancias Sociais e do Comportamento, Sa\u00fade, Servi\u00e7os Sociais, Servi\u00e7os Pessoais, Ci\u00eancias da Educa\u00e7\u00e3o, Artes, Humanidades, Engenharias e T\u00e9cnicas afins e Arquitetura e Constru\u00e7\u00e3o, entre outros, compreender-se-\u00e3o as barreiras e est\u00edmulos ambientais, sociais, estruturais e atitudinais existentes e abordar-se-\u00e3o estrat\u00e9gias de comunica\u00e7\u00e3o acess\u00edvel a todos.<\/p>\n<p align=\"left\">\n<p align=\"left\">Este Mestrado tem como objetivos espec\u00edficos de aprendizagem:<\/p>\n<ul>\n<li>Adquirir conhecimento alargado dos diferentes perfis de pessoas com necessidades espec\u00edficas;<\/li>\n<li>Dominar as principais teorias da comunica\u00e7\u00e3o, media\u00e7\u00e3o e acessibilidade;<\/li>\n<li>Obter um conhecimento profundo e sistematizado de t\u00e9cnicas de produ\u00e7\u00e3o e de rece\u00e7\u00e3o de comunica\u00e7\u00e3o mediada;<\/li>\n<li>Conhecer as principais ferramentas existentes para a cria\u00e7\u00e3o, oferta e rece\u00e7\u00e3o de servi\u00e7os de comunica\u00e7\u00e3o acess\u00edvel;<\/li>\n<li>Dominar as principais t\u00e9cnicas de cria\u00e7\u00e3o\/produ\u00e7\u00e3o de conte\u00fados\/produtos acess\u00edveis;<\/li>\n<li>Conhecer as especificidades dos diversos contextos em que se requerem servi\u00e7os de media\u00e7\u00e3o e de acessibilidade especializados;<\/li>\n<li>Despertar uma consci\u00eancia das limita\u00e7\u00f5es e desafios que adv\u00eam do trabalho com p\u00fablicos com necessidades espec\u00edficas;<\/li>\n<li>Desenvolver uma sensibilidade para as exig\u00eancias impostas a todos os agentes envolvidos na cria\u00e7\u00e3o de condi\u00e7\u00f5es de acesso em diferentes contextos socioculturais;<\/li>\n<li>Obter um conhecimento gen\u00e9rico sobre as din\u00e2micas do mercado de servi\u00e7os de comunica\u00e7\u00e3o acess\u00edvel.<\/li>\n<\/ul>\n<p><strong>Coordenador de Curso<\/strong> Prof.\u00aa Doutora Jos\u00e9lia Neves \u2013<a title=\"joselia neves email\" href=\" joselia.neves@ipleiria.pt\" target=\"_blank\"> joselia.neves@ipleiria.pt<\/a> \u00a0 <strong>Inscri\u00e7\u00f5es abertas para o ano letivo 2014-2015<\/strong>\u00a0em <a title=\"MCA candidaturas 2014-15\" href=\"http:\/\/cursos.ipleiria.pt\/Mestrados\/Pages\/mostrarConteudo.aspx?cid=2078#.U0gEyPldWSE\" target=\"_blank\">http:\/\/cursos.ipleiria.pt\/Mestrados\/Pages\/mostrarConteudo.aspx?cid=2078#.U0gEyPldWSE\u00a0<\/a><\/p>\n<p><\/p>","protected":false},"excerpt":{"rendered":"<p>\u00a0(regime de bLearning) (ano letivo de 2014\/2015) Este 2.\u00ba ciclo de estudos prop\u00f5e-se formar especialistas em comunica\u00e7\u00e3o acess\u00edvel, com vista ao desenvolvimento das compet\u00eancias te\u00f3ricas e operacionais necess\u00e1rias a uma<\/p>\n<div class=\"more-link-container\"> [&hellip;]<\/div>\n<p> <span class=\"more-text\">[+]<\/span><\/p>\n","protected":false},"author":91,"featured_media":0,"parent":1711,"menu_order":0,"comment_status":"closed","ping_status":"closed","template":"","meta":{"footnotes":""},"class_list":["post-2493","page","type-page","status-publish","hentry"],"_links":{"self":[{"href":"https:\/\/iact.ipleiria.pt\/en\/wp-json\/wp\/v2\/pages\/2493","targetHints":{"allow":["GET"]}}],"collection":[{"href":"https:\/\/iact.ipleiria.pt\/en\/wp-json\/wp\/v2\/pages"}],"about":[{"href":"https:\/\/iact.ipleiria.pt\/en\/wp-json\/wp\/v2\/types\/page"}],"author":[{"embeddable":true,"href":"https:\/\/iact.ipleiria.pt\/en\/wp-json\/wp\/v2\/users\/91"}],"replies":[{"embeddable":true,"href":"https:\/\/iact.ipleiria.pt\/en\/wp-json\/wp\/v2\/comments?post=2493"}],"version-history":[{"count":20,"href":"https:\/\/iact.ipleiria.pt\/en\/wp-json\/wp\/v2\/pages\/2493\/revisions"}],"predecessor-version":[{"id":3255,"href":"https:\/\/iact.ipleiria.pt\/en\/wp-json\/wp\/v2\/pages\/2493\/revisions\/3255"}],"up":[{"embeddable":true,"href":"https:\/\/iact.ipleiria.pt\/en\/wp-json\/wp\/v2\/pages\/1711"}],"wp:attachment":[{"href":"https:\/\/iact.ipleiria.pt\/en\/wp-json\/wp\/v2\/media?parent=2493"}],"curies":[{"name":"wp","href":"https:\/\/api.w.org\/{rel}","templated":true}]}}