{"id":2546,"date":"2014-10-27T14:41:05","date_gmt":"2014-10-27T14:41:05","guid":{"rendered":"http:\/\/iact.ipleiria.pt\/?page_id=2546"},"modified":"2014-10-27T14:51:22","modified_gmt":"2014-10-27T14:51:22","slug":"aula-aberta-%e2%80%90-domotica-e-robotica-no-apoio-a-pessoa-com-incapacidade","status":"publish","type":"page","link":"https:\/\/iact.ipleiria.pt\/en\/formacao\/seminarios-e-aulas-abertas\/aula-aberta-%e2%80%90-domotica-e-robotica-no-apoio-a-pessoa-com-incapacidade\/","title":{"rendered":"(Portugu\u00eas) Aula Aberta \u2010 Dom\u00f3tica e Rob\u00f3tica no apoio \u00e0 pessoa com incapacidade"},"content":{"rendered":"<p><a href=\"http:\/\/iact.ipleiria.pt\/files\/2014\/10\/t\u00edtulo.jpg\"><img loading=\"lazy\" decoding=\"async\" src=\"http:\/\/iact.ipleiria.pt\/files\/2014\/10\/t\u00edtulo-300x400.jpg\" alt=\"Aula Aberta Dom\u00f3tica\" width=\"300\" height=\"400\" class=\"alignnone size-medium wp-image-2555\" srcset=\"https:\/\/iact.ipleiria.pt\/files\/2014\/10\/t\u00edtulo-300x400.jpg 300w, https:\/\/iact.ipleiria.pt\/files\/2014\/10\/t\u00edtulo-150x200.jpg 150w, https:\/\/iact.ipleiria.pt\/files\/2014\/10\/t\u00edtulo-74x100.jpg 74w, https:\/\/iact.ipleiria.pt\/files\/2014\/10\/t\u00edtulo-134x180.jpg 134w, https:\/\/iact.ipleiria.pt\/files\/2014\/10\/t\u00edtulo.jpg 407w\" sizes=\"auto, (max-width: 300px) 100vw, 300px\" \/><\/a><a href=\"http:\/\/iact.ipleiria.pt\/files\/2014\/10\/Poster-Rui-Ribeiro.pdf\">Poster Rui Ribeiro<\/a><a href=\"http:\/\/iact.ipleiria.pt\/files\/2014\/10\/Magic-t\u00edtulo1.jpg\"><img loading=\"lazy\" decoding=\"async\" src=\"http:\/\/iact.ipleiria.pt\/files\/2014\/10\/Magic-t\u00edtulo1-300x398.jpg\" alt=\"Magic t\u00edtulo\" width=\"300\" height=\"398\" class=\"alignnone size-medium wp-image-2548\" \/><\/a><\/p>","protected":false},"excerpt":{"rendered":"<p>Poster Rui Ribeiro <span class=\"more-text\">[+]<\/span><\/p>\n","protected":false},"author":77,"featured_media":0,"parent":2527,"menu_order":0,"comment_status":"closed","ping_status":"closed","template":"","meta":{"footnotes":""},"class_list":["post-2546","page","type-page","status-publish","hentry"],"_links":{"self":[{"href":"https:\/\/iact.ipleiria.pt\/en\/wp-json\/wp\/v2\/pages\/2546","targetHints":{"allow":["GET"]}}],"collection":[{"href":"https:\/\/iact.ipleiria.pt\/en\/wp-json\/wp\/v2\/pages"}],"about":[{"href":"https:\/\/iact.ipleiria.pt\/en\/wp-json\/wp\/v2\/types\/page"}],"author":[{"embeddable":true,"href":"https:\/\/iact.ipleiria.pt\/en\/wp-json\/wp\/v2\/users\/77"}],"replies":[{"embeddable":true,"href":"https:\/\/iact.ipleiria.pt\/en\/wp-json\/wp\/v2\/comments?post=2546"}],"version-history":[{"count":7,"href":"https:\/\/iact.ipleiria.pt\/en\/wp-json\/wp\/v2\/pages\/2546\/revisions"}],"predecessor-version":[{"id":2557,"href":"https:\/\/iact.ipleiria.pt\/en\/wp-json\/wp\/v2\/pages\/2546\/revisions\/2557"}],"up":[{"embeddable":true,"href":"https:\/\/iact.ipleiria.pt\/en\/wp-json\/wp\/v2\/pages\/2527"}],"wp:attachment":[{"href":"https:\/\/iact.ipleiria.pt\/en\/wp-json\/wp\/v2\/media?parent=2546"}],"curies":[{"name":"wp","href":"https:\/\/api.w.org\/{rel}","templated":true}]}}