{"id":2582,"date":"2014-11-03T12:58:52","date_gmt":"2014-11-03T12:58:52","guid":{"rendered":"http:\/\/iact.ipleiria.pt\/?page_id=2582"},"modified":"2014-11-03T18:20:55","modified_gmt":"2014-11-03T18:20:55","slug":"2011-2","status":"publish","type":"page","link":"https:\/\/iact.ipleiria.pt\/en\/publicacoes\/2011-2\/","title":{"rendered":"2011"},"content":{"rendered":"<p><strong>Francisco, M. <\/strong>&amp; <strong>N. Sousa<\/strong>. 2011. Guia para produ\u00e7\u00e3o de conte\u00fados digitais acess\u00edveis. Edi\u00e7\u00e3o EU4ALL.<br \/>\n<strong>Francisco, M.<\/strong> &amp; Ant\u00f3nio Q,-M. (2011). \u201cFormar para a Inclus\u00e3o: Um Curso Online de Introdu\u00e7\u00e3o \u00e0 Acessibilidade em Ambientes Virtuais\u201d. SEMIME &#8211; V Semin\u00e1rio &#8220;Exclus\u00e3o Digital na Sociedade de Informa\u00e7\u00e3o&#8221;, FMH. Lisboa, 28-29 de Janeiro 2011.<br \/>\n<strong>Martins, A.<\/strong>;<strong> Coelho, R.<\/strong> (2011). \u201cInterven\u00e7\u00e3o do terapeuta da fala com alunos gestualistas com primeira l\u00edngua a L\u00edngua Gestual Portuguesa. III Simp\u00f3sio de Terapia da fala \u2013 Terapia da Fala em Expans\u00e3o: Novos Contextos. Instituto Polit\u00e9cnico de Leiria.<br \/>\n<strong>Martins, A. <\/strong>(2011). \u201cO rastreio de perturba\u00e7\u00f5es do processamento auditivo central pelo Terapeuta da Fala\u201d. Comemora\u00e7\u00f5es do Dia Europeu da Terapia da fala \u2013 Desafios \u00e0 Audi\u00e7\u00e3o num Mundo de Ru\u00eddos. Escola Superior de Sa\u00fade \u2013 Instituto Polit\u00e9cnico de Set\u00fabal<br \/>\n<strong>Martins, A.<\/strong> (2011). \u201cRastreio do processamento auditivo central pelo Terapeuta da Fala\u201d. Departamento de Eletr\u00f3nica, Telecomunica\u00e7\u00f5es e Inform\u00e1tica. Departamento de L\u00ednguas e Cultura. Sec\u00e7\u00e3o Aut\u00f3noma de Ci\u00eancias de Sa\u00fade da Universidade de Aveiro. Disserta\u00e7\u00e3o apresentada \u00e0 Universidade de Aveiro para cumprimento dos requisitos necess\u00e1rios \u00e0 obten\u00e7\u00e3o do grau de Mestre em Ci\u00eancias da Fala. [dispon\u00edvel em https:\/\/ria.ua.pt\/handle\/10773].<br \/>\n<strong>Neves, J.<\/strong> 2011. \u201cMusic to my eyes\u2026 Conveying music in Subtitling for the Deaf and the hard of hearing\u201d. In Bogucki, \u0141ukasz &amp; Krzysztof Kredens (eds). Perspectives in Audiovisual Translation. Frankfort am Main: Peter Lang GmbH 2010.<br \/>\n<strong>Neves, J.<\/strong> 2011. Imagens que se Ouvem. Guia de Audiodescri\u00e7\u00e3o. Instituto Polit\u00e9cnico de Leiria.<br \/>\n<strong>Neves, J.<\/strong> (2011). Museu da Comunidade Concelhia da Batalha. Informa\u00e7\u00e3o ICOM.PT. s\u00e9rie II n\u00ba13. Jun-Ago (2011). Pp.14-18 [Dispon\u00edvel em: http:\/\/www.icom-portugal.org\/multimedia\/info%20II-13_jun-ago11.pdf] (revista de divulga\u00e7\u00e3o cultural).<br \/>\n<strong>Neves, J.<\/strong> (2011). Imagem(ns) da(s) Pessoa(s) com Defici\u00eancia nos Media. Comunica\u00e7\u00e3o apresentada no Col\u00f3quio Media e Defici\u00eancia, Lisboa, Universidade Lus\u00f3fona, 28 Setembro de 2011. [dispon\u00edvel em: http:\/\/www.mediaedeficiencia.com\/comunicacoes].<br \/>\n<strong>Rego, B.<\/strong> 2011. \u201cO idealismo do com\u00e9rcio online na terceira idade: A conceptualiza\u00e7\u00e3o da interface\u201c. In Palacios, A., Serra, P. (Org.) Pragm\u00e1tica: Comunica\u00e7\u00e3o Publicit\u00e1ria e Marketing. Covilh\u00e3: UBI, Livros LabCom. [dispon\u00edvel em: http:\/\/www.livroslabcom.ubi.pt\/pdfs\/20110701-annamaria_serra_pragmatica.pdf]<br \/>\nReis, C. I., <strong>Freire, C. S.<\/strong>, Fern\u00e1ndez, J. &amp; Monguet, J. M. (2011) Patient Centered Design: Challenges and Lessons Learned from Working with Health Professionals and Schizophrenic Patients in e-Therapy Contexts. HCist \u2013 International Workshop on Health and Social Care Information Systems and Technologies. Algarve, Centeris 2011 Conference on Enterprise Information Systems<br \/>\n<strong>Sousa, C. <\/strong>2011. Cap. 6.\u201dA Comunica\u00e7\u00e3o Aumentativa e as Tecnologias de Apoio.\u201d In: A acessibilidade de Recursos Educativos Digitais caderno 6 SACAUSEF.Lisboa: Edi\u00e7\u00e3o Minist\u00e9rio da Educa\u00e7\u00e3o e Ci\u00eancia. pp.51-63.<\/p>","protected":false},"excerpt":{"rendered":"<p>Francisco, M. &amp; N. Sousa. 2011. Guia para produ\u00e7\u00e3o de conte\u00fados digitais acess\u00edveis. Edi\u00e7\u00e3o EU4ALL. Francisco, M. &amp; Ant\u00f3nio Q,-M. (2011). \u201cFormar para a Inclus\u00e3o: Um Curso Online de Introdu\u00e7\u00e3o<\/p>\n<div class=\"more-link-container\"> [&hellip;]<\/div>\n<p> <span class=\"more-text\">[+]<\/span><\/p>\n","protected":false},"author":77,"featured_media":0,"parent":1752,"menu_order":0,"comment_status":"closed","ping_status":"closed","template":"","meta":{"footnotes":""},"class_list":["post-2582","page","type-page","status-publish","hentry"],"_links":{"self":[{"href":"https:\/\/iact.ipleiria.pt\/en\/wp-json\/wp\/v2\/pages\/2582","targetHints":{"allow":["GET"]}}],"collection":[{"href":"https:\/\/iact.ipleiria.pt\/en\/wp-json\/wp\/v2\/pages"}],"about":[{"href":"https:\/\/iact.ipleiria.pt\/en\/wp-json\/wp\/v2\/types\/page"}],"author":[{"embeddable":true,"href":"https:\/\/iact.ipleiria.pt\/en\/wp-json\/wp\/v2\/users\/77"}],"replies":[{"embeddable":true,"href":"https:\/\/iact.ipleiria.pt\/en\/wp-json\/wp\/v2\/comments?post=2582"}],"version-history":[{"count":5,"href":"https:\/\/iact.ipleiria.pt\/en\/wp-json\/wp\/v2\/pages\/2582\/revisions"}],"predecessor-version":[{"id":2634,"href":"https:\/\/iact.ipleiria.pt\/en\/wp-json\/wp\/v2\/pages\/2582\/revisions\/2634"}],"up":[{"embeddable":true,"href":"https:\/\/iact.ipleiria.pt\/en\/wp-json\/wp\/v2\/pages\/1752"}],"wp:attachment":[{"href":"https:\/\/iact.ipleiria.pt\/en\/wp-json\/wp\/v2\/media?parent=2582"}],"curies":[{"name":"wp","href":"https:\/\/api.w.org\/{rel}","templated":true}]}}