{"id":2590,"date":"2014-11-03T13:03:03","date_gmt":"2014-11-03T13:03:03","guid":{"rendered":"http:\/\/iact.ipleiria.pt\/?page_id=2590"},"modified":"2014-12-11T10:36:35","modified_gmt":"2014-12-11T10:36:35","slug":"2013-2","status":"publish","type":"page","link":"https:\/\/iact.ipleiria.pt\/en\/publicacoes\/2013-2\/","title":{"rendered":"2013"},"content":{"rendered":"<p><\/p>\n<p><p>Almeida, A.; Mota, L.; Coelho, S. &amp; <strong>Mangas, C.<\/strong> (2013). O reconto como estrat\u00e9gia para a an\u00e1lise do desenvolvimento lingu\u00edstico infantil de crian\u00e7as em idade pr\u00e9-escolar: estudo explorat\u00f3rio. In Cadima, R.; Pinto, H.; Menino, H. &amp; Dias, I. (Orgs.), II Confer\u00eancia Internacional \u2013 Investiga\u00e7\u00e3o, Pr\u00e1ticas e Contextos em Educa\u00e7\u00e3o \u2013 Livro de Atas (pp. 123-131). Leiria: Escola Superior de Educa\u00e7\u00e3o e Ci\u00eancias Sociais \u2013 Instituto Polit\u00e9cnico de Leiria. [Dispon\u00edvel em: http:\/\/issuu.com\/leonelbrites\/docs\/ipce2013\/1?e=1077822\/2804318]<br \/>\n<strong>Freire, C.<\/strong>, Reis, C., Monguet, J., Fernandez, J. (2013). Schizophrenic Patients\u2019 Expectations Facing Technology in a Cognitive Rehabilitation Therapy Environment. International Journal of Llife and Medical Research, V3 (3):122-128.<br \/>\nReis, C. I., <strong>Freire, C. S.<\/strong>, Fernandez, J. &amp; Monguet, J. M. (2013) Patient Centered Design: Challenges and Lessons Learned from Working with Health Professionals and Schizophrenic Patients in e-Therapy Contexts. In Martinho, R., Rijo, R., Cruz-Cunha, M. M., Varaj\u00e3o, J. E. (Eds.), Information systems and technologies for enhancing health and social care (pp. 120-135). USA: Medical Information Science Reference, IGI Global.<\/p>\n<\/p>\n<p><\/p>","protected":false},"excerpt":{"rendered":"<p>Almeida, A.; Mota, L.; Coelho, S. &amp; Mangas, C. (2013). O reconto como estrat\u00e9gia para a an\u00e1lise do desenvolvimento lingu\u00edstico infantil de crian\u00e7as em idade pr\u00e9-escolar: estudo explorat\u00f3rio. In Cadima,<\/p>\n<div class=\"more-link-container\"> [&hellip;]<\/div>\n<p> <span class=\"more-text\">[+]<\/span><\/p>\n","protected":false},"author":77,"featured_media":0,"parent":1752,"menu_order":0,"comment_status":"closed","ping_status":"closed","template":"","meta":{"footnotes":""},"class_list":["post-2590","page","type-page","status-publish","hentry"],"_links":{"self":[{"href":"https:\/\/iact.ipleiria.pt\/en\/wp-json\/wp\/v2\/pages\/2590","targetHints":{"allow":["GET"]}}],"collection":[{"href":"https:\/\/iact.ipleiria.pt\/en\/wp-json\/wp\/v2\/pages"}],"about":[{"href":"https:\/\/iact.ipleiria.pt\/en\/wp-json\/wp\/v2\/types\/page"}],"author":[{"embeddable":true,"href":"https:\/\/iact.ipleiria.pt\/en\/wp-json\/wp\/v2\/users\/77"}],"replies":[{"embeddable":true,"href":"https:\/\/iact.ipleiria.pt\/en\/wp-json\/wp\/v2\/comments?post=2590"}],"version-history":[{"count":5,"href":"https:\/\/iact.ipleiria.pt\/en\/wp-json\/wp\/v2\/pages\/2590\/revisions"}],"predecessor-version":[{"id":2697,"href":"https:\/\/iact.ipleiria.pt\/en\/wp-json\/wp\/v2\/pages\/2590\/revisions\/2697"}],"up":[{"embeddable":true,"href":"https:\/\/iact.ipleiria.pt\/en\/wp-json\/wp\/v2\/pages\/1752"}],"wp:attachment":[{"href":"https:\/\/iact.ipleiria.pt\/en\/wp-json\/wp\/v2\/media?parent=2590"}],"curies":[{"name":"wp","href":"https:\/\/api.w.org\/{rel}","templated":true}]}}