{"id":2686,"date":"2014-11-28T15:53:44","date_gmt":"2014-11-28T15:53:44","guid":{"rendered":"http:\/\/iact.ipleiria.pt\/?page_id=2686"},"modified":"2015-01-09T12:43:41","modified_gmt":"2015-01-09T12:43:41","slug":"seminario-seguranca-rodoviaria-vs-pessoas-vulneraveis","status":"publish","type":"page","link":"https:\/\/iact.ipleiria.pt\/en\/formacao\/seminarios-e-aulas-abertas\/seminario-seguranca-rodoviaria-vs-pessoas-vulneraveis\/","title":{"rendered":"(Portugu\u00eas) Semin\u00e1rio &#8211; Seguran\u00e7a Rodovi\u00e1ria vs. Pessoas Vulner\u00e1veis"},"content":{"rendered":"<p><\/p>\n<p><p><a href=\"http:\/\/iact.ipleiria.pt\/files\/2014\/11\/Cartaz_com_Acessivel_01.jpg\"><img loading=\"lazy\" decoding=\"async\" src=\"http:\/\/iact.ipleiria.pt\/files\/2014\/11\/Cartaz_com_Acessivel_01-300x424.jpg\" alt=\"Cartaz_com_Acessivel_01\" width=\"300\" height=\"424\" class=\"alignnone size-medium wp-image-2683\" srcset=\"https:\/\/iact.ipleiria.pt\/files\/2014\/11\/Cartaz_com_Acessivel_01-300x424.jpg 300w, https:\/\/iact.ipleiria.pt\/files\/2014\/11\/Cartaz_com_Acessivel_01-150x212.jpg 150w, https:\/\/iact.ipleiria.pt\/files\/2014\/11\/Cartaz_com_Acessivel_01-680x961.jpg 680w, https:\/\/iact.ipleiria.pt\/files\/2014\/11\/Cartaz_com_Acessivel_01-70x100.jpg 70w, https:\/\/iact.ipleiria.pt\/files\/2014\/11\/Cartaz_com_Acessivel_01-127x180.jpg 127w, https:\/\/iact.ipleiria.pt\/files\/2014\/11\/Cartaz_com_Acessivel_01.jpg 1240w\" sizes=\"auto, (max-width: 300px) 100vw, 300px\" \/><\/a><\/p>\n<p><a href=\"http:\/\/iact.ipleiria.pt\/files\/2014\/11\/Cartaz_com_Acessivel_01.jpg\"><img loading=\"lazy\" decoding=\"async\" src=\"http:\/\/iact.ipleiria.pt\/files\/2014\/11\/Cartaz_com_Acessivel_01-680x961.jpg\" alt=\"Cartaz_com_Acessivel_01\" width=\"680\" height=\"961\" class=\"alignnone size-large wp-image-2683\" srcset=\"https:\/\/iact.ipleiria.pt\/files\/2014\/11\/Cartaz_com_Acessivel_01-680x961.jpg 680w, https:\/\/iact.ipleiria.pt\/files\/2014\/11\/Cartaz_com_Acessivel_01-150x212.jpg 150w, https:\/\/iact.ipleiria.pt\/files\/2014\/11\/Cartaz_com_Acessivel_01-300x424.jpg 300w, https:\/\/iact.ipleiria.pt\/files\/2014\/11\/Cartaz_com_Acessivel_01-70x100.jpg 70w, https:\/\/iact.ipleiria.pt\/files\/2014\/11\/Cartaz_com_Acessivel_01-127x180.jpg 127w, https:\/\/iact.ipleiria.pt\/files\/2014\/11\/Cartaz_com_Acessivel_01.jpg 1240w\" sizes=\"auto, (max-width: 680px) 100vw, 680px\" \/><\/a><\/p>\n<p><a href=\"http:\/\/iact.ipleiria.pt\/files\/2014\/11\/Cartaz_com_Acessivel_01.jpg\"><img loading=\"lazy\" decoding=\"async\" src=\"http:\/\/iact.ipleiria.pt\/files\/2014\/11\/Cartaz_com_Acessivel_01-150x212.jpg\" alt=\"Cartaz_com_Acessivel_01\" width=\"150\" height=\"212\" class=\"alignnone size-thumbnail wp-image-2683\" srcset=\"https:\/\/iact.ipleiria.pt\/files\/2014\/11\/Cartaz_com_Acessivel_01-150x212.jpg 150w, https:\/\/iact.ipleiria.pt\/files\/2014\/11\/Cartaz_com_Acessivel_01-300x424.jpg 300w, https:\/\/iact.ipleiria.pt\/files\/2014\/11\/Cartaz_com_Acessivel_01-680x961.jpg 680w, https:\/\/iact.ipleiria.pt\/files\/2014\/11\/Cartaz_com_Acessivel_01-70x100.jpg 70w, https:\/\/iact.ipleiria.pt\/files\/2014\/11\/Cartaz_com_Acessivel_01-127x180.jpg 127w, https:\/\/iact.ipleiria.pt\/files\/2014\/11\/Cartaz_com_Acessivel_01.jpg 1240w\" sizes=\"auto, (max-width: 150px) 100vw, 150px\" \/><\/a><\/p>\n<\/p>\n<p><a href=\"http:\/\/iact.ipleiria.pt\/files\/2014\/11\/Cartaz_com_Acessivel_01.jpg\"><img loading=\"lazy\" decoding=\"async\" src=\"http:\/\/iact.ipleiria.pt\/files\/2014\/11\/Cartaz_com_Acessivel_01-300x424.jpg\" alt=\"Cartaz_com_Acessivel_01\" width=\"300\" height=\"424\" class=\"alignnone size-medium wp-image-2683\" srcset=\"https:\/\/iact.ipleiria.pt\/files\/2014\/11\/Cartaz_com_Acessivel_01-300x424.jpg 300w, https:\/\/iact.ipleiria.pt\/files\/2014\/11\/Cartaz_com_Acessivel_01-150x212.jpg 150w, https:\/\/iact.ipleiria.pt\/files\/2014\/11\/Cartaz_com_Acessivel_01-680x961.jpg 680w, https:\/\/iact.ipleiria.pt\/files\/2014\/11\/Cartaz_com_Acessivel_01-70x100.jpg 70w, https:\/\/iact.ipleiria.pt\/files\/2014\/11\/Cartaz_com_Acessivel_01-127x180.jpg 127w, https:\/\/iact.ipleiria.pt\/files\/2014\/11\/Cartaz_com_Acessivel_01.jpg 1240w\" sizes=\"auto, (max-width: 300px) 100vw, 300px\" \/><\/a><\/p>\n<p><\/p>","protected":false},"excerpt":{"rendered":"<p> <span class=\"more-text\">[+]<\/span><\/p>\n","protected":false},"author":77,"featured_media":0,"parent":2527,"menu_order":0,"comment_status":"closed","ping_status":"closed","template":"","meta":{"footnotes":""},"class_list":["post-2686","page","type-page","status-publish","hentry"],"_links":{"self":[{"href":"https:\/\/iact.ipleiria.pt\/en\/wp-json\/wp\/v2\/pages\/2686","targetHints":{"allow":["GET"]}}],"collection":[{"href":"https:\/\/iact.ipleiria.pt\/en\/wp-json\/wp\/v2\/pages"}],"about":[{"href":"https:\/\/iact.ipleiria.pt\/en\/wp-json\/wp\/v2\/types\/page"}],"author":[{"embeddable":true,"href":"https:\/\/iact.ipleiria.pt\/en\/wp-json\/wp\/v2\/users\/77"}],"replies":[{"embeddable":true,"href":"https:\/\/iact.ipleiria.pt\/en\/wp-json\/wp\/v2\/comments?post=2686"}],"version-history":[{"count":6,"href":"https:\/\/iact.ipleiria.pt\/en\/wp-json\/wp\/v2\/pages\/2686\/revisions"}],"predecessor-version":[{"id":2745,"href":"https:\/\/iact.ipleiria.pt\/en\/wp-json\/wp\/v2\/pages\/2686\/revisions\/2745"}],"up":[{"embeddable":true,"href":"https:\/\/iact.ipleiria.pt\/en\/wp-json\/wp\/v2\/pages\/2527"}],"wp:attachment":[{"href":"https:\/\/iact.ipleiria.pt\/en\/wp-json\/wp\/v2\/media?parent=2686"}],"curies":[{"name":"wp","href":"https:\/\/api.w.org\/{rel}","templated":true}]}}