{"id":2700,"date":"2014-12-16T14:14:09","date_gmt":"2014-12-16T14:14:09","guid":{"rendered":"http:\/\/iact.ipleiria.pt\/?page_id=2700"},"modified":"2015-01-09T12:28:41","modified_gmt":"2015-01-09T12:28:41","slug":"a-lingua-gestual-portuguesa-como-segunda-lingua","status":"publish","type":"page","link":"https:\/\/iact.ipleiria.pt\/en\/formacao\/seminarios-e-aulas-abertas\/a-lingua-gestual-portuguesa-como-segunda-lingua\/","title":{"rendered":"(Portugu\u00eas) Semin\u00e1rio &#8211; A L\u00edngua Gestual Portuguesa como Segunda L\u00edngua"},"content":{"rendered":"<p><\/p>\n<p><p><a href=\"http:\/\/iact.ipleiria.pt\/files\/2014\/12\/Cartaz_com_Acessivel_03.jpg\"><img loading=\"lazy\" decoding=\"async\" src=\"http:\/\/iact.ipleiria.pt\/files\/2014\/12\/Cartaz_com_Acessivel_03-300x424.jpg\" alt=\"Cartaz_com_Acessivel_03\" width=\"300\" height=\"424\" class=\"alignnone size-medium wp-image-2701\" srcset=\"https:\/\/iact.ipleiria.pt\/files\/2014\/12\/Cartaz_com_Acessivel_03-300x424.jpg 300w, https:\/\/iact.ipleiria.pt\/files\/2014\/12\/Cartaz_com_Acessivel_03-150x212.jpg 150w, https:\/\/iact.ipleiria.pt\/files\/2014\/12\/Cartaz_com_Acessivel_03-680x961.jpg 680w, https:\/\/iact.ipleiria.pt\/files\/2014\/12\/Cartaz_com_Acessivel_03-70x100.jpg 70w, https:\/\/iact.ipleiria.pt\/files\/2014\/12\/Cartaz_com_Acessivel_03-127x180.jpg 127w, https:\/\/iact.ipleiria.pt\/files\/2014\/12\/Cartaz_com_Acessivel_03.jpg 1240w\" sizes=\"auto, (max-width: 300px) 100vw, 300px\" \/><\/a><\/p>\n<p><a href=\"http:\/\/iact.ipleiria.pt\/files\/2014\/12\/Cartaz_com_Acessivel_03.jpg\"><img loading=\"lazy\" decoding=\"async\" src=\"http:\/\/iact.ipleiria.pt\/files\/2014\/12\/Cartaz_com_Acessivel_03-300x424.jpg\" alt=\"Cartaz_com_Acessivel_03\" width=\"300\" height=\"424\" class=\"alignnone size-medium wp-image-2701\" srcset=\"https:\/\/iact.ipleiria.pt\/files\/2014\/12\/Cartaz_com_Acessivel_03-300x424.jpg 300w, https:\/\/iact.ipleiria.pt\/files\/2014\/12\/Cartaz_com_Acessivel_03-150x212.jpg 150w, https:\/\/iact.ipleiria.pt\/files\/2014\/12\/Cartaz_com_Acessivel_03-680x961.jpg 680w, https:\/\/iact.ipleiria.pt\/files\/2014\/12\/Cartaz_com_Acessivel_03-70x100.jpg 70w, https:\/\/iact.ipleiria.pt\/files\/2014\/12\/Cartaz_com_Acessivel_03-127x180.jpg 127w, https:\/\/iact.ipleiria.pt\/files\/2014\/12\/Cartaz_com_Acessivel_03.jpg 1240w\" sizes=\"auto, (max-width: 300px) 100vw, 300px\" \/><\/a><\/p>\n<\/p>\n<p><\/p>","protected":false},"excerpt":{"rendered":"<p> <span class=\"more-text\">[+]<\/span><\/p>\n","protected":false},"author":77,"featured_media":0,"parent":2527,"menu_order":0,"comment_status":"closed","ping_status":"closed","template":"","meta":{"footnotes":""},"class_list":["post-2700","page","type-page","status-publish","hentry"],"_links":{"self":[{"href":"https:\/\/iact.ipleiria.pt\/en\/wp-json\/wp\/v2\/pages\/2700","targetHints":{"allow":["GET"]}}],"collection":[{"href":"https:\/\/iact.ipleiria.pt\/en\/wp-json\/wp\/v2\/pages"}],"about":[{"href":"https:\/\/iact.ipleiria.pt\/en\/wp-json\/wp\/v2\/types\/page"}],"author":[{"embeddable":true,"href":"https:\/\/iact.ipleiria.pt\/en\/wp-json\/wp\/v2\/users\/77"}],"replies":[{"embeddable":true,"href":"https:\/\/iact.ipleiria.pt\/en\/wp-json\/wp\/v2\/comments?post=2700"}],"version-history":[{"count":6,"href":"https:\/\/iact.ipleiria.pt\/en\/wp-json\/wp\/v2\/pages\/2700\/revisions"}],"predecessor-version":[{"id":2729,"href":"https:\/\/iact.ipleiria.pt\/en\/wp-json\/wp\/v2\/pages\/2700\/revisions\/2729"}],"up":[{"embeddable":true,"href":"https:\/\/iact.ipleiria.pt\/en\/wp-json\/wp\/v2\/pages\/2527"}],"wp:attachment":[{"href":"https:\/\/iact.ipleiria.pt\/en\/wp-json\/wp\/v2\/media?parent=2700"}],"curies":[{"name":"wp","href":"https:\/\/api.w.org\/{rel}","templated":true}]}}