{"id":2708,"date":"2014-12-16T14:27:08","date_gmt":"2014-12-16T14:27:08","guid":{"rendered":"http:\/\/iact.ipleiria.pt\/?page_id=2708"},"modified":"2015-01-09T12:28:16","modified_gmt":"2015-01-09T12:28:16","slug":"acessibilidades-na-radio-e-televisao-de-portugal","status":"publish","type":"page","link":"https:\/\/iact.ipleiria.pt\/en\/formacao\/seminarios-e-aulas-abertas\/acessibilidades-na-radio-e-televisao-de-portugal\/","title":{"rendered":"(Portugu\u00eas) Semin\u00e1rio &#8211; Acessibilidades na R\u00e1dio e Televis\u00e3o de Portugal"},"content":{"rendered":"<p><\/p>\n<p><p><a href=\"http:\/\/iact.ipleiria.pt\/files\/2014\/12\/Cartaz_com_Acessivel_04.jpg\"><img loading=\"lazy\" decoding=\"async\" src=\"http:\/\/iact.ipleiria.pt\/files\/2014\/12\/Cartaz_com_Acessivel_04-300x424.jpg\" alt=\"Cartaz_com_Acessivel_04\" width=\"300\" height=\"424\" class=\"alignnone size-medium wp-image-2709\" srcset=\"https:\/\/iact.ipleiria.pt\/files\/2014\/12\/Cartaz_com_Acessivel_04-300x424.jpg 300w, https:\/\/iact.ipleiria.pt\/files\/2014\/12\/Cartaz_com_Acessivel_04-150x212.jpg 150w, https:\/\/iact.ipleiria.pt\/files\/2014\/12\/Cartaz_com_Acessivel_04-680x961.jpg 680w, https:\/\/iact.ipleiria.pt\/files\/2014\/12\/Cartaz_com_Acessivel_04-70x100.jpg 70w, https:\/\/iact.ipleiria.pt\/files\/2014\/12\/Cartaz_com_Acessivel_04-127x180.jpg 127w, https:\/\/iact.ipleiria.pt\/files\/2014\/12\/Cartaz_com_Acessivel_04.jpg 1240w\" sizes=\"auto, (max-width: 300px) 100vw, 300px\" \/><\/a><\/p>\n<p><a href=\"http:\/\/iact.ipleiria.pt\/files\/2014\/12\/Cartaz_com_Acessivel_04.jpg\"><img loading=\"lazy\" decoding=\"async\" src=\"http:\/\/iact.ipleiria.pt\/files\/2014\/12\/Cartaz_com_Acessivel_04-300x424.jpg\" alt=\"Cartaz_com_Acessivel_04\" width=\"300\" height=\"424\" class=\"alignnone size-medium wp-image-2709\" srcset=\"https:\/\/iact.ipleiria.pt\/files\/2014\/12\/Cartaz_com_Acessivel_04-300x424.jpg 300w, https:\/\/iact.ipleiria.pt\/files\/2014\/12\/Cartaz_com_Acessivel_04-150x212.jpg 150w, https:\/\/iact.ipleiria.pt\/files\/2014\/12\/Cartaz_com_Acessivel_04-680x961.jpg 680w, https:\/\/iact.ipleiria.pt\/files\/2014\/12\/Cartaz_com_Acessivel_04-70x100.jpg 70w, https:\/\/iact.ipleiria.pt\/files\/2014\/12\/Cartaz_com_Acessivel_04-127x180.jpg 127w, https:\/\/iact.ipleiria.pt\/files\/2014\/12\/Cartaz_com_Acessivel_04.jpg 1240w\" sizes=\"auto, (max-width: 300px) 100vw, 300px\" \/><\/a><\/p>\n<p><\/p>","protected":false},"excerpt":{"rendered":"<p> <span class=\"more-text\">[+]<\/span><\/p>\n","protected":false},"author":77,"featured_media":0,"parent":2527,"menu_order":0,"comment_status":"closed","ping_status":"closed","template":"","meta":{"footnotes":""},"class_list":["post-2708","page","type-page","status-publish","hentry"],"_links":{"self":[{"href":"https:\/\/iact.ipleiria.pt\/en\/wp-json\/wp\/v2\/pages\/2708","targetHints":{"allow":["GET"]}}],"collection":[{"href":"https:\/\/iact.ipleiria.pt\/en\/wp-json\/wp\/v2\/pages"}],"about":[{"href":"https:\/\/iact.ipleiria.pt\/en\/wp-json\/wp\/v2\/types\/page"}],"author":[{"embeddable":true,"href":"https:\/\/iact.ipleiria.pt\/en\/wp-json\/wp\/v2\/users\/77"}],"replies":[{"embeddable":true,"href":"https:\/\/iact.ipleiria.pt\/en\/wp-json\/wp\/v2\/comments?post=2708"}],"version-history":[{"count":4,"href":"https:\/\/iact.ipleiria.pt\/en\/wp-json\/wp\/v2\/pages\/2708\/revisions"}],"predecessor-version":[{"id":2728,"href":"https:\/\/iact.ipleiria.pt\/en\/wp-json\/wp\/v2\/pages\/2708\/revisions\/2728"}],"up":[{"embeddable":true,"href":"https:\/\/iact.ipleiria.pt\/en\/wp-json\/wp\/v2\/pages\/2527"}],"wp:attachment":[{"href":"https:\/\/iact.ipleiria.pt\/en\/wp-json\/wp\/v2\/media?parent=2708"}],"curies":[{"name":"wp","href":"https:\/\/api.w.org\/{rel}","templated":true}]}}