{"id":2733,"date":"2015-01-09T12:33:38","date_gmt":"2015-01-09T12:33:38","guid":{"rendered":"http:\/\/iact.ipleiria.pt\/?page_id=2733"},"modified":"2015-01-09T12:37:00","modified_gmt":"2015-01-09T12:37:00","slug":"seminario-insercao-profissional-de-pessoas-com-deficiencia","status":"publish","type":"page","link":"https:\/\/iact.ipleiria.pt\/en\/formacao\/cursos-e-seminarios-2015\/seminario-insercao-profissional-de-pessoas-com-deficiencia\/","title":{"rendered":"(Portugu\u00eas) Semin\u00e1rio &#8211; Inser\u00e7\u00e3o Profissional de Pessoas com Defici\u00eancia"},"content":{"rendered":"<p><\/p>\n<p><a href=\"http:\/\/iact.ipleiria.pt\/files\/2015\/01\/Cartaz_com_Acessivel_06.jpg\"><img loading=\"lazy\" decoding=\"async\" src=\"http:\/\/iact.ipleiria.pt\/files\/2015\/01\/Cartaz_com_Acessivel_06-300x424.jpg\" alt=\"Cartaz_com_Acessivel_06\" width=\"300\" height=\"424\" class=\"alignnone size-medium wp-image-2734\" srcset=\"https:\/\/iact.ipleiria.pt\/files\/2015\/01\/Cartaz_com_Acessivel_06-300x424.jpg 300w, https:\/\/iact.ipleiria.pt\/files\/2015\/01\/Cartaz_com_Acessivel_06-150x212.jpg 150w, https:\/\/iact.ipleiria.pt\/files\/2015\/01\/Cartaz_com_Acessivel_06-680x961.jpg 680w, https:\/\/iact.ipleiria.pt\/files\/2015\/01\/Cartaz_com_Acessivel_06-70x100.jpg 70w, https:\/\/iact.ipleiria.pt\/files\/2015\/01\/Cartaz_com_Acessivel_06-127x180.jpg 127w, https:\/\/iact.ipleiria.pt\/files\/2015\/01\/Cartaz_com_Acessivel_06.jpg 1240w\" sizes=\"auto, (max-width: 300px) 100vw, 300px\" \/><\/a><\/p>\n<p><\/p>","protected":false},"excerpt":{"rendered":"<p> <span class=\"more-text\">[+]<\/span><\/p>\n","protected":false},"author":77,"featured_media":0,"parent":2566,"menu_order":0,"comment_status":"closed","ping_status":"closed","template":"","meta":{"footnotes":""},"class_list":["post-2733","page","type-page","status-publish","hentry"],"_links":{"self":[{"href":"https:\/\/iact.ipleiria.pt\/en\/wp-json\/wp\/v2\/pages\/2733","targetHints":{"allow":["GET"]}}],"collection":[{"href":"https:\/\/iact.ipleiria.pt\/en\/wp-json\/wp\/v2\/pages"}],"about":[{"href":"https:\/\/iact.ipleiria.pt\/en\/wp-json\/wp\/v2\/types\/page"}],"author":[{"embeddable":true,"href":"https:\/\/iact.ipleiria.pt\/en\/wp-json\/wp\/v2\/users\/77"}],"replies":[{"embeddable":true,"href":"https:\/\/iact.ipleiria.pt\/en\/wp-json\/wp\/v2\/comments?post=2733"}],"version-history":[{"count":2,"href":"https:\/\/iact.ipleiria.pt\/en\/wp-json\/wp\/v2\/pages\/2733\/revisions"}],"predecessor-version":[{"id":2740,"href":"https:\/\/iact.ipleiria.pt\/en\/wp-json\/wp\/v2\/pages\/2733\/revisions\/2740"}],"up":[{"embeddable":true,"href":"https:\/\/iact.ipleiria.pt\/en\/wp-json\/wp\/v2\/pages\/2566"}],"wp:attachment":[{"href":"https:\/\/iact.ipleiria.pt\/en\/wp-json\/wp\/v2\/media?parent=2733"}],"curies":[{"name":"wp","href":"https:\/\/api.w.org\/{rel}","templated":true}]}}