{"id":2736,"date":"2015-01-09T12:35:35","date_gmt":"2015-01-09T12:35:35","guid":{"rendered":"http:\/\/iact.ipleiria.pt\/?page_id=2736"},"modified":"2015-01-09T12:36:25","modified_gmt":"2015-01-09T12:36:25","slug":"seminario-media-e-deficiencia","status":"publish","type":"page","link":"https:\/\/iact.ipleiria.pt\/en\/formacao\/cursos-e-seminarios-2015\/seminario-media-e-deficiencia\/","title":{"rendered":"(Portugu\u00eas) Semin\u00e1rio &#8211; Media e Defici\u00eancia"},"content":{"rendered":"<p><\/p>\n<p><a href=\"http:\/\/iact.ipleiria.pt\/files\/2015\/01\/Cartaz_com_Acessivel_07.jpg\"><img loading=\"lazy\" decoding=\"async\" src=\"http:\/\/iact.ipleiria.pt\/files\/2015\/01\/Cartaz_com_Acessivel_07-300x424.jpg\" alt=\"Cartaz_com_Acessivel_07\" width=\"300\" height=\"424\" class=\"alignnone size-medium wp-image-2737\" srcset=\"https:\/\/iact.ipleiria.pt\/files\/2015\/01\/Cartaz_com_Acessivel_07-300x424.jpg 300w, https:\/\/iact.ipleiria.pt\/files\/2015\/01\/Cartaz_com_Acessivel_07-150x212.jpg 150w, https:\/\/iact.ipleiria.pt\/files\/2015\/01\/Cartaz_com_Acessivel_07-680x961.jpg 680w, https:\/\/iact.ipleiria.pt\/files\/2015\/01\/Cartaz_com_Acessivel_07-70x100.jpg 70w, https:\/\/iact.ipleiria.pt\/files\/2015\/01\/Cartaz_com_Acessivel_07-127x180.jpg 127w, https:\/\/iact.ipleiria.pt\/files\/2015\/01\/Cartaz_com_Acessivel_07.jpg 1240w\" sizes=\"auto, (max-width: 300px) 100vw, 300px\" \/><\/a><\/p>\n<p><a href=\"http:\/\/iact.ipleiria.pt\/files\/2015\/01\/Cartaz_com_Acessivel_07.jpg\"><img loading=\"lazy\" decoding=\"async\" src=\"http:\/\/iact.ipleiria.pt\/files\/2015\/01\/Cartaz_com_Acessivel_07-300x424.jpg\" alt=\"Cartaz_com_Acessivel_07\" width=\"300\" height=\"424\" class=\"alignnone size-medium wp-image-2737\" srcset=\"https:\/\/iact.ipleiria.pt\/files\/2015\/01\/Cartaz_com_Acessivel_07-300x424.jpg 300w, https:\/\/iact.ipleiria.pt\/files\/2015\/01\/Cartaz_com_Acessivel_07-150x212.jpg 150w, https:\/\/iact.ipleiria.pt\/files\/2015\/01\/Cartaz_com_Acessivel_07-680x961.jpg 680w, https:\/\/iact.ipleiria.pt\/files\/2015\/01\/Cartaz_com_Acessivel_07-70x100.jpg 70w, https:\/\/iact.ipleiria.pt\/files\/2015\/01\/Cartaz_com_Acessivel_07-127x180.jpg 127w, https:\/\/iact.ipleiria.pt\/files\/2015\/01\/Cartaz_com_Acessivel_07.jpg 1240w\" sizes=\"auto, (max-width: 300px) 100vw, 300px\" \/><\/a><\/p>","protected":false},"excerpt":{"rendered":"<p> <span class=\"more-text\">[+]<\/span><\/p>\n","protected":false},"author":77,"featured_media":0,"parent":2566,"menu_order":0,"comment_status":"closed","ping_status":"closed","template":"","meta":{"footnotes":""},"class_list":["post-2736","page","type-page","status-publish","hentry"],"_links":{"self":[{"href":"https:\/\/iact.ipleiria.pt\/en\/wp-json\/wp\/v2\/pages\/2736","targetHints":{"allow":["GET"]}}],"collection":[{"href":"https:\/\/iact.ipleiria.pt\/en\/wp-json\/wp\/v2\/pages"}],"about":[{"href":"https:\/\/iact.ipleiria.pt\/en\/wp-json\/wp\/v2\/types\/page"}],"author":[{"embeddable":true,"href":"https:\/\/iact.ipleiria.pt\/en\/wp-json\/wp\/v2\/users\/77"}],"replies":[{"embeddable":true,"href":"https:\/\/iact.ipleiria.pt\/en\/wp-json\/wp\/v2\/comments?post=2736"}],"version-history":[{"count":2,"href":"https:\/\/iact.ipleiria.pt\/en\/wp-json\/wp\/v2\/pages\/2736\/revisions"}],"predecessor-version":[{"id":2739,"href":"https:\/\/iact.ipleiria.pt\/en\/wp-json\/wp\/v2\/pages\/2736\/revisions\/2739"}],"up":[{"embeddable":true,"href":"https:\/\/iact.ipleiria.pt\/en\/wp-json\/wp\/v2\/pages\/2566"}],"wp:attachment":[{"href":"https:\/\/iact.ipleiria.pt\/en\/wp-json\/wp\/v2\/media?parent=2736"}],"curies":[{"name":"wp","href":"https:\/\/api.w.org\/{rel}","templated":true}]}}