{"id":2774,"date":"2015-03-05T17:51:28","date_gmt":"2015-03-05T17:51:28","guid":{"rendered":"http:\/\/iact.ipleiria.pt\/?page_id=2774"},"modified":"2015-03-05T17:51:28","modified_gmt":"2015-03-05T17:51:28","slug":"acao-de-formacao-perturbacoes-do-neurodesenvolvimento-e-do-comportamento-em-idades-pediatricas","status":"publish","type":"page","link":"https:\/\/iact.ipleiria.pt\/en\/formacao\/cursos-e-seminarios-2015\/acao-de-formacao-perturbacoes-do-neurodesenvolvimento-e-do-comportamento-em-idades-pediatricas\/","title":{"rendered":"(Portugu\u00eas) A\u00e7\u00e3o de Forma\u00e7\u00e3o \u2018Perturba\u00e7\u00f5es do Neurodesenvolvimento e do Comportamento em Idades Pedi\u00e1tricas\u2019"},"content":{"rendered":"<p class=\"qtranxs-available-languages-message qtranxs-available-languages-message-en\">Sorry, this entry is only available in <a href=\"https:\/\/iact.ipleiria.pt\/pt\/wp-json\/wp\/v2\/pages\/2774\" class=\"qtranxs-available-language-link qtranxs-available-language-link-pt\" title=\"Portugu\u00eas\">Portugu\u00eas<\/a>.<\/p>","protected":false},"excerpt":{"rendered":"<p>Sorry, this entry is only available in Portugu\u00eas. <span class=\"more-text\">[+]<\/span><\/p>\n","protected":false},"author":77,"featured_media":0,"parent":2566,"menu_order":0,"comment_status":"closed","ping_status":"closed","template":"","meta":{"footnotes":""},"class_list":["post-2774","page","type-page","status-publish","hentry"],"_links":{"self":[{"href":"https:\/\/iact.ipleiria.pt\/en\/wp-json\/wp\/v2\/pages\/2774","targetHints":{"allow":["GET"]}}],"collection":[{"href":"https:\/\/iact.ipleiria.pt\/en\/wp-json\/wp\/v2\/pages"}],"about":[{"href":"https:\/\/iact.ipleiria.pt\/en\/wp-json\/wp\/v2\/types\/page"}],"author":[{"embeddable":true,"href":"https:\/\/iact.ipleiria.pt\/en\/wp-json\/wp\/v2\/users\/77"}],"replies":[{"embeddable":true,"href":"https:\/\/iact.ipleiria.pt\/en\/wp-json\/wp\/v2\/comments?post=2774"}],"version-history":[{"count":1,"href":"https:\/\/iact.ipleiria.pt\/en\/wp-json\/wp\/v2\/pages\/2774\/revisions"}],"predecessor-version":[{"id":2776,"href":"https:\/\/iact.ipleiria.pt\/en\/wp-json\/wp\/v2\/pages\/2774\/revisions\/2776"}],"up":[{"embeddable":true,"href":"https:\/\/iact.ipleiria.pt\/en\/wp-json\/wp\/v2\/pages\/2566"}],"wp:attachment":[{"href":"https:\/\/iact.ipleiria.pt\/en\/wp-json\/wp\/v2\/media?parent=2774"}],"curies":[{"name":"wp","href":"https:\/\/api.w.org\/{rel}","templated":true}]}}