{"id":3010,"date":"2015-05-22T00:08:45","date_gmt":"2015-05-21T23:08:45","guid":{"rendered":"http:\/\/iact.ipleiria.pt\/?page_id=3010"},"modified":"2015-05-22T00:10:43","modified_gmt":"2015-05-21T23:10:43","slug":"3010-2","status":"publish","type":"page","link":"https:\/\/iact.ipleiria.pt\/en\/formacao\/cursos-e-seminarios-2015\/3010-2\/","title":{"rendered":"Semin\u00e1rio SER (Sa\u00fade e Educa\u00e7\u00e3o em Reflex\u00e3o)"},"content":{"rendered":"<p class=\"qtranxs-available-languages-message qtranxs-available-languages-message-en\">Sorry, this entry is only available in <a href=\"https:\/\/iact.ipleiria.pt\/pt\/wp-json\/wp\/v2\/pages\/3010\" class=\"qtranxs-available-language-link qtranxs-available-language-link-pt\" title=\"Portugu\u00eas\">Portugu\u00eas<\/a>.<\/p>","protected":false},"excerpt":{"rendered":"<p>Sorry, this entry is only available in Portugu\u00eas. <span class=\"more-text\">[+]<\/span><\/p>\n","protected":false},"author":77,"featured_media":3011,"parent":2566,"menu_order":0,"comment_status":"closed","ping_status":"closed","template":"","meta":{"footnotes":""},"class_list":["post-3010","page","type-page","status-publish","has-post-thumbnail","hentry"],"_links":{"self":[{"href":"https:\/\/iact.ipleiria.pt\/en\/wp-json\/wp\/v2\/pages\/3010","targetHints":{"allow":["GET"]}}],"collection":[{"href":"https:\/\/iact.ipleiria.pt\/en\/wp-json\/wp\/v2\/pages"}],"about":[{"href":"https:\/\/iact.ipleiria.pt\/en\/wp-json\/wp\/v2\/types\/page"}],"author":[{"embeddable":true,"href":"https:\/\/iact.ipleiria.pt\/en\/wp-json\/wp\/v2\/users\/77"}],"replies":[{"embeddable":true,"href":"https:\/\/iact.ipleiria.pt\/en\/wp-json\/wp\/v2\/comments?post=3010"}],"version-history":[{"count":2,"href":"https:\/\/iact.ipleiria.pt\/en\/wp-json\/wp\/v2\/pages\/3010\/revisions"}],"predecessor-version":[{"id":3013,"href":"https:\/\/iact.ipleiria.pt\/en\/wp-json\/wp\/v2\/pages\/3010\/revisions\/3013"}],"up":[{"embeddable":true,"href":"https:\/\/iact.ipleiria.pt\/en\/wp-json\/wp\/v2\/pages\/2566"}],"wp:featuredmedia":[{"embeddable":true,"href":"https:\/\/iact.ipleiria.pt\/en\/wp-json\/wp\/v2\/media\/3011"}],"wp:attachment":[{"href":"https:\/\/iact.ipleiria.pt\/en\/wp-json\/wp\/v2\/media?parent=3010"}],"curies":[{"name":"wp","href":"https:\/\/api.w.org\/{rel}","templated":true}]}}