{"id":3538,"date":"2020-06-30T10:16:39","date_gmt":"2020-06-30T09:16:39","guid":{"rendered":"http:\/\/iact.ipleiria.pt\/?page_id=3538"},"modified":"2020-07-08T16:09:27","modified_gmt":"2020-07-08T15:09:27","slug":"resultados","status":"publish","type":"page","link":"https:\/\/iact.ipleiria.pt\/en\/resultados\/","title":{"rendered":"Resultados"},"content":{"rendered":"\n<h1><strong>Maleta<\/strong><\/h1>\n<p><img loading=\"lazy\" decoding=\"async\" class=\"alignleft wp-image-3640 size-large\" src=\"http:\/\/iact.ipleiria.pt\/files\/2020\/06\/Maleta-wip-c\u00f3piaSEPIA-680x247.jpg\" alt=\"\" width=\"680\" height=\"247\" srcset=\"https:\/\/iact.ipleiria.pt\/files\/2020\/06\/Maleta-wip-c\u00f3piaSEPIA-680x247.jpg 680w, https:\/\/iact.ipleiria.pt\/files\/2020\/06\/Maleta-wip-c\u00f3piaSEPIA-300x109.jpg 300w, https:\/\/iact.ipleiria.pt\/files\/2020\/06\/Maleta-wip-c\u00f3piaSEPIA-150x54.jpg 150w, https:\/\/iact.ipleiria.pt\/files\/2020\/06\/Maleta-wip-c\u00f3piaSEPIA-768x279.jpg 768w, https:\/\/iact.ipleiria.pt\/files\/2020\/06\/Maleta-wip-c\u00f3piaSEPIA-1536x557.jpg 1536w, https:\/\/iact.ipleiria.pt\/files\/2020\/06\/Maleta-wip-c\u00f3piaSEPIA-2048x743.jpg 2048w, https:\/\/iact.ipleiria.pt\/files\/2020\/06\/Maleta-wip-c\u00f3piaSEPIA-100x36.jpg 100w, https:\/\/iact.ipleiria.pt\/files\/2020\/06\/Maleta-wip-c\u00f3piaSEPIA-180x65.jpg 180w\" sizes=\"auto, (max-width: 680px) 100vw, 680px\" \/><\/p>\n<p>\u00a0<\/p>\n<p>\u00a0<\/p>\n<p>A maleta, constru\u00edda por formandos com Dificuldades Intelectuais e Desenvolvimentais da CERCILEI, tem um formato cil\u00edndrico, \u00e9 feita de materiais naturais (madeira) e inclui seis compartimentos. No primeiro encontram-se livros harm\u00f3nios que apresentam as cinco personagens da maleta pedag\u00f3gica, cujas caracter\u00edsticas s\u00e3o exploradas em quatro jogos interativos dispostos, com as suas regras, nos compartimentos centrais. Na \u00faltima sec\u00e7\u00e3o, encontra-se a hist\u00f3ria final, uma aventura vivida pelas cinco crian\u00e7as (personagens).<\/p>\n<p>\u00a0<\/p>\n<h2><strong>Harm\u00f3nios<\/strong><\/h2>\n<p><img loading=\"lazy\" decoding=\"async\" class=\"alignleft wp-image-3650 size-large\" src=\"http:\/\/iact.ipleiria.pt\/files\/2020\/06\/Harmonios-c\u00f3pia-1-680x247.jpg\" alt=\"\" width=\"680\" height=\"247\" srcset=\"https:\/\/iact.ipleiria.pt\/files\/2020\/06\/Harmonios-c\u00f3pia-1-680x247.jpg 680w, https:\/\/iact.ipleiria.pt\/files\/2020\/06\/Harmonios-c\u00f3pia-1-300x109.jpg 300w, https:\/\/iact.ipleiria.pt\/files\/2020\/06\/Harmonios-c\u00f3pia-1-150x54.jpg 150w, https:\/\/iact.ipleiria.pt\/files\/2020\/06\/Harmonios-c\u00f3pia-1-768x279.jpg 768w, https:\/\/iact.ipleiria.pt\/files\/2020\/06\/Harmonios-c\u00f3pia-1-1536x557.jpg 1536w, https:\/\/iact.ipleiria.pt\/files\/2020\/06\/Harmonios-c\u00f3pia-1-2048x743.jpg 2048w, https:\/\/iact.ipleiria.pt\/files\/2020\/06\/Harmonios-c\u00f3pia-1-100x36.jpg 100w, https:\/\/iact.ipleiria.pt\/files\/2020\/06\/Harmonios-c\u00f3pia-1-180x65.jpg 180w\" sizes=\"auto, (max-width: 680px) 100vw, 680px\" \/><\/p>\n<p>\u00a0<\/p>\n<p>Apresenta\u00e7\u00e3o das cinco personagens do projeto:<\/p>\n<ul>\n<li>Valentim Vis\u00e3o (crian\u00e7a com surdez);<\/li>\n<li><span style=\"font-size: inherit\">Pedro Perspicaz (crian\u00e7a com defici\u00eancia intelectual, transtorno do espectro do autismo);<\/span><\/li>\n<li><span style=\"font-size: inherit\">\u00d3scar Ouvido absoluto (crian\u00e7a com defici\u00eancia visual);<\/span><\/li>\n<li><span style=\"font-size: inherit\">Sofia Super-r\u00e1pida (crian\u00e7a com defici\u00eancia motora, locomo\u00e7\u00e3o em cadeira de rodas);<\/span><\/li>\n<li><span style=\"font-size: inherit\">Iara Cristalina (crian\u00e7a sem defici\u00eancia).<\/span><\/li>\n<\/ul>\n<p>\u00a0<\/p>\n<p>\u00a0<\/p>\n<h3><strong>Jogos<\/strong><\/h3>\n<p><strong>Jogo<\/strong> Viva, Valentim!<\/p>\n<p><img loading=\"lazy\" decoding=\"async\" class=\"alignleft wp-image-3663 size-large\" src=\"http:\/\/iact.ipleiria.pt\/files\/2020\/06\/IMG_6441-scaled-e1593530910544-680x464.jpg\" alt=\"\" width=\"680\" height=\"464\" srcset=\"https:\/\/iact.ipleiria.pt\/files\/2020\/06\/IMG_6441-scaled-e1593530910544-680x464.jpg 680w, https:\/\/iact.ipleiria.pt\/files\/2020\/06\/IMG_6441-scaled-e1593530910544-300x205.jpg 300w, https:\/\/iact.ipleiria.pt\/files\/2020\/06\/IMG_6441-scaled-e1593530910544-150x102.jpg 150w, https:\/\/iact.ipleiria.pt\/files\/2020\/06\/IMG_6441-scaled-e1593530910544-768x524.jpg 768w, https:\/\/iact.ipleiria.pt\/files\/2020\/06\/IMG_6441-scaled-e1593530910544-1536x1048.jpg 1536w, https:\/\/iact.ipleiria.pt\/files\/2020\/06\/IMG_6441-scaled-e1593530910544-2048x1397.jpg 2048w, https:\/\/iact.ipleiria.pt\/files\/2020\/06\/IMG_6441-scaled-e1593530910544-100x68.jpg 100w, https:\/\/iact.ipleiria.pt\/files\/2020\/06\/IMG_6441-scaled-e1593530910544-180x123.jpg 180w\" sizes=\"auto, (max-width: 680px) 100vw, 680px\" \/><\/p>\n<p><img loading=\"lazy\" decoding=\"async\" class=\"alignleft size-large wp-image-3648\" src=\"http:\/\/iact.ipleiria.pt\/files\/2020\/06\/Valentim-680x247.jpg\" alt=\"\" width=\"680\" height=\"247\" srcset=\"https:\/\/iact.ipleiria.pt\/files\/2020\/06\/Valentim-680x247.jpg 680w, https:\/\/iact.ipleiria.pt\/files\/2020\/06\/Valentim-300x109.jpg 300w, https:\/\/iact.ipleiria.pt\/files\/2020\/06\/Valentim-150x54.jpg 150w, https:\/\/iact.ipleiria.pt\/files\/2020\/06\/Valentim-768x279.jpg 768w, https:\/\/iact.ipleiria.pt\/files\/2020\/06\/Valentim-1536x557.jpg 1536w, https:\/\/iact.ipleiria.pt\/files\/2020\/06\/Valentim-2048x743.jpg 2048w, https:\/\/iact.ipleiria.pt\/files\/2020\/06\/Valentim-100x36.jpg 100w, https:\/\/iact.ipleiria.pt\/files\/2020\/06\/Valentim-180x65.jpg 180w\" sizes=\"auto, (max-width: 680px) 100vw, 680px\" \/><\/p>\n<p>\u00a0<\/p>\n<p>Descodifica\u00e7\u00e3o de palavras em L\u00edngua Gestual Portuguesa (LGP) que permite completar um cart\u00e3o de jogo.<\/p>\n<p><strong>Objetivos espec\u00edficos<\/strong><\/p>\n<p>1.\u00a0\u00a0\u00a0\u00a0\u00a0\u00a0\u00a0Sensibilizar os alunos para a surdez;<\/p>\n<p>2.\u00a0\u00a0\u00a0\u00a0\u00a0\u00a0\u00a0Dar a conhecer as caracter\u00edsticas espec\u00edficas de indiv\u00edduos com\u00a0surdez;<\/p>\n<p>3.\u00a0\u00a0\u00a0\u00a0\u00a0\u00a0\u00a0Permitir a aplica\u00e7\u00e3o dos conhecimentos adquiridos de forma pr\u00e1tica;<\/p>\n<p>4.\u00a0\u00a0\u00a0\u00a0\u00a0\u00a0\u00a0Mudar atitudes e comportamentos dos alunos face a indiv\u00edduos com\u00a0surdez;<\/p>\n<p>5.\u00a0\u00a0\u00a0\u00a0\u00a0\u00a0\u00a0Conhecer algumas palavras em LGP;<\/p>\n<p>6.\u00a0\u00a0\u00a0\u00a0\u00a0\u00a0\u00a0Associar gestos, imagens e palavras significativas sobre o tema abordado;<\/p>\n<p>7.\u00a0\u00a0\u00a0\u00a0\u00a0\u00a0\u00a0Despertar o interesse pelo conhecimento de outra l\u00edngua.<span class=\"Apple-converted-space\">\u00a0<\/span><\/p>\n<p>\u00a0<\/p>\n<p>\u00a0<\/p>\n<p><strong>Jogo<\/strong> Procura, Pedro!<\/p>\n<p><img loading=\"lazy\" decoding=\"async\" class=\"alignleft wp-image-3664 size-large\" src=\"http:\/\/iact.ipleiria.pt\/files\/2020\/06\/IMG_6449-scaled-e1593530944653-680x443.jpg\" alt=\"\" width=\"680\" height=\"443\" srcset=\"https:\/\/iact.ipleiria.pt\/files\/2020\/06\/IMG_6449-scaled-e1593530944653-680x443.jpg 680w, https:\/\/iact.ipleiria.pt\/files\/2020\/06\/IMG_6449-scaled-e1593530944653-300x196.jpg 300w, https:\/\/iact.ipleiria.pt\/files\/2020\/06\/IMG_6449-scaled-e1593530944653-150x98.jpg 150w, https:\/\/iact.ipleiria.pt\/files\/2020\/06\/IMG_6449-scaled-e1593530944653-768x501.jpg 768w, https:\/\/iact.ipleiria.pt\/files\/2020\/06\/IMG_6449-scaled-e1593530944653-1536x1001.jpg 1536w, https:\/\/iact.ipleiria.pt\/files\/2020\/06\/IMG_6449-scaled-e1593530944653-2048x1335.jpg 2048w, https:\/\/iact.ipleiria.pt\/files\/2020\/06\/IMG_6449-scaled-e1593530944653-100x65.jpg 100w, https:\/\/iact.ipleiria.pt\/files\/2020\/06\/IMG_6449-scaled-e1593530944653-180x117.jpg 180w\" sizes=\"auto, (max-width: 680px) 100vw, 680px\" \/><\/p>\n<p><img loading=\"lazy\" decoding=\"async\" class=\"alignleft size-large wp-image-3651\" src=\"http:\/\/iact.ipleiria.pt\/files\/2020\/06\/Pedro-680x247.jpg\" alt=\"\" width=\"680\" height=\"247\" srcset=\"https:\/\/iact.ipleiria.pt\/files\/2020\/06\/Pedro-680x247.jpg 680w, https:\/\/iact.ipleiria.pt\/files\/2020\/06\/Pedro-300x109.jpg 300w, https:\/\/iact.ipleiria.pt\/files\/2020\/06\/Pedro-150x54.jpg 150w, https:\/\/iact.ipleiria.pt\/files\/2020\/06\/Pedro-768x279.jpg 768w, https:\/\/iact.ipleiria.pt\/files\/2020\/06\/Pedro-1536x557.jpg 1536w, https:\/\/iact.ipleiria.pt\/files\/2020\/06\/Pedro-2048x743.jpg 2048w, https:\/\/iact.ipleiria.pt\/files\/2020\/06\/Pedro-100x36.jpg 100w, https:\/\/iact.ipleiria.pt\/files\/2020\/06\/Pedro-180x65.jpg 180w\" sizes=\"auto, (max-width: 680px) 100vw, 680px\" \/><\/p>\n<p><span style=\"font-size: inherit\">Percurso, a partir de coordenadas, que permite a constru\u00e7\u00e3o de uma hist\u00f3ria que retrata as atividades de vida di\u00e1ria do Pedro.<\/span><\/p>\n<p><strong>Objetivos espec\u00edficos<\/strong><\/p>\n<p>1.\u00a0\u00a0\u00a0\u00a0\u00a0\u00a0\u00a0Sensibilizar os alunos para a \u00e1rea das dificuldades intelectuais e desenvolvimentais;<\/p>\n<p>2.\u00a0\u00a0\u00a0\u00a0\u00a0\u00a0\u00a0Dar a conhecer as caracter\u00edsticas espec\u00edficas de indiv\u00edduos com\u00a0transtorno do espectro do\u00a0autismo;<\/p>\n<p>3.\u00a0\u00a0\u00a0\u00a0\u00a0\u00a0\u00a0Permitir a aplica\u00e7\u00e3o dos conhecimentos adquiridos de forma pr\u00e1tica;<\/p>\n<p>4.\u00a0\u00a0\u00a0\u00a0\u00a0\u00a0\u00a0Mudar atitudes e comportamentos dos alunos face a indiv\u00edduos com dificuldades intelectuais e desenvolvimentais;<\/p>\n<p>5.\u00a0\u00a0\u00a0\u00a0\u00a0\u00a0\u00a0Criar e representar hist\u00f3rias por iniciativa pr\u00f3pria e\/ou a partir de diferentes situa\u00e7\u00f5es.<\/p>\n<p>\u00a0<\/p>\n<p>\u00a0<\/p>\n<p><strong>Jogo<\/strong> Orienta, \u00d3scar!<\/p>\n<p><img loading=\"lazy\" decoding=\"async\" class=\"alignleft size-large wp-image-3661\" src=\"http:\/\/iact.ipleiria.pt\/files\/2020\/06\/IMG_6444-680x453.jpg\" alt=\"\" width=\"680\" height=\"453\" srcset=\"https:\/\/iact.ipleiria.pt\/files\/2020\/06\/IMG_6444-680x453.jpg 680w, https:\/\/iact.ipleiria.pt\/files\/2020\/06\/IMG_6444-300x200.jpg 300w, https:\/\/iact.ipleiria.pt\/files\/2020\/06\/IMG_6444-150x100.jpg 150w, https:\/\/iact.ipleiria.pt\/files\/2020\/06\/IMG_6444-768x512.jpg 768w, https:\/\/iact.ipleiria.pt\/files\/2020\/06\/IMG_6444-1536x1024.jpg 1536w, https:\/\/iact.ipleiria.pt\/files\/2020\/06\/IMG_6444-2048x1365.jpg 2048w, https:\/\/iact.ipleiria.pt\/files\/2020\/06\/IMG_6444-100x67.jpg 100w, https:\/\/iact.ipleiria.pt\/files\/2020\/06\/IMG_6444-180x120.jpg 180w\" sizes=\"auto, (max-width: 680px) 100vw, 680px\" \/><\/p>\n<p><img loading=\"lazy\" decoding=\"async\" class=\"alignleft size-large wp-image-3653\" src=\"http:\/\/iact.ipleiria.pt\/files\/2020\/06\/Oscar-680x247.jpg\" alt=\"\" width=\"680\" height=\"247\" srcset=\"https:\/\/iact.ipleiria.pt\/files\/2020\/06\/Oscar-680x247.jpg 680w, https:\/\/iact.ipleiria.pt\/files\/2020\/06\/Oscar-300x109.jpg 300w, https:\/\/iact.ipleiria.pt\/files\/2020\/06\/Oscar-150x54.jpg 150w, https:\/\/iact.ipleiria.pt\/files\/2020\/06\/Oscar-768x279.jpg 768w, https:\/\/iact.ipleiria.pt\/files\/2020\/06\/Oscar-1536x557.jpg 1536w, https:\/\/iact.ipleiria.pt\/files\/2020\/06\/Oscar-2048x743.jpg 2048w, https:\/\/iact.ipleiria.pt\/files\/2020\/06\/Oscar-100x36.jpg 100w, https:\/\/iact.ipleiria.pt\/files\/2020\/06\/Oscar-180x65.jpg 180w\" sizes=\"auto, (max-width: 680px) 100vw, 680px\" \/><\/p>\n<p><span style=\"font-size: inherit\">Descodifica\u00e7\u00e3o de um c\u00f3digo em Braille que permite aceder a um tesouro com pe\u00e7as t\u00e1teis.<\/span><\/p>\n<p><strong>Objetivos espec\u00edficos<\/strong><\/p>\n<p>1.\u00a0\u00a0\u00a0\u00a0\u00a0\u00a0Sensibilizar os alunos para a defici\u00eancia visual;<\/p>\n<p>2.\u00a0\u00a0\u00a0\u00a0\u00a0\u00a0Dar a conhecer as caracter\u00edsticas espec\u00edficas de indiv\u00edduos com\u00a0cegueira ou baixa vis\u00e3o;<\/p>\n<p>3.\u00a0\u00a0\u00a0\u00a0\u00a0\u00a0Permitir a aplica\u00e7\u00e3o dos conhecimentos adquiridos de forma pr\u00e1tica;<\/p>\n<p>4.\u00a0\u00a0\u00a0\u00a0\u00a0\u00a0Mudar atitudes e comportamentos dos alunos face a indiv\u00edduos com\u00a0defici\u00eancia visual;<\/p>\n<p>5.\u00a0\u00a0\u00a0\u00a0\u00a0\u00a0Localizar objetos num ambiente familiar, utilizando conceitos de orienta\u00e7\u00e3o;<\/p>\n<p>6.\u00a0\u00a0\u00a0\u00a0\u00a0\u00a0Identificar pontos de reconhecimento de locais e usar mapas simples;<\/p>\n<p>7.\u00a0\u00a0\u00a0\u00a0\u00a0\u00a0Descrever objetos atrav\u00e9s do tato sem recurso \u00e0 vis\u00e3o.<\/p>\n<p>\u00a0<\/p>\n<p>\u00a0<\/p>\n<p><strong>Jogo<\/strong> Super, Sofia!<\/p>\n<p><img loading=\"lazy\" decoding=\"async\" class=\"alignleft wp-image-3662 size-large\" src=\"http:\/\/iact.ipleiria.pt\/files\/2020\/06\/IMG_6442-scaled-e1593531007450-680x1029.jpg\" alt=\"\" width=\"680\" height=\"1029\" srcset=\"https:\/\/iact.ipleiria.pt\/files\/2020\/06\/IMG_6442-scaled-e1593531007450-680x1029.jpg 680w, https:\/\/iact.ipleiria.pt\/files\/2020\/06\/IMG_6442-scaled-e1593531007450-300x454.jpg 300w, https:\/\/iact.ipleiria.pt\/files\/2020\/06\/IMG_6442-scaled-e1593531007450-150x227.jpg 150w, https:\/\/iact.ipleiria.pt\/files\/2020\/06\/IMG_6442-scaled-e1593531007450-768x1162.jpg 768w, https:\/\/iact.ipleiria.pt\/files\/2020\/06\/IMG_6442-scaled-e1593531007450-1015x1536.jpg 1015w, https:\/\/iact.ipleiria.pt\/files\/2020\/06\/IMG_6442-scaled-e1593531007450-1353x2048.jpg 1353w, https:\/\/iact.ipleiria.pt\/files\/2020\/06\/IMG_6442-scaled-e1593531007450-66x100.jpg 66w, https:\/\/iact.ipleiria.pt\/files\/2020\/06\/IMG_6442-scaled-e1593531007450-119x180.jpg 119w, https:\/\/iact.ipleiria.pt\/files\/2020\/06\/IMG_6442-scaled-e1593531007450.jpg 1465w\" sizes=\"auto, (max-width: 680px) 100vw, 680px\" \/><\/p>\n<p><img loading=\"lazy\" decoding=\"async\" class=\"alignleft size-large wp-image-3655\" src=\"http:\/\/iact.ipleiria.pt\/files\/2020\/06\/Sofia-680x247.jpg\" alt=\"\" width=\"680\" height=\"247\" srcset=\"https:\/\/iact.ipleiria.pt\/files\/2020\/06\/Sofia-680x247.jpg 680w, https:\/\/iact.ipleiria.pt\/files\/2020\/06\/Sofia-300x109.jpg 300w, https:\/\/iact.ipleiria.pt\/files\/2020\/06\/Sofia-150x54.jpg 150w, https:\/\/iact.ipleiria.pt\/files\/2020\/06\/Sofia-768x279.jpg 768w, https:\/\/iact.ipleiria.pt\/files\/2020\/06\/Sofia-1536x557.jpg 1536w, https:\/\/iact.ipleiria.pt\/files\/2020\/06\/Sofia-2048x743.jpg 2048w, https:\/\/iact.ipleiria.pt\/files\/2020\/06\/Sofia-100x36.jpg 100w, https:\/\/iact.ipleiria.pt\/files\/2020\/06\/Sofia-180x65.jpg 180w\" sizes=\"auto, (max-width: 680px) 100vw, 680px\" \/><\/p>\n<p>\u00a0<\/p>\n<p>Jogo de ch\u00e3o que implica diferentes formas de desloca\u00e7\u00e3o (ex. p\u00e9s juntos, p\u00e9s atados, etc.) pelas respetivas casas.<\/p>\n<p><strong>Objetivos espec\u00edficos<\/strong><\/p>\n<p>1.\u00a0\u00a0\u00a0\u00a0\u00a0\u00a0\u00a0Sensibilizar os alunos para o dom\u00ednio da defici\u00eancia motora;<\/p>\n<p>2.\u00a0\u00a0\u00a0\u00a0\u00a0\u00a0\u00a0Dar a conhecer as caracter\u00edsticas espec\u00edficas de indiv\u00edduos com\u00a0defici\u00eancia motora;<\/p>\n<p>3.\u00a0\u00a0\u00a0\u00a0\u00a0\u00a0\u00a0Permitir a aplica\u00e7\u00e3o dos conhecimentos adquiridos de forma pr\u00e1tica;<\/p>\n<p>4.\u00a0\u00a0\u00a0\u00a0\u00a0\u00a0\u00a0Mudar atitudes e comportamentos dos alunos face a indiv\u00edduos com\u00a0defici\u00eancia motora;<\/p>\n<p>5.\u00a0\u00a0\u00a0\u00a0\u00a0\u00a0\u00a0Permitir o dom\u00ednio de movimentos que implicam deslocamentos e equil\u00edbrios:\u00a0p\u00e9s juntos e atados, p\u00e9-coxinho, m\u00e3os juntas atr\u00e1s dos joelhos, arrastar os p\u00e9s, andar a pares com a perna de um elemento atada \u00e0 perna do outro e andar em passos de beb\u00e9;<\/p>\n<p>6.\u00a0\u00a0\u00a0\u00a0\u00a0\u00a0\u00a0Permitir o controlo de movimentos de per\u00edcia e manipula\u00e7\u00e3o como: lan\u00e7ar o dado com precis\u00e3o.<\/p>\n<p>\u00a0<\/p>\n<p>\u00a0<\/p>\n<h4><strong>Hist\u00f3ria final<\/strong><\/h4>\n<p><img loading=\"lazy\" decoding=\"async\" class=\"alignleft wp-image-3673 size-large\" src=\"http:\/\/iact.ipleiria.pt\/files\/2020\/06\/20190601_090156-scaled-e1593531039967-680x438.jpg\" alt=\"\" width=\"680\" height=\"438\" srcset=\"https:\/\/iact.ipleiria.pt\/files\/2020\/06\/20190601_090156-scaled-e1593531039967-680x438.jpg 680w, https:\/\/iact.ipleiria.pt\/files\/2020\/06\/20190601_090156-scaled-e1593531039967-300x193.jpg 300w, https:\/\/iact.ipleiria.pt\/files\/2020\/06\/20190601_090156-scaled-e1593531039967-150x97.jpg 150w, https:\/\/iact.ipleiria.pt\/files\/2020\/06\/20190601_090156-scaled-e1593531039967-768x495.jpg 768w, https:\/\/iact.ipleiria.pt\/files\/2020\/06\/20190601_090156-scaled-e1593531039967-1536x990.jpg 1536w, https:\/\/iact.ipleiria.pt\/files\/2020\/06\/20190601_090156-scaled-e1593531039967-2048x1320.jpg 2048w, https:\/\/iact.ipleiria.pt\/files\/2020\/06\/20190601_090156-scaled-e1593531039967-100x64.jpg 100w, https:\/\/iact.ipleiria.pt\/files\/2020\/06\/20190601_090156-scaled-e1593531039967-180x116.jpg 180w\" sizes=\"auto, (max-width: 680px) 100vw, 680px\" \/><\/p>\n<p>\u00a0<\/p>\n<p><img loading=\"lazy\" decoding=\"async\" class=\"alignleft size-large wp-image-3658\" src=\"http:\/\/iact.ipleiria.pt\/files\/2020\/06\/historiaFinal-680x247.jpg\" alt=\"\" width=\"680\" height=\"247\" srcset=\"https:\/\/iact.ipleiria.pt\/files\/2020\/06\/historiaFinal-680x247.jpg 680w, https:\/\/iact.ipleiria.pt\/files\/2020\/06\/historiaFinal-300x109.jpg 300w, https:\/\/iact.ipleiria.pt\/files\/2020\/06\/historiaFinal-150x54.jpg 150w, https:\/\/iact.ipleiria.pt\/files\/2020\/06\/historiaFinal-768x279.jpg 768w, https:\/\/iact.ipleiria.pt\/files\/2020\/06\/historiaFinal-1536x557.jpg 1536w, https:\/\/iact.ipleiria.pt\/files\/2020\/06\/historiaFinal-2048x743.jpg 2048w, https:\/\/iact.ipleiria.pt\/files\/2020\/06\/historiaFinal-100x36.jpg 100w, https:\/\/iact.ipleiria.pt\/files\/2020\/06\/historiaFinal-180x65.jpg 180w\" sizes=\"auto, (max-width: 680px) 100vw, 680px\" \/><\/p>\n<p>\u00a0<\/p>\n<p>Livro harm\u00f3nio, em diferentes formatos (Braille, LGP, audiovisual, escrita simples), que re\u00fane as cinco personagens, cujas caracter\u00edsticas pessoais s\u00e3o representadas como sendo uma mais-valia para uma aventura vivida por TODOS.<\/p>\n<p><strong>Objetivos espec\u00edficos<\/strong><\/p>\n<p>1.\u00a0\u00a0\u00a0\u00a0\u00a0\u00a0\u00a0Sensibilizar os alunos para os quatro dom\u00ednios da defici\u00eancia;<\/p>\n<p>2.\u00a0\u00a0\u00a0\u00a0\u00a0\u00a0\u00a0Real\u00e7ar as caracter\u00edsticas de cada crian\u00e7a como sendo uma mais-valia para TODOS;<\/p>\n<p>3.\u00a0\u00a0\u00a0\u00a0\u00a0\u00a0\u00a0Mudar atitudes e comportamentos dos alunos face a indiv\u00edduos com\u00a0defici\u00eancia;<\/p>\n<p>4.\u00a0\u00a0\u00a0\u00a0\u00a0\u00a0\u00a0Ler e compreender um texto narrativo;<\/p>\n<p>5.\u00a0\u00a0\u00a0\u00a0\u00a0\u00a0\u00a0Relacionar o texto com os conhecimentos obtidos ao longo da utiliza\u00e7\u00e3o da maleta pedag\u00f3gica;<\/p>\n<p>6.\u00a0\u00a0\u00a0\u00a0\u00a0\u00a0\u00a0Incentivar a leitura partilhada.<\/p>\n<p>\u00a0<\/p>\n<p><strong>\u201cE aqui estamos!\u201d<\/strong><\/p>\n<p>Hist\u00f3ria final, com anima\u00e7\u00e3o e LGP.<\/p>\n<p>\u00a0<\/p>\n<p>Projeto cofinanciado pelo FEDER \u2013 Fundo Europeu de Desenvolvimento Regional, no \u00e2mbito do Programa Portugal 2020, atrav\u00e9s do CENTRO2020 &#8211; Programa Operacional Regional do Centro.<\/p>\n<p><img loading=\"lazy\" decoding=\"async\" class=\"alignleft size-large wp-image-3904\" src=\"http:\/\/iact.ipleiria.pt\/files\/2020\/07\/barra-logotipos-financiamento-e1594220473405-680x171.jpg\" alt=\"\" width=\"680\" height=\"171\" srcset=\"https:\/\/iact.ipleiria.pt\/files\/2020\/07\/barra-logotipos-financiamento-e1594220473405-680x171.jpg 680w, https:\/\/iact.ipleiria.pt\/files\/2020\/07\/barra-logotipos-financiamento-e1594220473405-300x76.jpg 300w, https:\/\/iact.ipleiria.pt\/files\/2020\/07\/barra-logotipos-financiamento-e1594220473405-150x38.jpg 150w, https:\/\/iact.ipleiria.pt\/files\/2020\/07\/barra-logotipos-financiamento-e1594220473405-768x194.jpg 768w, https:\/\/iact.ipleiria.pt\/files\/2020\/07\/barra-logotipos-financiamento-e1594220473405-100x25.jpg 100w, https:\/\/iact.ipleiria.pt\/files\/2020\/07\/barra-logotipos-financiamento-e1594220473405-180x45.jpg 180w, https:\/\/iact.ipleiria.pt\/files\/2020\/07\/barra-logotipos-financiamento-e1594220473405.jpg 1134w\" sizes=\"auto, (max-width: 680px) 100vw, 680px\" \/><\/p>\n","protected":false},"excerpt":{"rendered":"<p>Maleta \u00a0 \u00a0 A maleta, constru\u00edda por formandos com Dificuldades Intelectuais e Desenvolvimentais da CERCILEI, tem um formato cil\u00edndrico, \u00e9 feita de materiais naturais (madeira) e inclui seis compartimentos. No<\/p>\n<div class=\"more-link-container\"> [&hellip;]<\/div>\n<p> <span class=\"more-text\">[+]<\/span><\/p>\n","protected":false},"author":5123,"featured_media":0,"parent":0,"menu_order":0,"comment_status":"closed","ping_status":"closed","template":"","meta":{"footnotes":""},"class_list":["post-3538","page","type-page","status-publish","hentry"],"_links":{"self":[{"href":"https:\/\/iact.ipleiria.pt\/en\/wp-json\/wp\/v2\/pages\/3538","targetHints":{"allow":["GET"]}}],"collection":[{"href":"https:\/\/iact.ipleiria.pt\/en\/wp-json\/wp\/v2\/pages"}],"about":[{"href":"https:\/\/iact.ipleiria.pt\/en\/wp-json\/wp\/v2\/types\/page"}],"author":[{"embeddable":true,"href":"https:\/\/iact.ipleiria.pt\/en\/wp-json\/wp\/v2\/users\/5123"}],"replies":[{"embeddable":true,"href":"https:\/\/iact.ipleiria.pt\/en\/wp-json\/wp\/v2\/comments?post=3538"}],"version-history":[{"count":34,"href":"https:\/\/iact.ipleiria.pt\/en\/wp-json\/wp\/v2\/pages\/3538\/revisions"}],"predecessor-version":[{"id":3935,"href":"https:\/\/iact.ipleiria.pt\/en\/wp-json\/wp\/v2\/pages\/3538\/revisions\/3935"}],"wp:attachment":[{"href":"https:\/\/iact.ipleiria.pt\/en\/wp-json\/wp\/v2\/media?parent=3538"}],"curies":[{"name":"wp","href":"https:\/\/api.w.org\/{rel}","templated":true}]}}