{"id":3542,"date":"2020-06-30T10:23:02","date_gmt":"2020-06-30T09:23:02","guid":{"rendered":"http:\/\/iact.ipleiria.pt\/?page_id=3542"},"modified":"2020-07-08T16:06:47","modified_gmt":"2020-07-08T15:06:47","slug":"estado-da-arte","status":"publish","type":"page","link":"https:\/\/iact.ipleiria.pt\/en\/estado-da-arte\/","title":{"rendered":"Estado da Arte"},"content":{"rendered":"\n<p><img loading=\"lazy\" decoding=\"async\" class=\"alignleft size-large wp-image-3322\" src=\"http:\/\/iact.ipleiria.pt\/files\/2018\/06\/IMG_20180605_163009_preview-680x510.jpeg\" alt=\"\" width=\"680\" height=\"510\" srcset=\"https:\/\/iact.ipleiria.pt\/files\/2018\/06\/IMG_20180605_163009_preview-680x510.jpeg 680w, https:\/\/iact.ipleiria.pt\/files\/2018\/06\/IMG_20180605_163009_preview-150x113.jpeg 150w, https:\/\/iact.ipleiria.pt\/files\/2018\/06\/IMG_20180605_163009_preview-300x225.jpeg 300w, https:\/\/iact.ipleiria.pt\/files\/2018\/06\/IMG_20180605_163009_preview-768x576.jpeg 768w, https:\/\/iact.ipleiria.pt\/files\/2018\/06\/IMG_20180605_163009_preview-100x75.jpeg 100w, https:\/\/iact.ipleiria.pt\/files\/2018\/06\/IMG_20180605_163009_preview-180x135.jpeg 180w, https:\/\/iact.ipleiria.pt\/files\/2018\/06\/IMG_20180605_163009_preview.jpeg 1600w\" sizes=\"auto, (max-width: 680px) 100vw, 680px\" \/><\/p>\n<h1><strong>Descri\u00e7\u00e3o da atividade<\/strong><\/h1>\n<p>Numa primeira fase o projeto ProLearn4ALL foi apresentado a diferentes turmas das escolas de Ensino Superior participantes, onde se abordaram as tem\u00e1ticas da acessibilidade e inclus\u00e3o, de forma a contextualizar os estudantes e a motiv\u00e1-los para a concretiza\u00e7\u00e3o da atividade.<\/p>\n<p>Os estudantes envolvidos elaboraram pesquisas, no sentido de conhecerem as caracter\u00edsticas associadas \u00e0 defici\u00eancia auditiva, intelectual, motora e visual. Estas, permitiram a reflex\u00e3o e consciencializa\u00e7\u00e3o da import\u00e2ncia da inclus\u00e3o das pessoas com defici\u00eancia em todos os contextos da sua vida pessoal e social, nomeadamente no \u00e2mbito educativo.<\/p>\n<p>Para identificar o estado da arte foi feito um levantamento dos recursos l\u00fadico-pedag\u00f3gicos acess\u00edveis a crian\u00e7as do 1\u00ba CEB existentes no mercado e descritos na literatura cient\u00edfica.<\/p>\n<p>\u00a0<\/p>\n<h2><strong>Resultados<\/strong><\/h2>\n<p>S\u00ednteses tem\u00e1ticas que caracterizam os quatro dom\u00ednios da defici\u00eancia (auditiva, intelectual, motora e visual);<\/p>\n<p>Identifica\u00e7\u00e3o de recursos diversificados, tais como: jogos de tabuleiro, livros em multiformato, v\u00eddeos com interpreta\u00e7\u00e3o em L\u00edngua Gestual, materiais t\u00e1teis, entre outros;<\/p>\n<p>An\u00e1lise das principais caracter\u00edsticas dos recursos identificados, onde se destaca que a maioria se destina a grupos espec\u00edficos com determinada defici\u00eancia e n\u00e3o a TODAS as crian\u00e7as.<\/p>\n<p>\u00a0<\/p>\n<h3><strong>Participantes<\/strong><\/h3>\n<p>Equipa de investiga\u00e7\u00e3o;<\/p>\n<p>Mestrado em Comunica\u00e7\u00e3o Acess\u00edvel, ESECS, Polit\u00e9cnico de Leiria;<\/p>\n<p>Mestrado em Educa\u00e7\u00e3o Especial, ESECS, Polit\u00e9cnico de Leiria;<\/p>\n<p>Licenciatura em L\u00edngua Gestual Portuguesa, ESEC, Polit\u00e9cnico de Coimbra.<\/p>\n<p>\u00a0<\/p>\n<p>Projeto cofinanciado pelo FEDER \u2013 Fundo Europeu de Desenvolvimento Regional, no \u00e2mbito do Programa Portugal 2020, atrav\u00e9s do CENTRO2020 &#8211; Programa Operacional Regional do Centro.<\/p>\n<p><img loading=\"lazy\" decoding=\"async\" class=\"alignleft size-large wp-image-3904\" src=\"http:\/\/iact.ipleiria.pt\/files\/2020\/07\/barra-logotipos-financiamento-e1594220473405-680x171.jpg\" alt=\"\" width=\"680\" height=\"171\" srcset=\"https:\/\/iact.ipleiria.pt\/files\/2020\/07\/barra-logotipos-financiamento-e1594220473405-680x171.jpg 680w, https:\/\/iact.ipleiria.pt\/files\/2020\/07\/barra-logotipos-financiamento-e1594220473405-300x76.jpg 300w, https:\/\/iact.ipleiria.pt\/files\/2020\/07\/barra-logotipos-financiamento-e1594220473405-150x38.jpg 150w, https:\/\/iact.ipleiria.pt\/files\/2020\/07\/barra-logotipos-financiamento-e1594220473405-768x194.jpg 768w, https:\/\/iact.ipleiria.pt\/files\/2020\/07\/barra-logotipos-financiamento-e1594220473405-100x25.jpg 100w, https:\/\/iact.ipleiria.pt\/files\/2020\/07\/barra-logotipos-financiamento-e1594220473405-180x45.jpg 180w, https:\/\/iact.ipleiria.pt\/files\/2020\/07\/barra-logotipos-financiamento-e1594220473405.jpg 1134w\" sizes=\"auto, (max-width: 680px) 100vw, 680px\" \/><\/p>\n","protected":false},"excerpt":{"rendered":"<p>Descri\u00e7\u00e3o da atividade Numa primeira fase o projeto ProLearn4ALL foi apresentado a diferentes turmas das escolas de Ensino Superior participantes, onde se abordaram as tem\u00e1ticas da acessibilidade e inclus\u00e3o, de<\/p>\n<div class=\"more-link-container\"> [&hellip;]<\/div>\n<p> <span class=\"more-text\">[+]<\/span><\/p>\n","protected":false},"author":5123,"featured_media":0,"parent":0,"menu_order":0,"comment_status":"closed","ping_status":"closed","template":"","meta":{"footnotes":""},"class_list":["post-3542","page","type-page","status-publish","hentry"],"_links":{"self":[{"href":"https:\/\/iact.ipleiria.pt\/en\/wp-json\/wp\/v2\/pages\/3542","targetHints":{"allow":["GET"]}}],"collection":[{"href":"https:\/\/iact.ipleiria.pt\/en\/wp-json\/wp\/v2\/pages"}],"about":[{"href":"https:\/\/iact.ipleiria.pt\/en\/wp-json\/wp\/v2\/types\/page"}],"author":[{"embeddable":true,"href":"https:\/\/iact.ipleiria.pt\/en\/wp-json\/wp\/v2\/users\/5123"}],"replies":[{"embeddable":true,"href":"https:\/\/iact.ipleiria.pt\/en\/wp-json\/wp\/v2\/comments?post=3542"}],"version-history":[{"count":10,"href":"https:\/\/iact.ipleiria.pt\/en\/wp-json\/wp\/v2\/pages\/3542\/revisions"}],"predecessor-version":[{"id":3925,"href":"https:\/\/iact.ipleiria.pt\/en\/wp-json\/wp\/v2\/pages\/3542\/revisions\/3925"}],"wp:attachment":[{"href":"https:\/\/iact.ipleiria.pt\/en\/wp-json\/wp\/v2\/media?parent=3542"}],"curies":[{"name":"wp","href":"https:\/\/api.w.org\/{rel}","templated":true}]}}