{"id":3546,"date":"2020-06-30T10:26:02","date_gmt":"2020-06-30T09:26:02","guid":{"rendered":"http:\/\/iact.ipleiria.pt\/?page_id=3546"},"modified":"2020-07-08T16:04:22","modified_gmt":"2020-07-08T15:04:22","slug":"conceptualizacao","status":"publish","type":"page","link":"https:\/\/iact.ipleiria.pt\/en\/conceptualizacao\/","title":{"rendered":"Conceptualiza\u00e7\u00e3o"},"content":{"rendered":"\n<p><img loading=\"lazy\" decoding=\"async\" class=\"alignleft size-large wp-image-3706\" src=\"http:\/\/iact.ipleiria.pt\/files\/2020\/06\/IMG_20180116_105503-680x382.jpg\" alt=\"\" width=\"680\" height=\"382\" srcset=\"https:\/\/iact.ipleiria.pt\/files\/2020\/06\/IMG_20180116_105503-680x382.jpg 680w, https:\/\/iact.ipleiria.pt\/files\/2020\/06\/IMG_20180116_105503-300x168.jpg 300w, https:\/\/iact.ipleiria.pt\/files\/2020\/06\/IMG_20180116_105503-150x84.jpg 150w, https:\/\/iact.ipleiria.pt\/files\/2020\/06\/IMG_20180116_105503-768x431.jpg 768w, https:\/\/iact.ipleiria.pt\/files\/2020\/06\/IMG_20180116_105503-1536x863.jpg 1536w, https:\/\/iact.ipleiria.pt\/files\/2020\/06\/IMG_20180116_105503-2048x1150.jpg 2048w, https:\/\/iact.ipleiria.pt\/files\/2020\/06\/IMG_20180116_105503-100x56.jpg 100w, https:\/\/iact.ipleiria.pt\/files\/2020\/06\/IMG_20180116_105503-180x101.jpg 180w\" sizes=\"auto, (max-width: 680px) 100vw, 680px\" \/><\/p>\n<h1><strong>Descri\u00e7\u00e3o da atividade<\/strong><\/h1>\n<p>Aos estudantes envolvidos foram dados a conhecer os resultados da atividade anterior, tendo sido os mesmos organizados em grupos de trabalho, em fun\u00e7\u00e3o do dom\u00ednio da defici\u00eancia escolhido. Cada equipa conceptualizou e produziu um recurso acess\u00edvel, tendo-se centrado na componente pedag\u00f3gica, com o intuito de apresentar as principais caracter\u00edsticas das defici\u00eancias, aumentando o conhecimento e a consci\u00eancia das crian\u00e7as nesta \u00e1rea.<\/p>\n<p>No final da atividade, a equipa de investiga\u00e7\u00e3o reuniu para analisar e selecionar as propostas desenvolvidas pelos estudantes, em fun\u00e7\u00e3o dos objetivos do projeto.<\/p>\n<p>\u00a0<\/p>\n<h2><strong>Resultados<\/strong><\/h2>\n<p>Conceptualiza\u00e7\u00e3o de dezenas de recursos l\u00fadico-pedag\u00f3gicos acess\u00edveis, tais como livros em multiformato de sensibiliza\u00e7\u00e3o para a tem\u00e1tica da defici\u00eancia, jogos de pergunta-resposta, jogos de ch\u00e3o, entre outras;<\/p>\n<p>Sele\u00e7\u00e3o de dez propostas de recursos l\u00fadico-pedag\u00f3gicos acess\u00edveis (cinco livros de apresenta\u00e7\u00e3o de personagens, quatro jogos inovadores e uma hist\u00f3ria final com uma abordagem hol\u00edstica);<\/p>\n<p>Inqu\u00e9ritos por question\u00e1rio preenchidos pelos estudantes de Ensino Superior.<\/p>\n<p>\u00a0<\/p>\n<h3><strong>Participantes<\/strong><\/h3>\n<p>Equipa de investiga\u00e7\u00e3o;<\/p>\n<p>Mestrado em Educa\u00e7\u00e3o Especial, ESECS, Polit\u00e9cnico de Leiria;<\/p>\n<p>Licenciatura em Educa\u00e7\u00e3o B\u00e1sica, ESECS, Polit\u00e9cnico de Leiria;<\/p>\n<p>Licenciatura em Educa\u00e7\u00e3o Social, ESECS, Polit\u00e9cnico de Leiria;<\/p>\n<p>Licenciatura em L\u00edngua Gestual Portuguesa, ESEC, Polit\u00e9cnico de Coimbra;<\/p>\n<p>Curso T\u00e9cnico Superior Profissional em Interven\u00e7\u00e3o em Espa\u00e7os Educativos, ESECS, Polit\u00e9cnico de Leiria.<\/p>\n<p>\u00a0<\/p>\n<p>Projeto cofinanciado pelo FEDER \u2013 Fundo Europeu de Desenvolvimento Regional, no \u00e2mbito do Programa Portugal 2020, atrav\u00e9s do CENTRO2020 &#8211; Programa Operacional Regional do Centro.<\/p>\n<p><img loading=\"lazy\" decoding=\"async\" class=\"alignleft size-large wp-image-3904\" src=\"http:\/\/iact.ipleiria.pt\/files\/2020\/07\/barra-logotipos-financiamento-e1594220473405-680x171.jpg\" alt=\"\" width=\"680\" height=\"171\" srcset=\"https:\/\/iact.ipleiria.pt\/files\/2020\/07\/barra-logotipos-financiamento-e1594220473405-680x171.jpg 680w, https:\/\/iact.ipleiria.pt\/files\/2020\/07\/barra-logotipos-financiamento-e1594220473405-300x76.jpg 300w, https:\/\/iact.ipleiria.pt\/files\/2020\/07\/barra-logotipos-financiamento-e1594220473405-150x38.jpg 150w, https:\/\/iact.ipleiria.pt\/files\/2020\/07\/barra-logotipos-financiamento-e1594220473405-768x194.jpg 768w, https:\/\/iact.ipleiria.pt\/files\/2020\/07\/barra-logotipos-financiamento-e1594220473405-100x25.jpg 100w, https:\/\/iact.ipleiria.pt\/files\/2020\/07\/barra-logotipos-financiamento-e1594220473405-180x45.jpg 180w, https:\/\/iact.ipleiria.pt\/files\/2020\/07\/barra-logotipos-financiamento-e1594220473405.jpg 1134w\" sizes=\"auto, (max-width: 680px) 100vw, 680px\" \/><\/p>\n<p>\u00a0<\/p>\n","protected":false},"excerpt":{"rendered":"<p>Descri\u00e7\u00e3o da atividade Aos estudantes envolvidos foram dados a conhecer os resultados da atividade anterior, tendo sido os mesmos organizados em grupos de trabalho, em fun\u00e7\u00e3o do dom\u00ednio da defici\u00eancia<\/p>\n<div class=\"more-link-container\"> [&hellip;]<\/div>\n<p> <span class=\"more-text\">[+]<\/span><\/p>\n","protected":false},"author":5123,"featured_media":0,"parent":0,"menu_order":0,"comment_status":"closed","ping_status":"closed","template":"","meta":{"footnotes":""},"class_list":["post-3546","page","type-page","status-publish","hentry"],"_links":{"self":[{"href":"https:\/\/iact.ipleiria.pt\/en\/wp-json\/wp\/v2\/pages\/3546","targetHints":{"allow":["GET"]}}],"collection":[{"href":"https:\/\/iact.ipleiria.pt\/en\/wp-json\/wp\/v2\/pages"}],"about":[{"href":"https:\/\/iact.ipleiria.pt\/en\/wp-json\/wp\/v2\/types\/page"}],"author":[{"embeddable":true,"href":"https:\/\/iact.ipleiria.pt\/en\/wp-json\/wp\/v2\/users\/5123"}],"replies":[{"embeddable":true,"href":"https:\/\/iact.ipleiria.pt\/en\/wp-json\/wp\/v2\/comments?post=3546"}],"version-history":[{"count":11,"href":"https:\/\/iact.ipleiria.pt\/en\/wp-json\/wp\/v2\/pages\/3546\/revisions"}],"predecessor-version":[{"id":3917,"href":"https:\/\/iact.ipleiria.pt\/en\/wp-json\/wp\/v2\/pages\/3546\/revisions\/3917"}],"wp:attachment":[{"href":"https:\/\/iact.ipleiria.pt\/en\/wp-json\/wp\/v2\/media?parent=3546"}],"curies":[{"name":"wp","href":"https:\/\/api.w.org\/{rel}","templated":true}]}}