{"id":3549,"date":"2020-06-30T10:29:35","date_gmt":"2020-06-30T09:29:35","guid":{"rendered":"http:\/\/iact.ipleiria.pt\/?page_id=3549"},"modified":"2020-07-08T16:05:47","modified_gmt":"2020-07-08T15:05:47","slug":"design-e-ilustracao","status":"publish","type":"page","link":"https:\/\/iact.ipleiria.pt\/en\/design-e-ilustracao\/","title":{"rendered":"Design e ilustra\u00e7\u00e3o"},"content":{"rendered":"\n<p><img loading=\"lazy\" decoding=\"async\" class=\"alignleft size-full wp-image-3340\" src=\"http:\/\/iact.ipleiria.pt\/files\/2018\/06\/fotomontagem_noticia.png\" alt=\"\" width=\"570\" height=\"378\" srcset=\"https:\/\/iact.ipleiria.pt\/files\/2018\/06\/fotomontagem_noticia.png 570w, https:\/\/iact.ipleiria.pt\/files\/2018\/06\/fotomontagem_noticia-150x99.png 150w, https:\/\/iact.ipleiria.pt\/files\/2018\/06\/fotomontagem_noticia-300x199.png 300w, https:\/\/iact.ipleiria.pt\/files\/2018\/06\/fotomontagem_noticia-100x66.png 100w, https:\/\/iact.ipleiria.pt\/files\/2018\/06\/fotomontagem_noticia-180x119.png 180w\" sizes=\"auto, (max-width: 570px) 100vw, 570px\" \/><\/p>\n<h1><strong>Descri\u00e7\u00e3o da atividade<\/strong><\/h1>\n<p>No in\u00edcio da presente atividade foram apresentados os resultados das fases anteriores, convidando-se os estudantes de artes e design a elaborarem propostas que se adequassem aos recursos l\u00fadico-pedag\u00f3gicos selecionados. Neste sentido, procedeu-se \u00e0 identifica\u00e7\u00e3o, teste e sele\u00e7\u00e3o de diferentes materiais, que permitissem a acessibilidade dos recursos ao maior n\u00famero de crian\u00e7as.<\/p>\n<p>Para o desenvolvimento de propostas de design e ilustra\u00e7\u00e3o para os recursos e de forma a criar empatia, foi adotada uma metodologia pedag\u00f3gica em que os estudantes foram desafiados a colocarem-se no papel do outro, nomeadamente atrav\u00e9s de:<\/p>\n<ul>\n<li>Utiliza\u00e7\u00e3o de auscultadores, sendo necess\u00e1rio procurar formas alternativas de comunica\u00e7\u00e3o;<\/li>\n<li>Coloca\u00e7\u00e3o de vendas nos olhos, sendo os estudantes convidados a criarem silhuetas e texturas simples que os seus pares teriam de identificar atrav\u00e9s do tato;<\/li>\n<li>Utiliza\u00e7\u00e3o de restritores motores para manuseamento dos recursos e\/ou de cadeira de rodas como forma de desloca\u00e7\u00e3o;<\/li>\n<li>Partilha de experi\u00eancias de estudantes que tiveram contacto com pessoas com defici\u00eancia intelectual.<\/li>\n<\/ul>\n<p>Aos estudantes foi, ainda, solicitado que apresentassem ideias para a cria\u00e7\u00e3o de um objeto que permitisse o suporte e o transporte dos recursos l\u00fadico-pedag\u00f3gicos (maleta).<\/p>\n<p>Todas as propostas foram analisadas pela equipa de investiga\u00e7\u00e3o com o intuito de selecionar as que melhor se adequavam ao prop\u00f3sito do projeto.<\/p>\n<p>\u00a0<\/p>\n<h2><strong>Resultados<\/strong><\/h2>\n<p>Conceptualiza\u00e7\u00e3o de diversas propostas de design e ilustra\u00e7\u00e3o para os recursos l\u00fadico-pedag\u00f3gicos acess\u00edveis, tais como: livros harm\u00f3nios (Leporello); jogos (de ch\u00e3o, de tabuleiro, orienta\u00e7\u00e3o, etc.), v\u00eddeos, entre outros;<\/p>\n<p>Sele\u00e7\u00e3o dos materiais, ilustra\u00e7\u00f5es e design a utilizar nos recursos l\u00fadico-pedag\u00f3gicos acess\u00edveis e na maleta;<\/p>\n<p>Inqu\u00e9ritos por question\u00e1rio preenchidos pelos estudantes de Ensino Superior.<\/p>\n<p>\u00a0<\/p>\n<h3><strong>Participantes<\/strong><\/h3>\n<p>Equipa de investiga\u00e7\u00e3o;<\/p>\n<p>Curso T\u00e9cnico Superior Profissional em Ilustra\u00e7\u00e3o e Produ\u00e7\u00e3o Gr\u00e1fica, ESAD.CR, Polit\u00e9cnico de Leiria;<\/p>\n<p>\u00a0<\/p>\n<p>Projeto cofinanciado pelo FEDER \u2013 Fundo Europeu de Desenvolvimento Regional, no \u00e2mbito do Programa Portugal 2020, atrav\u00e9s do CENTRO2020 &#8211; Programa Operacional Regional do Centro.<\/p>\n<p><img loading=\"lazy\" decoding=\"async\" class=\"alignleft size-large wp-image-3904\" src=\"http:\/\/iact.ipleiria.pt\/files\/2020\/07\/barra-logotipos-financiamento-e1594220473405-680x171.jpg\" alt=\"\" width=\"680\" height=\"171\" srcset=\"https:\/\/iact.ipleiria.pt\/files\/2020\/07\/barra-logotipos-financiamento-e1594220473405-680x171.jpg 680w, https:\/\/iact.ipleiria.pt\/files\/2020\/07\/barra-logotipos-financiamento-e1594220473405-300x76.jpg 300w, https:\/\/iact.ipleiria.pt\/files\/2020\/07\/barra-logotipos-financiamento-e1594220473405-150x38.jpg 150w, https:\/\/iact.ipleiria.pt\/files\/2020\/07\/barra-logotipos-financiamento-e1594220473405-768x194.jpg 768w, https:\/\/iact.ipleiria.pt\/files\/2020\/07\/barra-logotipos-financiamento-e1594220473405-100x25.jpg 100w, https:\/\/iact.ipleiria.pt\/files\/2020\/07\/barra-logotipos-financiamento-e1594220473405-180x45.jpg 180w, https:\/\/iact.ipleiria.pt\/files\/2020\/07\/barra-logotipos-financiamento-e1594220473405.jpg 1134w\" sizes=\"auto, (max-width: 680px) 100vw, 680px\" \/><\/p>\n","protected":false},"excerpt":{"rendered":"<p>Descri\u00e7\u00e3o da atividade No in\u00edcio da presente atividade foram apresentados os resultados das fases anteriores, convidando-se os estudantes de artes e design a elaborarem propostas que se adequassem aos recursos<\/p>\n<div class=\"more-link-container\"> [&hellip;]<\/div>\n<p> <span class=\"more-text\">[+]<\/span><\/p>\n","protected":false},"author":5123,"featured_media":0,"parent":0,"menu_order":0,"comment_status":"closed","ping_status":"closed","template":"","meta":{"footnotes":""},"class_list":["post-3549","page","type-page","status-publish","hentry"],"_links":{"self":[{"href":"https:\/\/iact.ipleiria.pt\/en\/wp-json\/wp\/v2\/pages\/3549","targetHints":{"allow":["GET"]}}],"collection":[{"href":"https:\/\/iact.ipleiria.pt\/en\/wp-json\/wp\/v2\/pages"}],"about":[{"href":"https:\/\/iact.ipleiria.pt\/en\/wp-json\/wp\/v2\/types\/page"}],"author":[{"embeddable":true,"href":"https:\/\/iact.ipleiria.pt\/en\/wp-json\/wp\/v2\/users\/5123"}],"replies":[{"embeddable":true,"href":"https:\/\/iact.ipleiria.pt\/en\/wp-json\/wp\/v2\/comments?post=3549"}],"version-history":[{"count":16,"href":"https:\/\/iact.ipleiria.pt\/en\/wp-json\/wp\/v2\/pages\/3549\/revisions"}],"predecessor-version":[{"id":3921,"href":"https:\/\/iact.ipleiria.pt\/en\/wp-json\/wp\/v2\/pages\/3549\/revisions\/3921"}],"wp:attachment":[{"href":"https:\/\/iact.ipleiria.pt\/en\/wp-json\/wp\/v2\/media?parent=3549"}],"curies":[{"name":"wp","href":"https:\/\/api.w.org\/{rel}","templated":true}]}}