{"id":3552,"date":"2020-06-30T10:32:23","date_gmt":"2020-06-30T09:32:23","guid":{"rendered":"http:\/\/iact.ipleiria.pt\/?page_id=3552"},"modified":"2020-07-08T16:07:57","modified_gmt":"2020-07-08T15:07:57","slug":"producao","status":"publish","type":"page","link":"https:\/\/iact.ipleiria.pt\/en\/producao\/","title":{"rendered":"Produ\u00e7\u00e3o"},"content":{"rendered":"\n<p><img loading=\"lazy\" decoding=\"async\" class=\"alignleft size-large wp-image-3718\" src=\"http:\/\/iact.ipleiria.pt\/files\/2020\/06\/20180914_122110-scaled-e1593537378425-680x380.jpg\" alt=\"\" width=\"680\" height=\"380\" srcset=\"https:\/\/iact.ipleiria.pt\/files\/2020\/06\/20180914_122110-scaled-e1593537378425-680x380.jpg 680w, https:\/\/iact.ipleiria.pt\/files\/2020\/06\/20180914_122110-scaled-e1593537378425-300x168.jpg 300w, https:\/\/iact.ipleiria.pt\/files\/2020\/06\/20180914_122110-scaled-e1593537378425-150x84.jpg 150w, https:\/\/iact.ipleiria.pt\/files\/2020\/06\/20180914_122110-scaled-e1593537378425-768x429.jpg 768w, https:\/\/iact.ipleiria.pt\/files\/2020\/06\/20180914_122110-scaled-e1593537378425-1536x859.jpg 1536w, https:\/\/iact.ipleiria.pt\/files\/2020\/06\/20180914_122110-scaled-e1593537378425-2048x1145.jpg 2048w, https:\/\/iact.ipleiria.pt\/files\/2020\/06\/20180914_122110-scaled-e1593537378425-100x56.jpg 100w, https:\/\/iact.ipleiria.pt\/files\/2020\/06\/20180914_122110-scaled-e1593537378425-180x101.jpg 180w\" sizes=\"auto, (max-width: 680px) 100vw, 680px\" \/><\/p>\n<h1><strong>Descri\u00e7\u00e3o da atividade<\/strong><\/h1>\n<p>Com o intuito de produzir o prot\u00f3tipo a testar nas escolas de 1\u00ba CEB, participaram nesta atividade os estudantes da ESAD.CR e da ESEC (para cria\u00e7\u00e3o dos recursos) e os formandos do CINFORM, CERCILEI (para a cria\u00e7\u00e3o da maleta). Para al\u00e9m dos estudantes participaram, ainda, outros elementos que colaboraram na produ\u00e7\u00e3o da maletas e respetivos recursos, nomeadamente crian\u00e7as do 1\u00ba CEB (vozes) e t\u00e9cnicos superiores (edi\u00e7\u00e3o de v\u00eddeo e \u00e1udio, impress\u00e3o 3D).<\/p>\n<p>Estes trabalhos foram desenvolvidos nas Oficinas de Serigrafia e Gravura, Oficina Gr\u00e1fica e Oficina de Prototipagem Digital, da ESAD.CR, nos est\u00fadios de r\u00e1dio e televis\u00e3o da ESECS e da ESEC, no Centro de Recursos para a Inclus\u00e3o Digital (CRID) e nas Oficinas de Madeiras e Metais da CINFORM, CERCILEI.<\/p>\n<p>\u00a0<\/p>\n<h2><strong>Resultados<\/strong><\/h2>\n<p>1 maleta;<\/p>\n<p>5 livros harm\u00f3nios (um para apresenta\u00e7\u00e3o de cada personagem);<\/p>\n<p>4 jogos l\u00fadico-pedag\u00f3gicos (um por cada dom\u00ednio da defici\u00eancia);<\/p>\n<p>1 hist\u00f3ria final (que re\u00fane as 5 personagens e os 4 dom\u00ednios da defici\u00eancia);<\/p>\n<p>Grupos focais com a dire\u00e7\u00e3o da CERCILEI e formadores dos cursos da CINFORM.<\/p>\n<p>\u00a0<\/p>\n<h3><strong>Participantes<\/strong><\/h3>\n<p>Equipa de investiga\u00e7\u00e3o;<\/p>\n<p>Curso T\u00e9cnico Superior Profissional em Ilustra\u00e7\u00e3o e Produ\u00e7\u00e3o Gr\u00e1fica, ESAD.CR, Polit\u00e9cnico de Leiria;<\/p>\n<p>Licenciatura em L\u00edngua Gestual Portuguesa, ESEC, Polit\u00e9cnico de Coimbra;<\/p>\n<p>Curso de Operador de Acabamentos de Madeira e Mobili\u00e1rio, CINFORM, CERCILEI, Leiria;<\/p>\n<p>Curso de Serralharia Civil, CINFORM, CERCILEI, Leiria.<\/p>\n<p>\u00a0<\/p>\n<p>Projeto cofinanciado pelo FEDER \u2013 Fundo Europeu de Desenvolvimento Regional, no \u00e2mbito do Programa Portugal 2020, atrav\u00e9s do CENTRO2020 &#8211; Programa Operacional Regional do Centro.<\/p>\n<p><img loading=\"lazy\" decoding=\"async\" class=\"alignleft size-large wp-image-3904\" src=\"http:\/\/iact.ipleiria.pt\/files\/2020\/07\/barra-logotipos-financiamento-e1594220473405-680x171.jpg\" alt=\"\" width=\"680\" height=\"171\" srcset=\"https:\/\/iact.ipleiria.pt\/files\/2020\/07\/barra-logotipos-financiamento-e1594220473405-680x171.jpg 680w, https:\/\/iact.ipleiria.pt\/files\/2020\/07\/barra-logotipos-financiamento-e1594220473405-300x76.jpg 300w, https:\/\/iact.ipleiria.pt\/files\/2020\/07\/barra-logotipos-financiamento-e1594220473405-150x38.jpg 150w, https:\/\/iact.ipleiria.pt\/files\/2020\/07\/barra-logotipos-financiamento-e1594220473405-768x194.jpg 768w, https:\/\/iact.ipleiria.pt\/files\/2020\/07\/barra-logotipos-financiamento-e1594220473405-100x25.jpg 100w, https:\/\/iact.ipleiria.pt\/files\/2020\/07\/barra-logotipos-financiamento-e1594220473405-180x45.jpg 180w, https:\/\/iact.ipleiria.pt\/files\/2020\/07\/barra-logotipos-financiamento-e1594220473405.jpg 1134w\" sizes=\"auto, (max-width: 680px) 100vw, 680px\" \/><\/p>\n","protected":false},"excerpt":{"rendered":"<p>Descri\u00e7\u00e3o da atividade Com o intuito de produzir o prot\u00f3tipo a testar nas escolas de 1\u00ba CEB, participaram nesta atividade os estudantes da ESAD.CR e da ESEC (para cria\u00e7\u00e3o dos<\/p>\n<div class=\"more-link-container\"> [&hellip;]<\/div>\n<p> <span class=\"more-text\">[+]<\/span><\/p>\n","protected":false},"author":5123,"featured_media":0,"parent":0,"menu_order":0,"comment_status":"closed","ping_status":"closed","template":"","meta":{"footnotes":""},"class_list":["post-3552","page","type-page","status-publish","hentry"],"_links":{"self":[{"href":"https:\/\/iact.ipleiria.pt\/en\/wp-json\/wp\/v2\/pages\/3552","targetHints":{"allow":["GET"]}}],"collection":[{"href":"https:\/\/iact.ipleiria.pt\/en\/wp-json\/wp\/v2\/pages"}],"about":[{"href":"https:\/\/iact.ipleiria.pt\/en\/wp-json\/wp\/v2\/types\/page"}],"author":[{"embeddable":true,"href":"https:\/\/iact.ipleiria.pt\/en\/wp-json\/wp\/v2\/users\/5123"}],"replies":[{"embeddable":true,"href":"https:\/\/iact.ipleiria.pt\/en\/wp-json\/wp\/v2\/comments?post=3552"}],"version-history":[{"count":15,"href":"https:\/\/iact.ipleiria.pt\/en\/wp-json\/wp\/v2\/pages\/3552\/revisions"}],"predecessor-version":[{"id":3929,"href":"https:\/\/iact.ipleiria.pt\/en\/wp-json\/wp\/v2\/pages\/3552\/revisions\/3929"}],"wp:attachment":[{"href":"https:\/\/iact.ipleiria.pt\/en\/wp-json\/wp\/v2\/media?parent=3552"}],"curies":[{"name":"wp","href":"https:\/\/api.w.org\/{rel}","templated":true}]}}