{"id":3555,"date":"2020-06-30T10:34:48","date_gmt":"2020-06-30T09:34:48","guid":{"rendered":"http:\/\/iact.ipleiria.pt\/?page_id=3555"},"modified":"2020-07-08T16:10:22","modified_gmt":"2020-07-08T15:10:22","slug":"teste-no-1o-ceb","status":"publish","type":"page","link":"https:\/\/iact.ipleiria.pt\/en\/teste-no-1o-ceb\/","title":{"rendered":"Teste no 1\u00ba CEB"},"content":{"rendered":"\n<p><img loading=\"lazy\" decoding=\"async\" class=\"alignleft size-large wp-image-3724\" src=\"http:\/\/iact.ipleiria.pt\/files\/2020\/06\/20190613_120159-680x383.jpg\" alt=\"\" width=\"680\" height=\"383\" srcset=\"https:\/\/iact.ipleiria.pt\/files\/2020\/06\/20190613_120159-680x383.jpg 680w, https:\/\/iact.ipleiria.pt\/files\/2020\/06\/20190613_120159-300x169.jpg 300w, https:\/\/iact.ipleiria.pt\/files\/2020\/06\/20190613_120159-150x84.jpg 150w, https:\/\/iact.ipleiria.pt\/files\/2020\/06\/20190613_120159-768x432.jpg 768w, https:\/\/iact.ipleiria.pt\/files\/2020\/06\/20190613_120159-1536x864.jpg 1536w, https:\/\/iact.ipleiria.pt\/files\/2020\/06\/20190613_120159-2048x1152.jpg 2048w, https:\/\/iact.ipleiria.pt\/files\/2020\/06\/20190613_120159-100x56.jpg 100w, https:\/\/iact.ipleiria.pt\/files\/2020\/06\/20190613_120159-180x101.jpg 180w\" sizes=\"auto, (max-width: 680px) 100vw, 680px\" \/><\/p>\n<h1><strong>Descri\u00e7\u00e3o da atividade<\/strong><\/h1>\n<p>No \u00e2mbito das pr\u00e1ticas pedag\u00f3gicas da Licenciatura em Educa\u00e7\u00e3o B\u00e1sica e do Mestrado em Ensino do 1\u00ba CEB e de Matem\u00e1tica e Ci\u00eancias Naturais no 2\u00ba CEB, da ESECS, os estudantes foram convidados a testar a maleta pedag\u00f3gica nos seus contextos de est\u00e1gio. Para tal, foram selecionadas quatro turmas, uma de cada ano de escolaridade, pertencentes \u00e0 EB1 da Touria, do Agrupamento de Escolas Correia Mateus, Leiria.<\/p>\n<p>Para permitir a identifica\u00e7\u00e3o das potencialidades e fragilidades de todos os materiais, foram aplicados instrumentos de recolha de dados relativos \u00e0 usabilidade, acessibilidade e utilidade do prot\u00f3tipo da maleta pedag\u00f3gica.<\/p>\n<p>\u00a0<\/p>\n<h2><strong>Resultados<\/strong><\/h2>\n<p>Grelhas de observa\u00e7\u00e3o preenchidas pelos professores estagi\u00e1rios;<\/p>\n<p>Inqu\u00e9ritos por question\u00e1rio preenchidos pelos alunos do 1\u00ba CEB;<\/p>\n<p>Inqu\u00e9ritos por entrevista respondidos pelos professores titulares das turmas onde foi implementada a maleta pedag\u00f3gica.<\/p>\n<p>\u00a0<\/p>\n<h3><strong>Participantes<\/strong><\/h3>\n<p>Equipa de investiga\u00e7\u00e3o;<\/p>\n<p>Mestrado em Ensino do 1\u00ba CEB e de Matem\u00e1tica e Ci\u00eancias Naturais no 2\u00ba CEB, da ESECS;<\/p>\n<p>Licenciatura em Educa\u00e7\u00e3o B\u00e1sica, ESECS, Polit\u00e9cnico de Leiria;<\/p>\n<p>Turmas da EB1 da Touria, Agrupamento de Escolas Correia Mateus, Leiria.<\/p>\n<p>\u00a0<\/p>\n<p>Projeto cofinanciado pelo FEDER \u2013 Fundo Europeu de Desenvolvimento Regional, no \u00e2mbito do Programa Portugal 2020, atrav\u00e9s do CENTRO2020 &#8211; Programa Operacional Regional do Centro.<\/p>\n<p><img loading=\"lazy\" decoding=\"async\" class=\"alignleft size-large wp-image-3904\" src=\"http:\/\/iact.ipleiria.pt\/files\/2020\/07\/barra-logotipos-financiamento-e1594220473405-680x171.jpg\" alt=\"\" width=\"680\" height=\"171\" srcset=\"https:\/\/iact.ipleiria.pt\/files\/2020\/07\/barra-logotipos-financiamento-e1594220473405-680x171.jpg 680w, https:\/\/iact.ipleiria.pt\/files\/2020\/07\/barra-logotipos-financiamento-e1594220473405-300x76.jpg 300w, https:\/\/iact.ipleiria.pt\/files\/2020\/07\/barra-logotipos-financiamento-e1594220473405-150x38.jpg 150w, https:\/\/iact.ipleiria.pt\/files\/2020\/07\/barra-logotipos-financiamento-e1594220473405-768x194.jpg 768w, https:\/\/iact.ipleiria.pt\/files\/2020\/07\/barra-logotipos-financiamento-e1594220473405-100x25.jpg 100w, https:\/\/iact.ipleiria.pt\/files\/2020\/07\/barra-logotipos-financiamento-e1594220473405-180x45.jpg 180w, https:\/\/iact.ipleiria.pt\/files\/2020\/07\/barra-logotipos-financiamento-e1594220473405.jpg 1134w\" sizes=\"auto, (max-width: 680px) 100vw, 680px\" \/><\/p>\n","protected":false},"excerpt":{"rendered":"<p>Descri\u00e7\u00e3o da atividade No \u00e2mbito das pr\u00e1ticas pedag\u00f3gicas da Licenciatura em Educa\u00e7\u00e3o B\u00e1sica e do Mestrado em Ensino do 1\u00ba CEB e de Matem\u00e1tica e Ci\u00eancias Naturais no 2\u00ba CEB,<\/p>\n<div class=\"more-link-container\"> [&hellip;]<\/div>\n<p> <span class=\"more-text\">[+]<\/span><\/p>\n","protected":false},"author":5123,"featured_media":0,"parent":0,"menu_order":0,"comment_status":"closed","ping_status":"closed","template":"","meta":{"footnotes":""},"class_list":["post-3555","page","type-page","status-publish","hentry"],"_links":{"self":[{"href":"https:\/\/iact.ipleiria.pt\/en\/wp-json\/wp\/v2\/pages\/3555","targetHints":{"allow":["GET"]}}],"collection":[{"href":"https:\/\/iact.ipleiria.pt\/en\/wp-json\/wp\/v2\/pages"}],"about":[{"href":"https:\/\/iact.ipleiria.pt\/en\/wp-json\/wp\/v2\/types\/page"}],"author":[{"embeddable":true,"href":"https:\/\/iact.ipleiria.pt\/en\/wp-json\/wp\/v2\/users\/5123"}],"replies":[{"embeddable":true,"href":"https:\/\/iact.ipleiria.pt\/en\/wp-json\/wp\/v2\/comments?post=3555"}],"version-history":[{"count":10,"href":"https:\/\/iact.ipleiria.pt\/en\/wp-json\/wp\/v2\/pages\/3555\/revisions"}],"predecessor-version":[{"id":3939,"href":"https:\/\/iact.ipleiria.pt\/en\/wp-json\/wp\/v2\/pages\/3555\/revisions\/3939"}],"wp:attachment":[{"href":"https:\/\/iact.ipleiria.pt\/en\/wp-json\/wp\/v2\/media?parent=3555"}],"curies":[{"name":"wp","href":"https:\/\/api.w.org\/{rel}","templated":true}]}}