{"id":3558,"date":"2020-06-30T10:39:10","date_gmt":"2020-06-30T09:39:10","guid":{"rendered":"http:\/\/iact.ipleiria.pt\/?page_id=3558"},"modified":"2020-07-08T16:09:56","modified_gmt":"2020-07-08T15:09:56","slug":"revisao-e-reformulacao","status":"publish","type":"page","link":"https:\/\/iact.ipleiria.pt\/en\/revisao-e-reformulacao\/","title":{"rendered":"Revis\u00e3o e reformula\u00e7\u00e3o"},"content":{"rendered":"\n<h1><strong>Descri\u00e7\u00e3o da atividade<\/strong><\/h1>\n<p>O teste no 1\u00ba CEB e o parecer dos especialistas na \u00e1rea da inclus\u00e3o (que decorreu em simult\u00e2neo com a corrente atividade) permitiu a obten\u00e7\u00e3o de um conjunto de dados provenientes de instrumentos parametrizados. A partir da an\u00e1lise destes dados identificaram-se elementos que possibilitaram a reformula\u00e7\u00e3o e melhoria de uma maleta pedag\u00f3gica.<\/p>\n<p>\u00a0<\/p>\n<h2><strong>Resultados<\/strong><\/h2>\n<p>1 maleta pedag\u00f3gica melhorada.<\/p>\n<p>\u00a0<\/p>\n<h3><strong>Participantes<\/strong><\/h3>\n<p>Equipa de investiga\u00e7\u00e3o;<\/p>\n<p>Curso T\u00e9cnico Superior Profissional em Ilustra\u00e7\u00e3o e Produ\u00e7\u00e3o Gr\u00e1fica, ESAD.CR, Polit\u00e9cnico de Leiria;<\/p>\n<p>Licenciatura em L\u00edngua Gestual Portuguesa, ESEC, Polit\u00e9cnico de Coimbra;<\/p>\n<p>Curso de Operador de Acabamentos de Madeira e Mobili\u00e1rio, CINFORM, CERCILEI, Leiria;<\/p>\n<p>Curso de Serralharia Civil, CINFORM, CERCILEI, Leiria.<\/p>\n<p>\u00a0<\/p>\n<p>Projeto cofinanciado pelo FEDER \u2013 Fundo Europeu de Desenvolvimento Regional, no \u00e2mbito do Programa Portugal 2020, atrav\u00e9s do CENTRO2020 &#8211; Programa Operacional Regional do Centro.<\/p>\n<p><img loading=\"lazy\" decoding=\"async\" class=\"alignleft size-large wp-image-3904\" src=\"http:\/\/iact.ipleiria.pt\/files\/2020\/07\/barra-logotipos-financiamento-e1594220473405-680x171.jpg\" alt=\"\" width=\"680\" height=\"171\" srcset=\"https:\/\/iact.ipleiria.pt\/files\/2020\/07\/barra-logotipos-financiamento-e1594220473405-680x171.jpg 680w, https:\/\/iact.ipleiria.pt\/files\/2020\/07\/barra-logotipos-financiamento-e1594220473405-300x76.jpg 300w, https:\/\/iact.ipleiria.pt\/files\/2020\/07\/barra-logotipos-financiamento-e1594220473405-150x38.jpg 150w, https:\/\/iact.ipleiria.pt\/files\/2020\/07\/barra-logotipos-financiamento-e1594220473405-768x194.jpg 768w, https:\/\/iact.ipleiria.pt\/files\/2020\/07\/barra-logotipos-financiamento-e1594220473405-100x25.jpg 100w, https:\/\/iact.ipleiria.pt\/files\/2020\/07\/barra-logotipos-financiamento-e1594220473405-180x45.jpg 180w, https:\/\/iact.ipleiria.pt\/files\/2020\/07\/barra-logotipos-financiamento-e1594220473405.jpg 1134w\" sizes=\"auto, (max-width: 680px) 100vw, 680px\" \/><\/p>\n","protected":false},"excerpt":{"rendered":"<p>Descri\u00e7\u00e3o da atividade O teste no 1\u00ba CEB e o parecer dos especialistas na \u00e1rea da inclus\u00e3o (que decorreu em simult\u00e2neo com a corrente atividade) permitiu a obten\u00e7\u00e3o de um<\/p>\n<div class=\"more-link-container\"> [&hellip;]<\/div>\n<p> <span class=\"more-text\">[+]<\/span><\/p>\n","protected":false},"author":5123,"featured_media":0,"parent":0,"menu_order":0,"comment_status":"closed","ping_status":"closed","template":"","meta":{"footnotes":""},"class_list":["post-3558","page","type-page","status-publish","hentry"],"_links":{"self":[{"href":"https:\/\/iact.ipleiria.pt\/en\/wp-json\/wp\/v2\/pages\/3558","targetHints":{"allow":["GET"]}}],"collection":[{"href":"https:\/\/iact.ipleiria.pt\/en\/wp-json\/wp\/v2\/pages"}],"about":[{"href":"https:\/\/iact.ipleiria.pt\/en\/wp-json\/wp\/v2\/types\/page"}],"author":[{"embeddable":true,"href":"https:\/\/iact.ipleiria.pt\/en\/wp-json\/wp\/v2\/users\/5123"}],"replies":[{"embeddable":true,"href":"https:\/\/iact.ipleiria.pt\/en\/wp-json\/wp\/v2\/comments?post=3558"}],"version-history":[{"count":7,"href":"https:\/\/iact.ipleiria.pt\/en\/wp-json\/wp\/v2\/pages\/3558\/revisions"}],"predecessor-version":[{"id":3937,"href":"https:\/\/iact.ipleiria.pt\/en\/wp-json\/wp\/v2\/pages\/3558\/revisions\/3937"}],"wp:attachment":[{"href":"https:\/\/iact.ipleiria.pt\/en\/wp-json\/wp\/v2\/media?parent=3558"}],"curies":[{"name":"wp","href":"https:\/\/api.w.org\/{rel}","templated":true}]}}