{"id":3564,"date":"2020-06-30T10:50:05","date_gmt":"2020-06-30T09:50:05","guid":{"rendered":"http:\/\/iact.ipleiria.pt\/?page_id=3564"},"modified":"2020-07-08T16:05:17","modified_gmt":"2020-07-08T15:05:17","slug":"desenvolvimento","status":"publish","type":"page","link":"https:\/\/iact.ipleiria.pt\/en\/desenvolvimento\/","title":{"rendered":"Desenvolvimento"},"content":{"rendered":"\n<ol>\n<li><strong>Estado da arte<\/strong> &#8211; Defini\u00e7\u00e3o do problema, enquadramento cient\u00edfico e pesquisa de recursos l\u00fadico-pedag\u00f3gicos<\/li>\n<li><strong>Conceptualiza\u00e7\u00e3o<\/strong> &#8211; Desenvolvimento de propostas de recursos l\u00fadico-pedag\u00f3gicos para trabalhar a tem\u00e1tica da defici\u00eancia<\/li>\n<li><strong>Design e ilustra\u00e7\u00e3o<\/strong> &#8211; Elabora\u00e7\u00e3o do design e ilustra\u00e7\u00e3o adequados aos recursos l\u00fadico-pedag\u00f3gicos<\/li>\n<li><strong>Produ\u00e7\u00e3o<\/strong> &#8211; Cria\u00e7\u00e3o de uma maleta com os recursos l\u00fadico-pedag\u00f3gicos<\/li>\n<li><strong>Teste no 1\u00ba CEB<\/strong> &#8211; Teste da maleta pedag\u00f3gica (com os recursos) num Agrupamento de Escolas de Leiria<\/li>\n<li><strong>Revis\u00e3o e reformula\u00e7\u00e3o<\/strong> &#8211; Adapta\u00e7\u00e3o da maleta pedag\u00f3gica para desenvolver uma vers\u00e3o melhorada<\/li>\n<li><strong>Valida\u00e7\u00e3o por consultores externos<\/strong> &#8211; An\u00e1lise da maleta pedag\u00f3gica por especialistas na \u00e1rea da inclus\u00e3o<\/li>\n<li><strong>Aplica\u00e7\u00e3o da maleta final no 1\u00ba CEB<\/strong> &#8211; Implementa\u00e7\u00e3o da maleta pedag\u00f3gica validada em dois Agrupamentos de Escolas de Leiria<\/li>\n<li><b><\/b><strong>Dissemina\u00e7\u00e3o<\/strong> &#8211; Divulga\u00e7\u00e3o do projeto e seus resultados pela comunidade cient\u00edfica e educativa<\/li>\n<\/ol>\n<p>\u00a0<\/p>\n<p>Projeto cofinanciado pelo FEDER \u2013 Fundo Europeu de Desenvolvimento Regional, no \u00e2mbito do Programa Portugal 2020, atrav\u00e9s do CENTRO2020 &#8211; Programa Operacional Regional do Centro.<\/p>\n<p><img loading=\"lazy\" decoding=\"async\" class=\"alignleft size-large wp-image-3904\" src=\"http:\/\/iact.ipleiria.pt\/files\/2020\/07\/barra-logotipos-financiamento-e1594220473405-680x171.jpg\" alt=\"\" width=\"680\" height=\"171\" srcset=\"https:\/\/iact.ipleiria.pt\/files\/2020\/07\/barra-logotipos-financiamento-e1594220473405-680x171.jpg 680w, https:\/\/iact.ipleiria.pt\/files\/2020\/07\/barra-logotipos-financiamento-e1594220473405-300x76.jpg 300w, https:\/\/iact.ipleiria.pt\/files\/2020\/07\/barra-logotipos-financiamento-e1594220473405-150x38.jpg 150w, https:\/\/iact.ipleiria.pt\/files\/2020\/07\/barra-logotipos-financiamento-e1594220473405-768x194.jpg 768w, https:\/\/iact.ipleiria.pt\/files\/2020\/07\/barra-logotipos-financiamento-e1594220473405-100x25.jpg 100w, https:\/\/iact.ipleiria.pt\/files\/2020\/07\/barra-logotipos-financiamento-e1594220473405-180x45.jpg 180w, https:\/\/iact.ipleiria.pt\/files\/2020\/07\/barra-logotipos-financiamento-e1594220473405.jpg 1134w\" sizes=\"auto, (max-width: 680px) 100vw, 680px\" \/><\/p>\n<p>\u00a0<\/p>\n<p>\u00a0<\/p>\n","protected":false},"excerpt":{"rendered":"<p>Estado da arte &#8211; Defini\u00e7\u00e3o do problema, enquadramento cient\u00edfico e pesquisa de recursos l\u00fadico-pedag\u00f3gicos Conceptualiza\u00e7\u00e3o &#8211; Desenvolvimento de propostas de recursos l\u00fadico-pedag\u00f3gicos para trabalhar a tem\u00e1tica da defici\u00eancia Design e<\/p>\n<div class=\"more-link-container\"> [&hellip;]<\/div>\n<p> <span class=\"more-text\">[+]<\/span><\/p>\n","protected":false},"author":5123,"featured_media":0,"parent":0,"menu_order":0,"comment_status":"closed","ping_status":"closed","template":"","meta":{"footnotes":""},"class_list":["post-3564","page","type-page","status-publish","hentry"],"_links":{"self":[{"href":"https:\/\/iact.ipleiria.pt\/en\/wp-json\/wp\/v2\/pages\/3564","targetHints":{"allow":["GET"]}}],"collection":[{"href":"https:\/\/iact.ipleiria.pt\/en\/wp-json\/wp\/v2\/pages"}],"about":[{"href":"https:\/\/iact.ipleiria.pt\/en\/wp-json\/wp\/v2\/types\/page"}],"author":[{"embeddable":true,"href":"https:\/\/iact.ipleiria.pt\/en\/wp-json\/wp\/v2\/users\/5123"}],"replies":[{"embeddable":true,"href":"https:\/\/iact.ipleiria.pt\/en\/wp-json\/wp\/v2\/comments?post=3564"}],"version-history":[{"count":9,"href":"https:\/\/iact.ipleiria.pt\/en\/wp-json\/wp\/v2\/pages\/3564\/revisions"}],"predecessor-version":[{"id":3919,"href":"https:\/\/iact.ipleiria.pt\/en\/wp-json\/wp\/v2\/pages\/3564\/revisions\/3919"}],"wp:attachment":[{"href":"https:\/\/iact.ipleiria.pt\/en\/wp-json\/wp\/v2\/media?parent=3564"}],"curies":[{"name":"wp","href":"https:\/\/api.w.org\/{rel}","templated":true}]}}