{"id":3570,"date":"2020-06-30T10:54:31","date_gmt":"2020-06-30T09:54:31","guid":{"rendered":"http:\/\/iact.ipleiria.pt\/?page_id=3570"},"modified":"2020-07-08T16:03:51","modified_gmt":"2020-07-08T15:03:51","slug":"aplicacao-da-maleta-final-no-1o-ceb","status":"publish","type":"page","link":"https:\/\/iact.ipleiria.pt\/en\/aplicacao-da-maleta-final-no-1o-ceb\/","title":{"rendered":"Aplica\u00e7\u00e3o da maleta final no 1\u00ba CEB"},"content":{"rendered":"\n<p><img loading=\"lazy\" decoding=\"async\" class=\"alignleft size-large wp-image-3722\" src=\"http:\/\/iact.ipleiria.pt\/files\/2020\/06\/20190613_110939-680x383.jpg\" alt=\"\" width=\"680\" height=\"383\" srcset=\"https:\/\/iact.ipleiria.pt\/files\/2020\/06\/20190613_110939-680x383.jpg 680w, https:\/\/iact.ipleiria.pt\/files\/2020\/06\/20190613_110939-300x169.jpg 300w, https:\/\/iact.ipleiria.pt\/files\/2020\/06\/20190613_110939-150x84.jpg 150w, https:\/\/iact.ipleiria.pt\/files\/2020\/06\/20190613_110939-768x432.jpg 768w, https:\/\/iact.ipleiria.pt\/files\/2020\/06\/20190613_110939-1536x864.jpg 1536w, https:\/\/iact.ipleiria.pt\/files\/2020\/06\/20190613_110939-2048x1152.jpg 2048w, https:\/\/iact.ipleiria.pt\/files\/2020\/06\/20190613_110939-100x56.jpg 100w, https:\/\/iact.ipleiria.pt\/files\/2020\/06\/20190613_110939-180x101.jpg 180w\" sizes=\"auto, (max-width: 680px) 100vw, 680px\" \/><\/p>\n<h1><strong>Descri\u00e7\u00e3o da atividade<\/strong><\/h1>\n<p>A equipa de investiga\u00e7\u00e3o criou instrumentos de recolha de dados com o objetivo de percecionar e comparar as atitudes de inclus\u00e3o das crian\u00e7as do 1\u00ba CEB, antes e ap\u00f3s a aplica\u00e7\u00e3o da maleta pedag\u00f3gica, atrav\u00e9s da perce\u00e7\u00e3o das mesmas, dos professores estagi\u00e1rios e dos professores titulares de turma. A longo prazo foi, tamb\u00e9m, planeada a aplica\u00e7\u00e3o de um instrumento que permite recolher os aspetos mais marcantes da utiliza\u00e7\u00e3o da maleta pedag\u00f3gica, na perspetiva dos professores titulares.<\/p>\n<p>Os instrumentos de recolha de dados foram aplicados pelos professores estagi\u00e1rios aquando da implementa\u00e7\u00e3o da maleta pedag\u00f3gica final em escolas do 1\u00ba CEB de dois Agrupamentos de Escolas de Leiria.<\/p>\n<p>Ao longo da atividade, foram reproduzidas na ESECS, ESAD.CR, ESECS e CERCILEI catorze maletas pedag\u00f3gicas com o intuito de ficarem ao dispor de algumas entidades da regi\u00e3o, tais como: Agrupamentos de Escolas de Leiria; Biblioteca Municipal Afonso Lopes Vieira; CERCILEI, Unidades de Investiga\u00e7\u00e3o.<\/p>\n<p>\u00a0<\/p>\n<h2><strong>Resultados<\/strong><\/h2>\n<p>Grelhas de observa\u00e7\u00e3o preenchidas pelos professores estagi\u00e1rios;<\/p>\n<p>Inqu\u00e9ritos por question\u00e1rio preenchidos pelos alunos do 1\u00ba CEB;<\/p>\n<p>Inqu\u00e9ritos por entrevista respondidos pelos professores titulares das turmas onde foi aplicada a maleta pedag\u00f3gica;<\/p>\n<p>Grupo focal a aplicar aos professores titulares das turmas do 1\u00ba CEB, um ano ap\u00f3s a aplica\u00e7\u00e3o da maleta pedag\u00f3gica final;<\/p>\n<p>14 maletas pedag\u00f3gicas finais.<\/p>\n<p>\u00a0<\/p>\n<h3><strong>Participantes<\/strong><\/h3>\n<p>Equipa de investiga\u00e7\u00e3o;<\/p>\n<p>Mestrado em Ensino do 1\u00ba CEB e de Portugu\u00eas, Hist\u00f3ria e Geografia de Portugal no 2\u00ba CEB, SECS, Polit\u00e9cnico de Leiria<\/p>\n<p>Mestrado em Educa\u00e7\u00e3o Pr\u00e9-escolar e Ensino do 1\u00ba CEB, ESECS, Polit\u00e9cnico de Leiria;<\/p>\n<p>Licenciatura em L\u00edngua Gestual Portuguesa, ESEC, Polit\u00e9cnico de Coimbra.<\/p>\n<p>Curso T\u00e9cnico Superior Profissional em Ilustra\u00e7\u00e3o e Produ\u00e7\u00e3o Gr\u00e1fica, ESAD.CR, Polit\u00e9cnico de Leiria.<\/p>\n<p>Curso de Operador de Acabamentos de Madeira e Mobili\u00e1rio, CINFORM, CERCILEI, Leiria.<\/p>\n<p>Curso de Serralharia Civil, CINFORM, CERCILEI, Leiria.<\/p>\n<p>\u00a0<\/p>\n<p>\u00a0<\/p>\n<p>Projeto cofinanciado pelo FEDER \u2013 Fundo Europeu de Desenvolvimento Regional, no \u00e2mbito do Programa Portugal 2020, atrav\u00e9s do CENTRO2020 &#8211; Programa Operacional Regional do Centro.<\/p>\n<p><img loading=\"lazy\" decoding=\"async\" class=\"alignleft size-large wp-image-3904\" src=\"http:\/\/iact.ipleiria.pt\/files\/2020\/07\/barra-logotipos-financiamento-e1594220473405-680x171.jpg\" alt=\"\" width=\"680\" height=\"171\" srcset=\"https:\/\/iact.ipleiria.pt\/files\/2020\/07\/barra-logotipos-financiamento-e1594220473405-680x171.jpg 680w, https:\/\/iact.ipleiria.pt\/files\/2020\/07\/barra-logotipos-financiamento-e1594220473405-300x76.jpg 300w, https:\/\/iact.ipleiria.pt\/files\/2020\/07\/barra-logotipos-financiamento-e1594220473405-150x38.jpg 150w, https:\/\/iact.ipleiria.pt\/files\/2020\/07\/barra-logotipos-financiamento-e1594220473405-768x194.jpg 768w, https:\/\/iact.ipleiria.pt\/files\/2020\/07\/barra-logotipos-financiamento-e1594220473405-100x25.jpg 100w, https:\/\/iact.ipleiria.pt\/files\/2020\/07\/barra-logotipos-financiamento-e1594220473405-180x45.jpg 180w, https:\/\/iact.ipleiria.pt\/files\/2020\/07\/barra-logotipos-financiamento-e1594220473405.jpg 1134w\" sizes=\"auto, (max-width: 680px) 100vw, 680px\" \/><\/p>\n","protected":false},"excerpt":{"rendered":"<p>Descri\u00e7\u00e3o da atividade A equipa de investiga\u00e7\u00e3o criou instrumentos de recolha de dados com o objetivo de percecionar e comparar as atitudes de inclus\u00e3o das crian\u00e7as do 1\u00ba CEB, antes<\/p>\n<div class=\"more-link-container\"> [&hellip;]<\/div>\n<p> <span class=\"more-text\">[+]<\/span><\/p>\n","protected":false},"author":5123,"featured_media":0,"parent":0,"menu_order":0,"comment_status":"closed","ping_status":"closed","template":"","meta":{"footnotes":""},"class_list":["post-3570","page","type-page","status-publish","hentry"],"_links":{"self":[{"href":"https:\/\/iact.ipleiria.pt\/en\/wp-json\/wp\/v2\/pages\/3570","targetHints":{"allow":["GET"]}}],"collection":[{"href":"https:\/\/iact.ipleiria.pt\/en\/wp-json\/wp\/v2\/pages"}],"about":[{"href":"https:\/\/iact.ipleiria.pt\/en\/wp-json\/wp\/v2\/types\/page"}],"author":[{"embeddable":true,"href":"https:\/\/iact.ipleiria.pt\/en\/wp-json\/wp\/v2\/users\/5123"}],"replies":[{"embeddable":true,"href":"https:\/\/iact.ipleiria.pt\/en\/wp-json\/wp\/v2\/comments?post=3570"}],"version-history":[{"count":14,"href":"https:\/\/iact.ipleiria.pt\/en\/wp-json\/wp\/v2\/pages\/3570\/revisions"}],"predecessor-version":[{"id":3914,"href":"https:\/\/iact.ipleiria.pt\/en\/wp-json\/wp\/v2\/pages\/3570\/revisions\/3914"}],"wp:attachment":[{"href":"https:\/\/iact.ipleiria.pt\/en\/wp-json\/wp\/v2\/media?parent=3570"}],"curies":[{"name":"wp","href":"https:\/\/api.w.org\/{rel}","templated":true}]}}