{"id":3584,"date":"2020-06-30T11:11:44","date_gmt":"2020-06-30T10:11:44","guid":{"rendered":"http:\/\/iact.ipleiria.pt\/?page_id=3584"},"modified":"2020-07-08T16:06:19","modified_gmt":"2020-07-08T15:06:19","slug":"disseminacao","status":"publish","type":"page","link":"https:\/\/iact.ipleiria.pt\/en\/disseminacao\/","title":{"rendered":"Dissemina\u00e7\u00e3o"},"content":{"rendered":"\n<p><img loading=\"lazy\" decoding=\"async\" class=\"alignleft size-large wp-image-3816\" src=\"http:\/\/iact.ipleiria.pt\/files\/2020\/07\/Pag_29_Dissem_C-680x510.jpg\" alt=\"\" width=\"680\" height=\"510\" srcset=\"https:\/\/iact.ipleiria.pt\/files\/2020\/07\/Pag_29_Dissem_C-680x510.jpg 680w, https:\/\/iact.ipleiria.pt\/files\/2020\/07\/Pag_29_Dissem_C-300x225.jpg 300w, https:\/\/iact.ipleiria.pt\/files\/2020\/07\/Pag_29_Dissem_C-150x113.jpg 150w, https:\/\/iact.ipleiria.pt\/files\/2020\/07\/Pag_29_Dissem_C-768x576.jpg 768w, https:\/\/iact.ipleiria.pt\/files\/2020\/07\/Pag_29_Dissem_C-1536x1152.jpg 1536w, https:\/\/iact.ipleiria.pt\/files\/2020\/07\/Pag_29_Dissem_C-100x75.jpg 100w, https:\/\/iact.ipleiria.pt\/files\/2020\/07\/Pag_29_Dissem_C-180x135.jpg 180w, https:\/\/iact.ipleiria.pt\/files\/2020\/07\/Pag_29_Dissem_C.jpg 1600w\" sizes=\"auto, (max-width: 680px) 100vw, 680px\" \/><\/p>\n<h1><strong>Apresenta\u00e7\u00f5es<\/strong><\/h1>\n<p>Com o objetivo de disseminar o ProLearn4ALL, foram apresentadas diversas comunica\u00e7\u00f5es orais em eventos nacionais e internacionais, que deram lugar \u00e0 publica\u00e7\u00e3o de artigos cient\u00edficos em atas de confer\u00eancias, revistas indexadas e livros com <i>peer review<\/i>.<span class=\"Apple-converted-space\">\u00a0<\/span><\/p>\n<p>Tendo em conta que o projeto est\u00e1 intimamente ligado com a regi\u00e3o centro do pa\u00eds e, em particular, com Leiria, importou tamb\u00e9m dinamizar eventos que permitissem dar a conhecer o processo de constru\u00e7\u00e3o da maleta pedag\u00f3gica, atrav\u00e9s de exposi\u00e7\u00f5es de materiais e sess\u00f5es de apresenta\u00e7\u00e3o.<\/p>\n<p>\u00a0<\/p>\n<h2><strong>Resultados<\/strong><\/h2>\n<p>17 comunica\u00e7\u00f5es em eventos de car\u00e1ter cient\u00edfico;<\/p>\n<p>14 publica\u00e7\u00f5es (13 artigos cient\u00edficos; 1 livro)<\/p>\n<p>2 men\u00e7\u00f5es honrosas;<\/p>\n<p>2 exposi\u00e7\u00f5es de materiais produzidos ao longo do projeto ProLearn4ALL;<\/p>\n<p>3 sess\u00f5es de apresenta\u00e7\u00e3o do projeto ProLearn4ALL;<\/p>\n<p>1 brochura de apresenta\u00e7\u00e3o do projeto ProLearn4ALL.<\/p>\n<p>\u00a0<\/p>\n<h3><strong>Participantes<\/strong><\/h3>\n<p>Equipa de investiga\u00e7\u00e3o;<\/p>\n<p>Munic\u00edpio de Leiria.<\/p>\n<p>\u00a0<\/p>\n<p>Projeto cofinanciado pelo FEDER \u2013 Fundo Europeu de Desenvolvimento Regional, no \u00e2mbito do Programa Portugal 2020, atrav\u00e9s do CENTRO2020 &#8211; Programa Operacional Regional do Centro.<\/p>\n<p><img loading=\"lazy\" decoding=\"async\" class=\"alignleft size-large wp-image-3904\" src=\"http:\/\/iact.ipleiria.pt\/files\/2020\/07\/barra-logotipos-financiamento-e1594220473405-680x171.jpg\" alt=\"\" width=\"680\" height=\"171\" srcset=\"https:\/\/iact.ipleiria.pt\/files\/2020\/07\/barra-logotipos-financiamento-e1594220473405-680x171.jpg 680w, https:\/\/iact.ipleiria.pt\/files\/2020\/07\/barra-logotipos-financiamento-e1594220473405-300x76.jpg 300w, https:\/\/iact.ipleiria.pt\/files\/2020\/07\/barra-logotipos-financiamento-e1594220473405-150x38.jpg 150w, https:\/\/iact.ipleiria.pt\/files\/2020\/07\/barra-logotipos-financiamento-e1594220473405-768x194.jpg 768w, https:\/\/iact.ipleiria.pt\/files\/2020\/07\/barra-logotipos-financiamento-e1594220473405-100x25.jpg 100w, https:\/\/iact.ipleiria.pt\/files\/2020\/07\/barra-logotipos-financiamento-e1594220473405-180x45.jpg 180w, https:\/\/iact.ipleiria.pt\/files\/2020\/07\/barra-logotipos-financiamento-e1594220473405.jpg 1134w\" sizes=\"auto, (max-width: 680px) 100vw, 680px\" \/><\/p>\n","protected":false},"excerpt":{"rendered":"<p>Apresenta\u00e7\u00f5es Com o objetivo de disseminar o ProLearn4ALL, foram apresentadas diversas comunica\u00e7\u00f5es orais em eventos nacionais e internacionais, que deram lugar \u00e0 publica\u00e7\u00e3o de artigos cient\u00edficos em atas de confer\u00eancias,<\/p>\n<div class=\"more-link-container\"> [&hellip;]<\/div>\n<p> <span class=\"more-text\">[+]<\/span><\/p>\n","protected":false},"author":5123,"featured_media":0,"parent":0,"menu_order":0,"comment_status":"closed","ping_status":"closed","template":"","meta":{"footnotes":""},"class_list":["post-3584","page","type-page","status-publish","hentry"],"_links":{"self":[{"href":"https:\/\/iact.ipleiria.pt\/en\/wp-json\/wp\/v2\/pages\/3584","targetHints":{"allow":["GET"]}}],"collection":[{"href":"https:\/\/iact.ipleiria.pt\/en\/wp-json\/wp\/v2\/pages"}],"about":[{"href":"https:\/\/iact.ipleiria.pt\/en\/wp-json\/wp\/v2\/types\/page"}],"author":[{"embeddable":true,"href":"https:\/\/iact.ipleiria.pt\/en\/wp-json\/wp\/v2\/users\/5123"}],"replies":[{"embeddable":true,"href":"https:\/\/iact.ipleiria.pt\/en\/wp-json\/wp\/v2\/comments?post=3584"}],"version-history":[{"count":17,"href":"https:\/\/iact.ipleiria.pt\/en\/wp-json\/wp\/v2\/pages\/3584\/revisions"}],"predecessor-version":[{"id":3923,"href":"https:\/\/iact.ipleiria.pt\/en\/wp-json\/wp\/v2\/pages\/3584\/revisions\/3923"}],"wp:attachment":[{"href":"https:\/\/iact.ipleiria.pt\/en\/wp-json\/wp\/v2\/media?parent=3584"}],"curies":[{"name":"wp","href":"https:\/\/api.w.org\/{rel}","templated":true}]}}