{"id":3679,"date":"2020-06-30T16:58:18","date_gmt":"2020-06-30T15:58:18","guid":{"rendered":"http:\/\/iact.ipleiria.pt\/?page_id=3679"},"modified":"2020-07-05T19:57:23","modified_gmt":"2020-07-05T18:57:23","slug":"creditos","status":"publish","type":"page","link":"https:\/\/iact.ipleiria.pt\/en\/creditos\/","title":{"rendered":"Cr\u00e9ditos"},"content":{"rendered":"\n<h1><strong>Membros da equipa de projeto<\/strong><\/h1>\n<p>Ana Cristina Matos Veiga Meireles (CERCILEI)<\/p>\n<p>Carla Sofia Costa Freire (ESECS, CI&amp;DEI, CICS.NOVA.IPLeiria-iACT, Polit\u00e9cnico de Leiria)<\/p>\n<p><strong>Catarina Frade Mangas &#8211; Investigadora Respons\u00e1vel<\/strong><b> (<\/b>ESECS, CICS.NOVA.IPLeiria-iACT, CI&amp;DEI, Polit\u00e9cnico de Leiria)<\/p>\n<p>C\u00e9lia Maria Ad\u00e3o de Oliveira Aguiar de Sousa (ESECS, CICS.NOVA.IPLeiria-iACT, CRID, Polit\u00e9cnico de Leiria)<\/p>\n<p>Clarinda Lu\u00edsa Ferreira Barata (ESECS, CI&amp;DEI, Polit\u00e9cnico de Leiria)<\/p>\n<p>Cristina Maria Alexandre Nobre (ESECS, Polit\u00e9cnico de Leiria)<\/p>\n<p>Isabel Sofia Calv\u00e1rio Correia \u2013 (ESEC, Polit\u00e9cnico de Coimbra)<\/p>\n<p>Joana Rita da Silva Conde e Sousa (CICS.NOVA.IPLeiria-iACT, ESEC, Polit\u00e9cnico de Coimbra)<\/p>\n<p>Maria Alexandra dos Reis da Silva &#8211; (ESAD.CR, Polit\u00e9cnico de Leiria)<\/p>\n<p>Maria Ant\u00f3nia Belchior Ferreira Barreto &#8211; (ESECS, CI&amp;DEI, Polit\u00e9cnico de Leiria)<\/p>\n<p>Nuno Alexandre Fragata Marques &#8211; (ESAD.CR, LIDA, Polit\u00e9cnico de Leiria)<\/p>\n<p>Olga Maria Assun\u00e7\u00e3o Pinto dos Santos &#8211; (ESECS, CI&amp;DEI, CICS.NOVA.IPLeiria-iACT, Polit\u00e9cnico de Leiria)<\/p>\n<p>Pedro Miguel Bastos Ferreira \u2013 (ESECS, Polit\u00e9cnico de Leiria)<\/p>\n<p>Susana Alexandre dos Reis &#8211; (ESECS, CI&amp;DEI, Polit\u00e9cnico de Leiria)<\/p>\n<p>Teresa Paula de Oliveira Coimbra do Amaral &#8211; (ESAD.CR, LIDA, Polit\u00e9cnico de Leiria)<\/p>\n<p>\u00a0<\/p>\n<h2><strong>Estudantes e formandos envolvidos<\/strong><\/h2>\n<p><strong>ESECS\/Polit\u00e9cnico de Leiria<\/strong><\/p>\n<p><strong>Mestrado em Comunica\u00e7\u00e3o Acess\u00edvel<span class=\"Apple-converted-space\">\u00a0<\/span><\/strong><\/p>\n<p>Ana Rita Pereira da Concei\u00e7\u00e3o<\/p>\n<p>Andreia Vieira Santos<\/p>\n<p>Ant\u00f3nio Miguel de Oliveira Coelho<\/p>\n<p>Cynthia de Cassia Rocha Santos<\/p>\n<p>Daniela Cardoso Tavares<\/p>\n<p>Daniela Filipa Soares Leonardo Correia<\/p>\n<p>Liliana Sofia Mansinho Neto<\/p>\n<p>Luana Raymundo Corr\u00eaa<\/p>\n<p>Maria Leonor Dinis dos Santos<\/p>\n<p>Maur\u00edcio Hilgert<\/p>\n<p>Micaela Rodrigues Rocha<\/p>\n<p>Viviane Rose Fowler<\/p>\n<p>\u00a0<\/p>\n<p><strong>Mestrado em Educa\u00e7\u00e3o Especial \u2013 Dom\u00ednio Cognitivo\u2013Motor<\/strong><\/p>\n<p>Alexandra Faustino<\/p>\n<p>Beatriz Rodrigues<\/p>\n<p>Diana Costa<\/p>\n<p>Joana dos Santos<\/p>\n<p>Maria Jos\u00e9 Oliveira<\/p>\n<p>Mariana Francisco<\/p>\n<p>N\u00e1dia Cardoso<\/p>\n<p>Patr\u00edcia Borges<\/p>\n<p>Patr\u00edcia Agostinho<\/p>\n<p>Patr\u00edcia Brasil<\/p>\n<p>Paula Pereira<\/p>\n<p>Raquel Vieira<span class=\"Apple-converted-space\">\u00a0<\/span><\/p>\n<p>Salom\u00e9 Martins<\/p>\n<p>Sandra Gameiro<\/p>\n<p>Sara Sousa<\/p>\n<p>S\u00f3nia Isabel da Costa Pereira Gra\u00e7a<\/p>\n<p>\u00a0<\/p>\n<p><strong>Mestrado em Educa\u00e7\u00e3o Pr\u00e9-escolar e ensino do 1.\u00ba CEB<\/strong><\/p>\n<p>Adriana Ferreira<\/p>\n<p>Ana Catarina Vieira<span class=\"Apple-converted-space\">\u00a0<\/span><\/p>\n<p>Carla Sousa<span class=\"Apple-converted-space\">\u00a0<\/span><\/p>\n<p>Catarina Costa<\/p>\n<p>Catarina Fialho<\/p>\n<p>Joana Primor<\/p>\n<p>Raquel Fonseca<\/p>\n<p>\u00a0<\/p>\n<p><strong>Mestrado em Ensino do 1\u00ba CEB e de Matem\u00e1tica e Ci\u00eancias Naturais no 2\u00ba CEB<\/strong><\/p>\n<p>Ana L\u00facia Alves<\/p>\n<p>Davide Rebelo<\/p>\n<p>\u00a0<\/p>\n<p><strong>Mestrado em Ensino do 1\u00ba CEB e de Portugu\u00eas, Hist\u00f3ria e Geografia de Portugal no 2\u00ba CEB<\/strong><\/p>\n<p>Carolina Marques<\/p>\n<p>Cl\u00e1udia Elias<\/p>\n<p>M\u00e1rcia Gomes<\/p>\n<p>Sofia Marques<span class=\"Apple-converted-space\">\u00a0<\/span><\/p>\n<p>Teresa Nogueira<\/p>\n<p>V\u00edtor Quinzico<\/p>\n<p>\u00a0<\/p>\n<p><strong>Licenciatura em Educa\u00e7\u00e3o B\u00e1sica<\/strong><\/p>\n<p>Ana Margarida Areias Guerreiro<\/p>\n<p>Ana Carolina Ferreira<\/p>\n<p>Ang\u00e9lique Felizardo<\/p>\n<p>Beatriz Passos de Campos<span class=\"Apple-converted-space\">\u00a0<\/span><\/p>\n<p>Fabiana Machado<\/p>\n<p>Joana Carina Ca\u00e7ador Bernardes<\/p>\n<p>\u00a0<\/p>\n<p><strong>Licenciatura em Educa\u00e7\u00e3o Social<\/strong><\/p>\n<p>Adriana Louren\u00e7o Ferreira<\/p>\n<p>Ana Sara de Oliveira Chaves<\/p>\n<p>Andreia Filipa Pandeirada Dias<\/p>\n<p>Carolina Alexandra Clemente Esteves<\/p>\n<p>Carolina In\u00eas Cordeiro Mendes<\/p>\n<p>C\u00e1tia Sofia Silva Santos<\/p>\n<p>Cristiana Fernandes Lu\u00eds<\/p>\n<p>Diana Filipa Alves de Abreu<\/p>\n<p>Eurico Costa Ferreira<\/p>\n<p>In\u00eas Serralheiro Pinto<\/p>\n<p>Margarida Filipa Gavetanho<\/p>\n<p>Mariana Sofia Rodrigues Correia<\/p>\n<p>Sara Sofia Ferreira Coelho<\/p>\n<p>Sofia Margarida da Silva Oliveira<\/p>\n<p>Soraia Gaspar Subtil<\/p>\n<p>Vera de F\u00e1tima Gorgita Melo<\/p>\n<p>\u00a0<\/p>\n<p><strong>ESAD.CR\/Polit\u00e9cnico de Leiria<\/strong><\/p>\n<p><strong>TeSP Ilustra\u00e7\u00e3o e Produ\u00e7\u00e3o Gr\u00e1fica<\/strong><\/p>\n<p>Ana Sousa<\/p>\n<p>Ana Margarida Santos<\/p>\n<p>Andr\u00e9 Albino<\/p>\n<p>Andr\u00e9 Henriques<\/p>\n<p>Catarina Couceiro\u00a0\u00a0<\/p>\n<p>Catarina Almeida<\/p>\n<p>C\u00e1tia Lopes<\/p>\n<p>Clara Erbert<\/p>\n<p>Daniel Silva<\/p>\n<p>Diana Costa<\/p>\n<p>Diogo Benevides<\/p>\n<p>Filipe Ad\u00e3o<\/p>\n<p>Joana B\u00e9rtolo<\/p>\n<p>Jo\u00e3o Canotilho\u00a0<span class=\"Apple-converted-space\">\u00a0<\/span><\/p>\n<p>Jo\u00e3o Ver\u00edssimo<\/p>\n<p>Joel Sim\u00e3o<\/p>\n<p>Leonardo Bruno<\/p>\n<p>Lu\u00eds Figueira<\/p>\n<p>Maria Jo\u00e3o Leite\u00a0\u00a0<\/p>\n<p>Maria Pass\u00f4<\/p>\n<p>Rafael Farto Rico\u00a0<\/p>\n<p>Raquel Mendes<\/p>\n<p>Sarah Saraiva<\/p>\n<p>Stefani Figueiredo<\/p>\n<p>Ul\u00e9 Bald\u00e9<\/p>\n<p>Vera Conde<\/p>\n<p>Vera Crespo<\/p>\n<p>\u00a0<\/p>\n<p><strong>ESEC\/Polit\u00e9cnico de Coimbra<\/strong><\/p>\n<p><strong>Licenciatura em L\u00edngua Gestual Portuguesa \u2013 Ramo leciona\u00e7\u00e3o<span class=\"Apple-converted-space\">\u00a0<\/span><\/strong><\/p>\n<p>Adriana Pimentel<\/p>\n<p>Carolina Rita Sim\u00f5es Reis<\/p>\n<p>Catarina Galeano Ferreira<\/p>\n<p>Emanuel Santos<\/p>\n<p>In\u00eas Sofia Rebelo Chaves<\/p>\n<p>Raquel Moreira dos Santos Lapa<\/p>\n<p>Susana Santos<\/p>\n<p>\u00a0<\/p>\n<p><strong>CERCILEI<\/strong><\/p>\n<p><strong>Curso Operador de Acabamentos de Madeira e Mobili\u00e1rio<\/strong><\/p>\n<p>Bruno Carreira<\/p>\n<p>Daniela Rito<\/p>\n<p>Dina Pereira<\/p>\n<p>Frederico Pocinho<\/p>\n<p>Hugo Cruz<\/p>\n<p>Leandro Rodrigues<\/p>\n<p>M\u00e1rcio Mendes<\/p>\n<p>Paulo Domingos<\/p>\n<p>Pedro Mendes<\/p>\n<p>Tiago Oliveira<\/p>\n<p>\u00a0<\/p>\n<p><strong>Curso Serralharia Civil<\/strong><\/p>\n<p>Ivo Amado<\/p>\n<p>Leandro Silva<\/p>\n<p>\u00a0<\/p>\n<h3><strong>Consultores externos<\/strong><\/h3>\n<p>Ana Margarida Pisco Almeida (Departamento de Comunica\u00e7\u00e3o e Arte\/DigiMedia, Centro de Investiga\u00e7\u00e3o em M\u00e9dia Digitais e Intera\u00e7\u00e3o, Universidade de Aveiro)<\/p>\n<p>Henrique Manuel Pires Teixeira Gil (Age.Comm &#8211; Polit\u00e9cnico de Castelo Branco)<\/p>\n<p>\u00a0<\/p>\n<h4><strong>Agradecimentos<\/strong><\/h4>\n<p>Anabela Gra\u00e7a (Munic\u00edpio de Leiria, dissemina\u00e7\u00e3o)<\/p>\n<p>Andr\u00e9 Vieira Silva, Ang\u00e9lica Conde e Sousa dos Santos; Diogo Costa e Silva; Maria Leonor Pereira de Oliveira e Rodrigo Vieira Silva (Vozes das crian\u00e7as)<\/p>\n<p>Carlos Manuel Rodrigues da Silva (ESECS, Polit\u00e9cnico de Leiria, edi\u00e7\u00e3o de v\u00eddeos)<\/p>\n<p>Carlos Sim\u00f5es (Agrupamento de Escolas D.Jo\u00e3o II, Caldas da Rainha)<\/p>\n<p>Humberto Aguiar (Edi\u00e7\u00e3o de \u00e1udio e voz)<\/p>\n<p>Jos\u00e9 Lu\u00eds Carvalho e R\u00faben Ginja (formadores da Cercilei)<\/p>\n<p>Lu\u00eds Vicente (ESECS, CRID, Polit\u00e9cnico de Leiria; Impress\u00e3o Braille)<\/p>\n<p>Jo\u00e3o Mateus (ESAD.CR, LIDA, Polit\u00e9cnico de Leiria; Impress\u00e3o 3D)<\/p>\n<p>Agrupamentos de Escolas de Leiria e respetivos professores cooperantes das pr\u00e1ticas pedag\u00f3gicas do 1\u00ba CEB onde se realizaram os testes da maleta.<\/p>\n<p>Centro de Recursos para a Inclus\u00e3o Digital (CRID)<\/p>\n<p>E a todos os envolvidos nas diferentes fases do projeto ProLearn4ALL<\/p>\n<p>\u00a0<\/p>\n<p><strong>Projeto desenvolvido pelo Polit\u00e9cnico de Leiria tendo como parceiros o Polit\u00e9cnico de Coimbra, a C\u00e2mara Municipal de Leiria e a Cooperativa de Ensino e Reabilita\u00e7\u00e3o de Crian\u00e7as Inadaptadas (CERCILEI).<\/strong><\/p>\n<p>\u00a0<\/p>\n<p><img loading=\"lazy\" decoding=\"async\" class=\"alignleft  wp-image-3401\" src=\"http:\/\/iact.ipleiria.pt\/files\/2019\/12\/logos_centro2020-680x118.png\" alt=\"\" width=\"619\" height=\"108\" srcset=\"https:\/\/iact.ipleiria.pt\/files\/2019\/12\/logos_centro2020-680x118.png 680w, https:\/\/iact.ipleiria.pt\/files\/2019\/12\/logos_centro2020-150x26.png 150w, https:\/\/iact.ipleiria.pt\/files\/2019\/12\/logos_centro2020-300x52.png 300w, https:\/\/iact.ipleiria.pt\/files\/2019\/12\/logos_centro2020-768x133.png 768w, https:\/\/iact.ipleiria.pt\/files\/2019\/12\/logos_centro2020-100x17.png 100w, https:\/\/iact.ipleiria.pt\/files\/2019\/12\/logos_centro2020-180x31.png 180w, https:\/\/iact.ipleiria.pt\/files\/2019\/12\/logos_centro2020.png 898w\" sizes=\"auto, (max-width: 619px) 100vw, 619px\" \/><\/p>\n<p>\u00a0<\/p>\n<p>\u00a0<\/p>\n<p>\u00a0<\/p>\n<p><img loading=\"lazy\" decoding=\"async\" class=\"alignleft  wp-image-3343\" src=\"http:\/\/iact.ipleiria.pt\/files\/2018\/06\/2017_FCT_H_cor-1.png\" alt=\"\" width=\"244\" height=\"82\" srcset=\"https:\/\/iact.ipleiria.pt\/files\/2018\/06\/2017_FCT_H_cor-1.png 512w, https:\/\/iact.ipleiria.pt\/files\/2018\/06\/2017_FCT_H_cor-1-150x50.png 150w, https:\/\/iact.ipleiria.pt\/files\/2018\/06\/2017_FCT_H_cor-1-300x101.png 300w, https:\/\/iact.ipleiria.pt\/files\/2018\/06\/2017_FCT_H_cor-1-100x34.png 100w, https:\/\/iact.ipleiria.pt\/files\/2018\/06\/2017_FCT_H_cor-1-180x60.png 180w\" sizes=\"auto, (max-width: 244px) 100vw, 244px\" \/><\/p>\n<p>\u00a0<\/p>\n<p>\u00a0<\/p>\n<p>\u00a0<\/p>\n<p>O ProLearn4ALL | Maletas Pedag\u00f3gicas para TODOS (Projeto CENTRO-01-0145-FEDER-023474) \u00e9 cofinanciado pelo CENTRO 2020 &#8211; Programa Operacional Regional do Centro, no \u00e2mbito do Programa Portugal 2020, apoiado pelo FEDER &#8211; Fundo Europeu de Desenvolvimento Regional, da Uni\u00e3o Europeia.<span class=\"Apple-converted-space\">\u00a0<\/span><\/p>\n<p><span class=\"Apple-converted-space\">\u00a0\u00a0<\/span><\/p>\n","protected":false},"excerpt":{"rendered":"<p>Membros da equipa de projeto Ana Cristina Matos Veiga Meireles (CERCILEI) Carla Sofia Costa Freire (ESECS, CI&amp;DEI, CICS.NOVA.IPLeiria-iACT, Polit\u00e9cnico de Leiria) Catarina Frade Mangas &#8211; Investigadora Respons\u00e1vel (ESECS, CICS.NOVA.IPLeiria-iACT, CI&amp;DEI,<\/p>\n<div class=\"more-link-container\"> [&hellip;]<\/div>\n<p> <span class=\"more-text\">[+]<\/span><\/p>\n","protected":false},"author":5123,"featured_media":0,"parent":0,"menu_order":0,"comment_status":"closed","ping_status":"closed","template":"","meta":{"footnotes":""},"class_list":["post-3679","page","type-page","status-publish","hentry"],"_links":{"self":[{"href":"https:\/\/iact.ipleiria.pt\/en\/wp-json\/wp\/v2\/pages\/3679","targetHints":{"allow":["GET"]}}],"collection":[{"href":"https:\/\/iact.ipleiria.pt\/en\/wp-json\/wp\/v2\/pages"}],"about":[{"href":"https:\/\/iact.ipleiria.pt\/en\/wp-json\/wp\/v2\/types\/page"}],"author":[{"embeddable":true,"href":"https:\/\/iact.ipleiria.pt\/en\/wp-json\/wp\/v2\/users\/5123"}],"replies":[{"embeddable":true,"href":"https:\/\/iact.ipleiria.pt\/en\/wp-json\/wp\/v2\/comments?post=3679"}],"version-history":[{"count":5,"href":"https:\/\/iact.ipleiria.pt\/en\/wp-json\/wp\/v2\/pages\/3679\/revisions"}],"predecessor-version":[{"id":3866,"href":"https:\/\/iact.ipleiria.pt\/en\/wp-json\/wp\/v2\/pages\/3679\/revisions\/3866"}],"wp:attachment":[{"href":"https:\/\/iact.ipleiria.pt\/en\/wp-json\/wp\/v2\/media?parent=3679"}],"curies":[{"name":"wp","href":"https:\/\/api.w.org\/{rel}","templated":true}]}}