{"id":3962,"date":"2020-11-13T13:52:50","date_gmt":"2020-11-13T13:52:50","guid":{"rendered":"http:\/\/iact.ipleiria.pt\/?page_id=3962"},"modified":"2020-11-13T15:13:09","modified_gmt":"2020-11-13T15:13:09","slug":"lca-mostra","status":"publish","type":"page","link":"https:\/\/iact.ipleiria.pt\/en\/lca-mostra\/","title":{"rendered":""},"content":{"rendered":"\n<div class=\"wp-block-group\"><div class=\"wp-block-group__inner-container is-layout-flow wp-block-group-is-layout-flow\">\n<p>Texto<\/p>\n<p>\u00a0<\/p>\n<p>\u00a0<\/p>\n<p><span style=\"color: #999999\"><a href=\"https:\/\/iact.ipleiria.pt\/literatura\/\">Literatura<\/a> | <a href=\"https:\/\/iact.ipleiria.pt\/adaptacao\/\">Adapta\u00e7\u00e3o<\/a> | <a href=\"https:\/\/iact.ipleiria.pt\/experimentacao\/\">Experimenta\u00e7\u00e3o<\/a><\/span><\/p>\n<\/div><\/div>\n\n\n","protected":false},"excerpt":{"rendered":"<p>Texto \u00a0 \u00a0 Literatura | Adapta\u00e7\u00e3o | Experimenta\u00e7\u00e3o <span class=\"more-text\">[+]<\/span><\/p>\n","protected":false},"author":5123,"featured_media":3989,"parent":0,"menu_order":0,"comment_status":"closed","ping_status":"closed","template":"","meta":{"footnotes":""},"class_list":["post-3962","page","type-page","status-publish","has-post-thumbnail","hentry"],"_links":{"self":[{"href":"https:\/\/iact.ipleiria.pt\/en\/wp-json\/wp\/v2\/pages\/3962","targetHints":{"allow":["GET"]}}],"collection":[{"href":"https:\/\/iact.ipleiria.pt\/en\/wp-json\/wp\/v2\/pages"}],"about":[{"href":"https:\/\/iact.ipleiria.pt\/en\/wp-json\/wp\/v2\/types\/page"}],"author":[{"embeddable":true,"href":"https:\/\/iact.ipleiria.pt\/en\/wp-json\/wp\/v2\/users\/5123"}],"replies":[{"embeddable":true,"href":"https:\/\/iact.ipleiria.pt\/en\/wp-json\/wp\/v2\/comments?post=3962"}],"version-history":[{"count":19,"href":"https:\/\/iact.ipleiria.pt\/en\/wp-json\/wp\/v2\/pages\/3962\/revisions"}],"predecessor-version":[{"id":4002,"href":"https:\/\/iact.ipleiria.pt\/en\/wp-json\/wp\/v2\/pages\/3962\/revisions\/4002"}],"wp:featuredmedia":[{"embeddable":true,"href":"https:\/\/iact.ipleiria.pt\/en\/wp-json\/wp\/v2\/media\/3989"}],"wp:attachment":[{"href":"https:\/\/iact.ipleiria.pt\/en\/wp-json\/wp\/v2\/media?parent=3962"}],"curies":[{"name":"wp","href":"https:\/\/api.w.org\/{rel}","templated":true}]}}