{"id":3367,"date":"2018-06-19T17:33:39","date_gmt":"2018-06-19T16:33:39","guid":{"rendered":"http:\/\/iact.ipleiria.pt\/?page_id=3367"},"modified":"2018-06-19T17:36:48","modified_gmt":"2018-06-19T16:36:48","slug":"fatima-acessivel-em-lgp","status":"publish","type":"page","link":"https:\/\/iact.ipleiria.pt\/fatima-acessivel-em-lgp\/","title":{"rendered":"F\u00e1tima Acess\u00edvel em LGP"},"content":{"rendered":"<p><\/p>\n<h2>Projeto F\u00e1tima Acess\u00edvel em L\u00edngua Gestual Portuguesa: um caminho em constru\u00e7\u00e3o<\/h2>\n<p><img loading=\"lazy\" decoding=\"async\" class=\"alignnone wp-image-3369 size-full\" src=\"http:\/\/iact.ipleiria.pt\/files\/2018\/06\/images.jpg\" alt=\"Santu\u00e1rio de F\u00e1tima\" width=\"297\" height=\"170\" srcset=\"https:\/\/iact.ipleiria.pt\/files\/2018\/06\/images.jpg 297w, https:\/\/iact.ipleiria.pt\/files\/2018\/06\/images-150x86.jpg 150w, https:\/\/iact.ipleiria.pt\/files\/2018\/06\/images-100x57.jpg 100w, https:\/\/iact.ipleiria.pt\/files\/2018\/06\/images-180x103.jpg 180w\" sizes=\"auto, (max-width: 297px) 100vw, 297px\" \/><\/p>\n<p>O projeto deu os primeiros passos em maio de 2013, por m\u00e3o da Professora Jos\u00e9lia Neves e por uma equipa liderada por int\u00e9rpretes do iACT (Joana Sousa e Renato Coelho).\u00a0<br \/>\nO primeiro objetivo deste projeto tem como intuito o de interpretar a Missa Dominical das 15h00, na Bas\u00edlica da Sant\u00edssima Trindade, permitindo aos peregrinos surdos o acesso pleno \u00e0 vida cat\u00f3lica, no espa\u00e7o do Santu\u00e1rio de F\u00e1tima. Para al\u00e9m deste objetivo, a equipa de int\u00e9rpretes de LGP tem vindo desde o primeiro momento a reunir-se, quer para prepara\u00e7\u00e3o lingu\u00edstica, quer para uniformiza\u00e7\u00e3o de alguns procedimentos e ritos.\u00a0<br \/>\nA equipa criou um Livro de Estilos procedeu \u00e0 estabiliza\u00e7\u00e3o do \u2018Pai Nosso\u2019 em L\u00edngua Gestual Portuguesa (LGP).\u00a0<br \/>\nA equipa de int\u00e9rpretes de LGP ao servi\u00e7o do Santu\u00e1rio de F\u00e1tima aumentou o seu n\u00famero em maio de 2014, sendo neste momento 12 os int\u00e9rpretes de LGP.<\/p>\n<p>&nbsp;<\/p>\n<p><\/p>","protected":false},"excerpt":{"rendered":"<p>Projeto F\u00e1tima Acess\u00edvel em L\u00edngua Gestual Portuguesa: um caminho em constru\u00e7\u00e3o O projeto deu os primeiros passos em maio de 2013, por m\u00e3o da Professora Jos\u00e9lia Neves e por uma<\/p>\n<div class=\"more-link-container\"> [&hellip;]<\/div>\n<p> <span class=\"more-text\">[+]<\/span><\/p>\n","protected":false},"author":77,"featured_media":0,"parent":0,"menu_order":0,"comment_status":"closed","ping_status":"closed","template":"","meta":{"footnotes":""},"class_list":["post-3367","page","type-page","status-publish","hentry"],"_links":{"self":[{"href":"https:\/\/iact.ipleiria.pt\/wp-json\/wp\/v2\/pages\/3367","targetHints":{"allow":["GET"]}}],"collection":[{"href":"https:\/\/iact.ipleiria.pt\/wp-json\/wp\/v2\/pages"}],"about":[{"href":"https:\/\/iact.ipleiria.pt\/wp-json\/wp\/v2\/types\/page"}],"author":[{"embeddable":true,"href":"https:\/\/iact.ipleiria.pt\/wp-json\/wp\/v2\/users\/77"}],"replies":[{"embeddable":true,"href":"https:\/\/iact.ipleiria.pt\/wp-json\/wp\/v2\/comments?post=3367"}],"version-history":[{"count":2,"href":"https:\/\/iact.ipleiria.pt\/wp-json\/wp\/v2\/pages\/3367\/revisions"}],"predecessor-version":[{"id":3370,"href":"https:\/\/iact.ipleiria.pt\/wp-json\/wp\/v2\/pages\/3367\/revisions\/3370"}],"wp:attachment":[{"href":"https:\/\/iact.ipleiria.pt\/wp-json\/wp\/v2\/media?parent=3367"}],"curies":[{"name":"wp","href":"https:\/\/api.w.org\/{rel}","templated":true}]}}