{"id":3573,"date":"2020-06-30T10:58:16","date_gmt":"2020-06-30T09:58:16","guid":{"rendered":"http:\/\/iact.ipleiria.pt\/?page_id=3573"},"modified":"2020-07-08T16:08:25","modified_gmt":"2020-07-08T15:08:25","slug":"projeto-de-investigacao","status":"publish","type":"page","link":"https:\/\/iact.ipleiria.pt\/projeto-de-investigacao\/","title":{"rendered":"Projeto de investiga\u00e7\u00e3o"},"content":{"rendered":"<p><img loading=\"lazy\" decoding=\"async\" class=\"alignnone  wp-image-3438\" src=\"http:\/\/iact.ipleiria.pt\/files\/2020\/06\/LOGO-ProLearn4All-g-680x247.jpg\" alt=\"\" width=\"446\" height=\"162\" srcset=\"https:\/\/iact.ipleiria.pt\/files\/2020\/06\/LOGO-ProLearn4All-g-680x247.jpg 680w, https:\/\/iact.ipleiria.pt\/files\/2020\/06\/LOGO-ProLearn4All-g-300x109.jpg 300w, https:\/\/iact.ipleiria.pt\/files\/2020\/06\/LOGO-ProLearn4All-g-150x54.jpg 150w, https:\/\/iact.ipleiria.pt\/files\/2020\/06\/LOGO-ProLearn4All-g-768x278.jpg 768w, https:\/\/iact.ipleiria.pt\/files\/2020\/06\/LOGO-ProLearn4All-g-1536x557.jpg 1536w, https:\/\/iact.ipleiria.pt\/files\/2020\/06\/LOGO-ProLearn4All-g-2048x742.jpg 2048w, https:\/\/iact.ipleiria.pt\/files\/2020\/06\/LOGO-ProLearn4All-g-100x36.jpg 100w, https:\/\/iact.ipleiria.pt\/files\/2020\/06\/LOGO-ProLearn4All-g-180x65.jpg 180w\" sizes=\"auto, (max-width: 446px) 100vw, 446px\" \/><\/p>\n<p>Embora o <strong>respeito e aceita\u00e7\u00e3o pela diferen\u00e7a<\/strong> sejam conceitos prementes na sociedade atual, continuam a persistir situa\u00e7\u00f5es de exclus\u00e3o para com as pessoas com defici\u00eancia ou com algum tipo de limita\u00e7\u00e3o. <strong>Aumentando o conhecimento das crian\u00e7as sobre as caracter\u00edsticas da defici\u00eancia<\/strong>, e estando estas num momento prop\u00edcio \u00e0 assimila\u00e7\u00e3o de novas informa\u00e7\u00f5es e experi\u00eancias, acreditamos que estamos a contribuir para educar melhores cidad\u00e3os que ir\u00e3o crescer <strong>fomentando h\u00e1bitos e atitudes de inclus\u00e3o<\/strong>.<\/p>\n<p>Partindo destes princ\u00edpios, o Centro de Investiga\u00e7\u00e3o em Inclus\u00e3o e Acessibilidade em A\u00e7\u00e3o (iACT) preparou, em 2016, a candidatura de um projeto de Investiga\u00e7\u00e3o Cient\u00edfica e Desenvolvimento Tecnol\u00f3gico (IC&amp;DT), o qual foi submetido pelo Polit\u00e9cnico de Leiria ao Fundo Europeu de Desenvolvimento Regional (FEDER), no \u00e2mbito do Programa Portugal 2020 &#8211; Programa Operacional Regional do Centro (CENTRO2020), com o apoio da Funda\u00e7\u00e3o para a Ci\u00eancia e Tecnologia (FCT) &#8211; Minist\u00e9rio da Ci\u00eancia, Tecnologia e Ensino Superior. O financiamento do projeto foi aprovado, o que permitiu o desenvolvimento do ProLearn4ALL, entre outubro de 2017 e outubro de 2019.<\/p>\n<p>\u00a0<\/p>\n<p>Projeto cofinanciado pelo FEDER \u2013 Fundo Europeu de Desenvolvimento Regional, no \u00e2mbito do Programa Portugal 2020, atrav\u00e9s do CENTRO2020 &#8211; Programa Operacional Regional do Centro.<\/p>\n<p><img loading=\"lazy\" decoding=\"async\" class=\"alignleft size-large wp-image-3904\" src=\"http:\/\/iact.ipleiria.pt\/files\/2020\/07\/barra-logotipos-financiamento-e1594220473405-680x171.jpg\" alt=\"\" width=\"680\" height=\"171\" srcset=\"https:\/\/iact.ipleiria.pt\/files\/2020\/07\/barra-logotipos-financiamento-e1594220473405-680x171.jpg 680w, https:\/\/iact.ipleiria.pt\/files\/2020\/07\/barra-logotipos-financiamento-e1594220473405-300x76.jpg 300w, https:\/\/iact.ipleiria.pt\/files\/2020\/07\/barra-logotipos-financiamento-e1594220473405-150x38.jpg 150w, https:\/\/iact.ipleiria.pt\/files\/2020\/07\/barra-logotipos-financiamento-e1594220473405-768x194.jpg 768w, https:\/\/iact.ipleiria.pt\/files\/2020\/07\/barra-logotipos-financiamento-e1594220473405-100x25.jpg 100w, https:\/\/iact.ipleiria.pt\/files\/2020\/07\/barra-logotipos-financiamento-e1594220473405-180x45.jpg 180w, https:\/\/iact.ipleiria.pt\/files\/2020\/07\/barra-logotipos-financiamento-e1594220473405.jpg 1134w\" sizes=\"auto, (max-width: 680px) 100vw, 680px\" \/><\/p>\n<p>\u00a0<\/p>","protected":false},"excerpt":{"rendered":"<p>Embora o respeito e aceita\u00e7\u00e3o pela diferen\u00e7a sejam conceitos prementes na sociedade atual, continuam a persistir situa\u00e7\u00f5es de exclus\u00e3o para com as pessoas com defici\u00eancia ou com algum tipo de<\/p>\n<div class=\"more-link-container\"> [&hellip;]<\/div>\n<p> <span class=\"more-text\">[+]<\/span><\/p>\n","protected":false},"author":5123,"featured_media":0,"parent":0,"menu_order":0,"comment_status":"closed","ping_status":"closed","template":"","meta":{"footnotes":""},"class_list":["post-3573","page","type-page","status-publish","hentry"],"_links":{"self":[{"href":"https:\/\/iact.ipleiria.pt\/wp-json\/wp\/v2\/pages\/3573","targetHints":{"allow":["GET"]}}],"collection":[{"href":"https:\/\/iact.ipleiria.pt\/wp-json\/wp\/v2\/pages"}],"about":[{"href":"https:\/\/iact.ipleiria.pt\/wp-json\/wp\/v2\/types\/page"}],"author":[{"embeddable":true,"href":"https:\/\/iact.ipleiria.pt\/wp-json\/wp\/v2\/users\/5123"}],"replies":[{"embeddable":true,"href":"https:\/\/iact.ipleiria.pt\/wp-json\/wp\/v2\/comments?post=3573"}],"version-history":[{"count":16,"href":"https:\/\/iact.ipleiria.pt\/wp-json\/wp\/v2\/pages\/3573\/revisions"}],"predecessor-version":[{"id":3931,"href":"https:\/\/iact.ipleiria.pt\/wp-json\/wp\/v2\/pages\/3573\/revisions\/3931"}],"wp:attachment":[{"href":"https:\/\/iact.ipleiria.pt\/wp-json\/wp\/v2\/media?parent=3573"}],"curies":[{"name":"wp","href":"https:\/\/api.w.org\/{rel}","templated":true}]}}