{"id":3580,"date":"2020-06-30T11:03:57","date_gmt":"2020-06-30T10:03:57","guid":{"rendered":"http:\/\/iact.ipleiria.pt\/?page_id=3580"},"modified":"2020-07-08T16:07:23","modified_gmt":"2020-07-08T15:07:23","slug":"objetivos-e-equipa","status":"publish","type":"page","link":"https:\/\/iact.ipleiria.pt\/objetivos-e-equipa\/","title":{"rendered":"Objetivos e parceiros"},"content":{"rendered":"\n<p>O ProLearn4ALL tem o intuito de aumentar a consci\u00eancia das crian\u00e7as do 1\u00ba Ciclo do Ensino B\u00e1sico (CEB) para a aceita\u00e7\u00e3o da diferen\u00e7a, atrav\u00e9s de recursos l\u00fadico-pedag\u00f3gicos, reunidos numa maleta, que d\u00e3o a conhecer os principais dom\u00ednios da defici\u00eancia (auditivo, intelectual, motor e visual).<\/p>\n<p>\u00a0<\/p>\n<p><img loading=\"lazy\" decoding=\"async\" class=\"alignleft size-large wp-image-3506\" src=\"http:\/\/iact.ipleiria.pt\/files\/2020\/06\/20190613_104030-680x383.jpg\" alt=\"\" width=\"680\" height=\"383\" srcset=\"https:\/\/iact.ipleiria.pt\/files\/2020\/06\/20190613_104030-680x383.jpg 680w, https:\/\/iact.ipleiria.pt\/files\/2020\/06\/20190613_104030-300x169.jpg 300w, https:\/\/iact.ipleiria.pt\/files\/2020\/06\/20190613_104030-150x84.jpg 150w, https:\/\/iact.ipleiria.pt\/files\/2020\/06\/20190613_104030-768x432.jpg 768w, https:\/\/iact.ipleiria.pt\/files\/2020\/06\/20190613_104030-1536x864.jpg 1536w, https:\/\/iact.ipleiria.pt\/files\/2020\/06\/20190613_104030-2048x1152.jpg 2048w, https:\/\/iact.ipleiria.pt\/files\/2020\/06\/20190613_104030-100x56.jpg 100w, https:\/\/iact.ipleiria.pt\/files\/2020\/06\/20190613_104030-180x101.jpg 180w\" sizes=\"auto, (max-width: 680px) 100vw, 680px\" \/><\/p>\n<h1><strong>Objetivos espec\u00edficos<\/strong><\/h1>\n<ul>\n<li>Apresentar caracter\u00edsticas espec\u00edficas de pessoas com defici\u00eancia;<\/li>\n<li>Permitir, \u00e0s crian\u00e7as, a aplica\u00e7\u00e3o pr\u00e1tica dos conhecimentos adquiridos;<\/li>\n<li>Sensibilizar as crian\u00e7as para os quatro dom\u00ednios da defici\u00eancia;<\/li>\n<li>Mudar atitudes e comportamentos das crian\u00e7as, face a pessoas com defici\u00eancia;<\/li>\n<li>Potenciar as capacidades de TODOS.<\/li>\n<\/ul>\n<p>\u00a0<\/p>\n<h2><strong>Equipa<\/strong><\/h2>\n<p>Atrav\u00e9s de uma plataforma de trabalho colaborativo foi poss\u00edvel interligar diversas \u00e1reas disciplinares (Educa\u00e7\u00e3o + Design + Inclus\u00e3o), permitindo desenvolver din\u00e2micas de reflex\u00e3o sobre os processos de ensino-aprendizagem. O ProLearn4ALL, alicer\u00e7ado numa metodologia de investiga\u00e7\u00e3o baseada em problemas, permitiu a troca de conhecimentos e experi\u00eancias entre diversos atores do contexto educativo e da comunidade regional (docentes, investigadores, t\u00e9cnicos e estudantes de diversos n\u00edveis de Ensino Superior).<\/p>\n<p>\u00a0<\/p>\n<h3><strong>Promotor<\/strong><\/h3>\n<p>Polit\u00e9cnico de Leiria<\/p>\n<p>O Polit\u00e9cnico de Leiria \u00e9 uma institui\u00e7\u00e3o p\u00fablica de Ensino Superior comprometida com a forma\u00e7\u00e3o integral dos cidad\u00e3os, a aprendizagem ao longo da vida, a investiga\u00e7\u00e3o, a difus\u00e3o e transfer\u00eancia do conhecimento e cultura, a qualidade e a inova\u00e7\u00e3o. Promove ativamente o desenvolvimento regional e nacional e a internacionaliza\u00e7\u00e3o. Valoriza a inclus\u00e3o, a coopera\u00e7\u00e3o, a responsabilidade, a criatividade e o esp\u00edrito cr\u00edtico e empreendedor.<\/p>\n<h4><strong>Entidades:<\/strong><\/h4>\n<p>Observat\u00f3rio da Inclus\u00e3o e Acessibilidade em A\u00e7\u00e3o (iACT) do Centro Interdisciplinar em Ci\u00eancias Sociais (CICS.NOVA.IPLeiria)<\/p>\n<p>Laborat\u00f3rio de Investiga\u00e7\u00e3o em Design e Artes (LIDA)<\/p>\n<p>Escola Superior de Educa\u00e7\u00e3o e Ci\u00eancias Sociais (ESECS)<\/p>\n<p>Escola Superior de Artes e Design (ESAD.CR)<\/p>\n<p>\u00a0<\/p>\n<h5><strong>Parceiros<\/strong><\/h5>\n<p>Polit\u00e9cnico de Coimbra<\/p>\n<p>O Polit\u00e9cnico de Coimbra tem como miss\u00e3o formar profissionais de qualidade, aptos para as exig\u00eancias do mercado de trabalho, fortemente conhecedores da tecnologia necess\u00e1ria e da ci\u00eancia a usar, mas, sobretudo, profissionais cultos e humanamente respons\u00e1veis, capazes de resolver problemas, de estudar e investigar solu\u00e7\u00f5es e de partilhar saber, trocando ideias com os seus cong\u00e9neres pelo mundo.<\/p>\n<p><strong>Entidade:<\/strong> Escola Superior de Educa\u00e7\u00e3o de Coimbra (ESEC)<\/p>\n<p>\u00a0<\/p>\n<p>Cooperativa de Ensino e Reabilita\u00e7\u00e3o de cidad\u00e3os inadaptados de Leiria \u2013 CERCILEI<\/p>\n<p>A CERCILEI pretende promover a educa\u00e7\u00e3o, reabilita\u00e7\u00e3o e inclus\u00e3o socioprofissional da pessoa com defici\u00eancia, potenciando o exerc\u00edcio da cidadania atrav\u00e9s da confidencialidade, rigor, privacidade, integridade, solidariedade e responsabilidade.\u00a0<\/p>\n<p><strong>Entidade:<\/strong> Centro de Integra\u00e7\u00e3o e Forma\u00e7\u00e3o Socioprofissional (CINFORM)<\/p>\n<p>\u00a0<\/p>\n<p>Munic\u00edpio de Leiria<\/p>\n<p>O Munic\u00edpio de Leiria define e executa pol\u00edticas tendo em vista a defesa dos interesses e a satisfa\u00e7\u00e3o das necessidades e expetativas da popula\u00e7\u00e3o local, promovendo o crescimento do Concelho e atuando em \u00e1reas estrat\u00e9gicas como o desenvolvimento, transportes e comunica\u00e7\u00f5es, a\u00e7\u00e3o social e habita\u00e7\u00e3o, tempos livres e desporto, ambiente, sa\u00fade, equipamentos rurais e urbanos, ordenamento do territ\u00f3rio e urbanismo, educa\u00e7\u00e3o, patrim\u00f3nio e cultura.<\/p>\n<p>\u00a0<\/p>\n<p>Projeto cofinanciado pelo FEDER \u2013 Fundo Europeu de Desenvolvimento Regional, no \u00e2mbito do Programa Portugal 2020, atrav\u00e9s do CENTRO2020 &#8211; Programa Operacional Regional do Centro.<\/p>\n<p><img loading=\"lazy\" decoding=\"async\" class=\"alignleft size-large wp-image-3904\" src=\"http:\/\/iact.ipleiria.pt\/files\/2020\/07\/barra-logotipos-financiamento-e1594220473405-680x171.jpg\" alt=\"\" width=\"680\" height=\"171\" srcset=\"https:\/\/iact.ipleiria.pt\/files\/2020\/07\/barra-logotipos-financiamento-e1594220473405-680x171.jpg 680w, https:\/\/iact.ipleiria.pt\/files\/2020\/07\/barra-logotipos-financiamento-e1594220473405-300x76.jpg 300w, https:\/\/iact.ipleiria.pt\/files\/2020\/07\/barra-logotipos-financiamento-e1594220473405-150x38.jpg 150w, https:\/\/iact.ipleiria.pt\/files\/2020\/07\/barra-logotipos-financiamento-e1594220473405-768x194.jpg 768w, https:\/\/iact.ipleiria.pt\/files\/2020\/07\/barra-logotipos-financiamento-e1594220473405-100x25.jpg 100w, https:\/\/iact.ipleiria.pt\/files\/2020\/07\/barra-logotipos-financiamento-e1594220473405-180x45.jpg 180w, https:\/\/iact.ipleiria.pt\/files\/2020\/07\/barra-logotipos-financiamento-e1594220473405.jpg 1134w\" sizes=\"auto, (max-width: 680px) 100vw, 680px\" \/><\/p>\n","protected":false},"excerpt":{"rendered":"<p>O ProLearn4ALL tem o intuito de aumentar a consci\u00eancia das crian\u00e7as do 1\u00ba Ciclo do Ensino B\u00e1sico (CEB) para a aceita\u00e7\u00e3o da diferen\u00e7a, atrav\u00e9s de recursos l\u00fadico-pedag\u00f3gicos, reunidos numa maleta,<\/p>\n<div class=\"more-link-container\"> [&hellip;]<\/div>\n<p> <span class=\"more-text\">[+]<\/span><\/p>\n","protected":false},"author":5123,"featured_media":0,"parent":0,"menu_order":0,"comment_status":"closed","ping_status":"closed","template":"","meta":{"footnotes":""},"class_list":["post-3580","page","type-page","status-publish","hentry"],"_links":{"self":[{"href":"https:\/\/iact.ipleiria.pt\/wp-json\/wp\/v2\/pages\/3580","targetHints":{"allow":["GET"]}}],"collection":[{"href":"https:\/\/iact.ipleiria.pt\/wp-json\/wp\/v2\/pages"}],"about":[{"href":"https:\/\/iact.ipleiria.pt\/wp-json\/wp\/v2\/types\/page"}],"author":[{"embeddable":true,"href":"https:\/\/iact.ipleiria.pt\/wp-json\/wp\/v2\/users\/5123"}],"replies":[{"embeddable":true,"href":"https:\/\/iact.ipleiria.pt\/wp-json\/wp\/v2\/comments?post=3580"}],"version-history":[{"count":10,"href":"https:\/\/iact.ipleiria.pt\/wp-json\/wp\/v2\/pages\/3580\/revisions"}],"predecessor-version":[{"id":3927,"href":"https:\/\/iact.ipleiria.pt\/wp-json\/wp\/v2\/pages\/3580\/revisions\/3927"}],"wp:attachment":[{"href":"https:\/\/iact.ipleiria.pt\/wp-json\/wp\/v2\/media?parent=3580"}],"curies":[{"name":"wp","href":"https:\/\/api.w.org\/{rel}","templated":true}]}}